{"id":10,"date":"2019-11-23T19:13:42","date_gmt":"2019-11-23T17:13:42","guid":{"rendered":"http:\/\/tepish.net\/BB\/?page_id=10"},"modified":"2023-04-12T10:03:32","modified_gmt":"2023-04-12T07:03:32","slug":"tepish-net-big-brother-fanisivut","status":"publish","type":"page","link":"https:\/\/tepish.net\/BB\/","title":{"rendered":"tepish.net Big Brother fanisivut"},"content":{"rendered":"\t\t<div data-elementor-type=\"wp-page\" data-elementor-id=\"10\" class=\"elementor elementor-10\" data-elementor-settings=\"[]\">\n\t\t\t\t\t\t<div class=\"elementor-inner\">\n\t\t\t\t\t\t\t<div class=\"elementor-section-wrap\">\n\t\t\t\t\t\t\t<section class=\"elementor-section elementor-top-section elementor-element elementor-element-3a3b775 elementor-section-boxed elementor-section-height-default elementor-section-height-default\" data-id=\"3a3b775\" data-element_type=\"section\">\n\t\t\t\t\t\t<div class=\"elementor-container elementor-column-gap-default\">\n\t\t\t\t\t\t\t<div class=\"elementor-row\">\n\t\t\t\t\t<div class=\"elementor-column elementor-col-100 elementor-top-column elementor-element elementor-element-6163051\" data-id=\"6163051\" data-element_type=\"column\">\n\t\t\t<div class=\"elementor-column-wrap elementor-element-populated\">\n\t\t\t\t\t\t\t<div class=\"elementor-widget-wrap\">\n\t\t\t\t\t\t<div class=\"elementor-element elementor-element-6d7233d elementor-widget elementor-widget-heading\" data-id=\"6d7233d\" data-element_type=\"widget\" data-widget_type=\"heading.default\">\n\t\t\t\t<div class=\"elementor-widget-container\">\n\t\t\t<h2 class=\"elementor-heading-title elementor-size-default\">TERVETULOA<\/h2>\t\t<\/div>\n\t\t\t\t<\/div>\n\t\t\t\t<div class=\"elementor-element elementor-element-d5ed258 elementor-widget-divider--view-line_text elementor-widget-divider--separator-type-pattern elementor-widget-divider--no-spacing elementor-widget-divider--element-align-center elementor-widget elementor-widget-divider\" data-id=\"d5ed258\" data-element_type=\"widget\" data-widget_type=\"divider.default\">\n\t\t\t\t<div class=\"elementor-widget-container\">\n\t\t\t\t\t<div class=\"elementor-divider\" style=\"--divider-pattern-url: url(&quot;data:image\/svg+xml,%3Csvg xmlns=&#039;http:\/\/www.w3.org\/2000\/svg&#039; preserveAspectRatio=&#039;xMidYMid meet&#039; overflow=&#039;visible&#039; height=&#039;100%&#039; viewBox=&#039;0 0 126 26&#039; fill=&#039;black&#039; stroke=&#039;none&#039;%3E%3Cpath d=&#039;M3,10.2c2.6,0,2.6,2,2.6,3.2S4.4,16.5,3,16.5s-3-1.4-3-3.2S0.4,10.2,3,10.2z M18.8,10.2c1.7,0,3.2,1.4,3.2,3.2s-1.4,3.2-3.2,3.2c-1.7,0-3.2-1.4-3.2-3.2S17,10.2,18.8,10.2z M34.6,10.2c1.5,0,2.6,1.4,2.6,3.2s-0.5,3.2-1.9,3.2c-1.5,0-3.4-1.4-3.4-3.2S33.1,10.2,34.6,10.2z M50.5,10.2c1.7,0,3.2,1.4,3.2,3.2s-1.4,3.2-3.2,3.2c-1.7,0-3.3-0.9-3.3-2.6S48.7,10.2,50.5,10.2z M66.2,10.2c1.5,0,3.4,1.4,3.4,3.2s-1.9,3.2-3.4,3.2c-1.5,0-2.6-0.4-2.6-2.1S64.8,10.2,66.2,10.2z M82.2,10.2c1.7,0.8,2.6,1.4,2.6,3.2s-0.1,3.2-1.6,3.2c-1.5,0-3.7-1.4-3.7-3.2S80.5,9.4,82.2,10.2zM98.6,10.2c1.5,0,2.6,0.4,2.6,2.1s-1.2,4.2-2.6,4.2c-1.5,0-3.7-0.4-3.7-2.1S97.1,10.2,98.6,10.2z M113.4,10.2c1.2,0,2.2,0.9,2.2,3.2s-0.1,3.2-1.3,3.2s-3.1-1.4-3.1-3.2S112.2,10.2,113.4,10.2z&#039;\/%3E%3C\/svg%3E&quot;);\">\n\t\t\t<span class=\"elementor-divider-separator\">\n\t\t\t\t\t\t\t<span class=\"elementor-divider__text elementor-divider__element\">\n\t\t\t\tSEURAAVA BB-SUOMI ALKAA:\t\t\t\t<\/span>\n\t\t\t\t\t\t<\/span>\n\t\t<\/div>\n\t\t\t\t<\/div>\n\t\t\t\t<\/div>\n\t\t\t\t<div class=\"elementor-element elementor-element-3c4342e elementor-widget elementor-widget-text-editor\" data-id=\"3c4342e\" data-element_type=\"widget\" data-widget_type=\"text-editor.default\">\n\t\t\t\t<div class=\"elementor-widget-container\">\n\t\t\t\t\t\t\t\t<div class=\"elementor-text-editor elementor-clearfix\">\n\t\t\t\t<p>BIG BROTHER SUOMI &#8230;<\/p><p>ON TAUOLLA SYKSYLL\u00c4 2023, MUTTA..<\/p><p>ISOVELI PALAA ASIAAN UUDISTETUSSA MUODOSSA (<a href=\"https:\/\/www.iltalehti.fi\/viihdeuutiset\/a\/46a40e19-92cb-4047-9fae-e6282e5f9236\">KERTOO ILTALEHTI<\/a>)<\/p>\t\t\t\t\t<\/div>\n\t\t\t\t\t\t<\/div>\n\t\t\t\t<\/div>\n\t\t\t\t<div class=\"elementor-element elementor-element-c7599c9 elementor-widget elementor-widget-text-editor\" data-id=\"c7599c9\" data-element_type=\"widget\" data-widget_type=\"text-editor.default\">\n\t\t\t\t<div class=\"elementor-widget-container\">\n\t\t\t\t\t\t\t\t<div class=\"elementor-text-editor elementor-clearfix\">\n\t\t\t\t<p><b>SYKSY 2023 EI OLE SILTI T\u00c4YSIN ILMAN RELITY\u00c4! ISO UUTINEN ON SE, ETT\u00c4 AMAZING RACE SEIKKAILU REALITY TUODAAN SUOMALAISEEN VERSIOON, JOKA ON HYV\u00c4 ASIA JOS SE TEHD\u00c4\u00c4N KUNNOLLA (ITSE PID\u00c4N AMERIKKALAISESTA VERSIOSTA, SIT\u00c4 TYKK\u00c4\u00c4 KATSELLA KAUDESTA TOISEEN).<\/b><\/p><p><b>TOINEN REALITY UUTINEN OLI SE, ETT\u00c4 TULOSSA ON THE TRAITORS REALITY, JOSSA AINAKIN INTERNETIN MUKAAN VAIKUTTAISI OLEVAN HYVINKIN MIELENKIINTOINEN JUONI.<\/b><\/p>\t\t\t\t\t<\/div>\n\t\t\t\t\t\t<\/div>\n\t\t\t\t<\/div>\n\t\t\t\t<div class=\"elementor-element elementor-element-9d356e2 elementor-widget elementor-widget-eael-creative-button\" data-id=\"9d356e2\" data-element_type=\"widget\" data-widget_type=\"eael-creative-button.default\">\n\t\t\t\t<div class=\"elementor-widget-container\">\n\t\t\t        <div class=\"eael-creative-button-wrapper\">\n\n            <a class=\"eael-creative-button eael-creative-button--default\" href=\"https:\/\/bb.tepish.net\/22\/\" data-text=\"\">\n\n                <div class=\"creative-button-inner\">\n\n                                            <span class=\"eael-creative-button-icon-left\"><i aria-hidden=\"true\" class=\"fas fa-eye\"><\/i><\/span>                    \n                    <span class=\"cretive-button-text\">2022 SIVUSTO<\/span>\n\n                                    <\/div>\n            <\/a>\n        <\/div>\n\t\t<\/div>\n\t\t\t\t<\/div>\n\t\t\t\t<div class=\"elementor-element elementor-element-fb0305b elementor-widget-divider--view-line_icon elementor-widget-divider--separator-type-pattern elementor-widget-divider--no-spacing elementor-view-default elementor-widget-divider--element-align-center elementor-widget elementor-widget-divider\" data-id=\"fb0305b\" data-element_type=\"widget\" data-widget_type=\"divider.default\">\n\t\t\t\t<div class=\"elementor-widget-container\">\n\t\t\t\t\t<div class=\"elementor-divider\" style=\"--divider-pattern-url: url(&quot;data:image\/svg+xml,%3Csvg xmlns=&#039;http:\/\/www.w3.org\/2000\/svg&#039; preserveAspectRatio=&#039;xMidYMid meet&#039; overflow=&#039;visible&#039; height=&#039;100%&#039; viewBox=&#039;0 0 126 26&#039; fill=&#039;black&#039; stroke=&#039;none&#039;%3E%3Cpath d=&#039;M3,10.2c2.6,0,2.6,2,2.6,3.2S4.4,16.5,3,16.5s-3-1.4-3-3.2S0.4,10.2,3,10.2z M18.8,10.2c1.7,0,3.2,1.4,3.2,3.2s-1.4,3.2-3.2,3.2c-1.7,0-3.2-1.4-3.2-3.2S17,10.2,18.8,10.2z M34.6,10.2c1.5,0,2.6,1.4,2.6,3.2s-0.5,3.2-1.9,3.2c-1.5,0-3.4-1.4-3.4-3.2S33.1,10.2,34.6,10.2z M50.5,10.2c1.7,0,3.2,1.4,3.2,3.2s-1.4,3.2-3.2,3.2c-1.7,0-3.3-0.9-3.3-2.6S48.7,10.2,50.5,10.2z M66.2,10.2c1.5,0,3.4,1.4,3.4,3.2s-1.9,3.2-3.4,3.2c-1.5,0-2.6-0.4-2.6-2.1S64.8,10.2,66.2,10.2z M82.2,10.2c1.7,0.8,2.6,1.4,2.6,3.2s-0.1,3.2-1.6,3.2c-1.5,0-3.7-1.4-3.7-3.2S80.5,9.4,82.2,10.2zM98.6,10.2c1.5,0,2.6,0.4,2.6,2.1s-1.2,4.2-2.6,4.2c-1.5,0-3.7-0.4-3.7-2.1S97.1,10.2,98.6,10.2z M113.4,10.2c1.2,0,2.2,0.9,2.2,3.2s-0.1,3.2-1.3,3.2s-3.1-1.4-3.1-3.2S112.2,10.2,113.4,10.2z&#039;\/%3E%3C\/svg%3E&quot;);\">\n\t\t\t<span class=\"elementor-divider-separator\">\n\t\t\t\t\t\t\t<div class=\"elementor-icon elementor-divider__element\">\n\t\t\t\t\t<i aria-hidden=\"true\" class=\"far fa-eye\"><\/i><\/div>\n\t\t\t\t\t\t<\/span>\n\t\t<\/div>\n\t\t\t\t<\/div>\n\t\t\t\t<\/div>\n\t\t\t\t<div class=\"elementor-element elementor-element-8eb5ae6 elementor-widget elementor-widget-heading\" data-id=\"8eb5ae6\" data-element_type=\"widget\" data-widget_type=\"heading.default\">\n\t\t\t\t<div class=\"elementor-widget-container\">\n\t\t\t<h2 class=\"elementor-heading-title elementor-size-default\">Tepish.net fanisivuille<\/h2>\t\t<\/div>\n\t\t\t\t<\/div>\n\t\t\t\t<div class=\"elementor-element elementor-element-fec3d80 elementor-widget elementor-widget-text-editor\" data-id=\"fec3d80\" data-element_type=\"widget\" data-widget_type=\"text-editor.default\">\n\t\t\t\t<div class=\"elementor-widget-container\">\n\t\t\t\t\t\t\t\t<div class=\"elementor-text-editor elementor-clearfix\">\n\t\t\t\t<h4><b>N\u00e4m\u00e4 sivut ovat omistettu television tositv (reality) ohjelmalle nimelt\u00e4\u00e4n Big Brother.<\/b><\/h4><p>Tositv ohjelmissa &#8221;tavalliset&#8221; ihmiset (eli yleens\u00e4 ei n\u00e4yttelij\u00e4t tai muutoin julkiset ihmiset, lukuunottamatta julkkis versioita) osallistuvat ohjelmantekemiseen ja antavat oman persoonansa tv-katsojien silmien alle. Tositv formaatteja on useita Selviytyjist\u00e4 viettelev\u00e4\u00e4n Temptation islandiin, sek\u00e4 ohjelmia itse\u00e4\u00e4n katsoviin Sohvaperunoihin. N\u00e4ill\u00e4 sivuilla k\u00e4sitell\u00e4\u00e4n reality j\u00e4ttil\u00e4ist\u00e4 ja ehk\u00e4p\u00e4 kaikkien realityjen isovelje\u00e4, siis Big Brotheria.<\/p>\t\t\t\t\t<\/div>\n\t\t\t\t\t\t<\/div>\n\t\t\t\t<\/div>\n\t\t\t\t\t\t<\/div>\n\t\t\t\t\t<\/div>\n\t\t<\/div>\n\t\t\t\t\t\t\t\t<\/div>\n\t\t\t\t\t<\/div>\n\t\t<\/section>\n\t\t\t\t<section class=\"elementor-section elementor-top-section elementor-element elementor-element-3d00559 elementor-section-boxed elementor-section-height-default elementor-section-height-default\" data-id=\"3d00559\" data-element_type=\"section\">\n\t\t\t\t\t\t<div class=\"elementor-container elementor-column-gap-default\">\n\t\t\t\t\t\t\t<div class=\"elementor-row\">\n\t\t\t\t\t<div class=\"elementor-column elementor-col-100 elementor-top-column elementor-element elementor-element-76fd2b6\" data-id=\"76fd2b6\" data-element_type=\"column\">\n\t\t\t<div class=\"elementor-column-wrap elementor-element-populated\">\n\t\t\t\t\t\t\t<div class=\"elementor-widget-wrap\">\n\t\t\t\t\t\t<div class=\"elementor-element elementor-element-17b102b elementor-widget elementor-widget-text-editor\" data-id=\"17b102b\" data-element_type=\"widget\" data-widget_type=\"text-editor.default\">\n\t\t\t\t<div class=\"elementor-widget-container\">\n\t\t\t\t\t\t\t\t<div class=\"elementor-text-editor elementor-clearfix\">\n\t\t\t\t<h3 style=\"font-style: normal;\"><span style=\"font-weight: bold;\">SIVUSTON TOIMMINNASTA<\/span><\/h3>\t\t\t\t\t<\/div>\n\t\t\t\t\t\t<\/div>\n\t\t\t\t<\/div>\n\t\t\t\t<div class=\"elementor-element elementor-element-d4fa7aa elementor-widget elementor-widget-text-editor\" data-id=\"d4fa7aa\" data-element_type=\"widget\" data-widget_type=\"text-editor.default\">\n\t\t\t\t<div class=\"elementor-widget-container\">\n\t\t\t\t\t\t\t\t<div class=\"elementor-text-editor elementor-clearfix\">\n\t\t\t\t<h3 style=\"font-style: normal; color: rgb(64, 84, 178);\"><span style=\"font-size: 14px;\">Sivusto toimii siten, ett\u00e4 ylh\u00e4\u00e4ll\u00e4 olevassa valikossa l\u00f6ytyy yleist\u00e4 asiaa formaatista ja sivustojen yll\u00e4pit\u00e4j\u00e4st\u00e4. Sivulla (Mobiilissa sivunalaosa) logon alla l\u00f6ytyy &#8221;PORTAALI&#8221; osio, jossa on listattuna kaikki tepish.net BB-suomi sivut. Ylimm\u00e4inen linkki vie t\u00e4h\u00e4n etusivulle, eli on t\u00e4m\u00e4n sivuston linkki, muut ovat j\u00e4rjest\u00e4en tuoreusj\u00e4rjestyksess\u00e4 (uusin ylh\u00e4\u00e4ll\u00e4 vanhin alhaalla) ja foorumi sivu l\u00f6ytyy kaikkein alimpana. Historiaa sivusto ei ole viel\u00e4 valmis, joten sit\u00e4 klikkaamalla p\u00e4\u00e4tyy niin ik\u00e4\u00e4n t\u00e4h\u00e4n etusivulle.<\/span><\/h3>\t\t\t\t\t<\/div>\n\t\t\t\t\t\t<\/div>\n\t\t\t\t<\/div>\n\t\t\t\t<div class=\"elementor-element elementor-element-d4b50b5 elementor-widget-divider--view-line elementor-widget elementor-widget-divider\" data-id=\"d4b50b5\" data-element_type=\"widget\" data-widget_type=\"divider.default\">\n\t\t\t\t<div class=\"elementor-widget-container\">\n\t\t\t\t\t<div class=\"elementor-divider\">\n\t\t\t<span class=\"elementor-divider-separator\">\n\t\t\t\t\t\t<\/span>\n\t\t<\/div>\n\t\t\t\t<\/div>\n\t\t\t\t<\/div>\n\t\t\t\t<div class=\"elementor-element elementor-element-1b3ad8a elementor-widget elementor-widget-text-editor\" data-id=\"1b3ad8a\" data-element_type=\"widget\" data-widget_type=\"text-editor.default\">\n\t\t\t\t<div class=\"elementor-widget-container\">\n\t\t\t\t\t\t\t\t<div class=\"elementor-text-editor elementor-clearfix\">\n\t\t\t\t<h3><strong style=\"font-family: 'Lucida Sans Unicode', 'Lucida Grande', sans-serif; font-size: 2.2rem;\">Huomatkaa se, ett\u00e4 sivustot aukeavat t\u00e4m\u00e4n sivun p\u00e4\u00e4lle, eli t\u00e4nne palaaminen vaatii klikkaamista portaali sivu linkki\u00e4 tai suoraa osoitetta\u00a0<a style=\"font-size: 14px;\" href=\"https:\/\/tepish.net\/BB\">https:\/\/tepish.net\/BB<\/a>!<\/strong><\/h3><p>\u00a0<\/p>\t\t\t\t\t<\/div>\n\t\t\t\t\t\t<\/div>\n\t\t\t\t<\/div>\n\t\t\t\t<div class=\"elementor-element elementor-element-55f2eda elementor-widget-divider--view-line elementor-widget elementor-widget-divider\" data-id=\"55f2eda\" data-element_type=\"widget\" data-widget_type=\"divider.default\">\n\t\t\t\t<div class=\"elementor-widget-container\">\n\t\t\t\t\t<div class=\"elementor-divider\">\n\t\t\t<span class=\"elementor-divider-separator\">\n\t\t\t\t\t\t<\/span>\n\t\t<\/div>\n\t\t\t\t<\/div>\n\t\t\t\t<\/div>\n\t\t\t\t\t\t<\/div>\n\t\t\t\t\t<\/div>\n\t\t<\/div>\n\t\t\t\t\t\t\t\t<\/div>\n\t\t\t\t\t<\/div>\n\t\t<\/section>\n\t\t\t\t\t\t<\/div>\n\t\t\t\t\t\t<\/div>\n\t\t\t\t\t<\/div>\n\t\t","protected":false},"excerpt":{"rendered":"<p>TERVETULOA SEURAAVA BB-SUOMI ALKAA: BIG BROTHER SUOMI &#8230; ON TAUOLLA SYKSYLL\u00c4 2023, MUTTA.. ISOVELI PALAA ASIAAN UUDISTETUSSA MUODOSSA (KERTOO ILTALEHTI) SYKSY 2023 EI OLE SILTI T\u00c4YSIN ILMAN RELITY\u00c4! ISO UUTINEN ON SE, ETT\u00c4 AMAZING RACE SEIKKAILU REALITY TUODAAN SUOMALAISEEN VERSIOON, JOKA ON HYV\u00c4 ASIA JOS SE TEHD\u00c4\u00c4N KUNNOLLA (ITSE PID\u00c4N AMERIKKALAISESTA VERSIOSTA, SIT\u00c4 TYKK\u00c4\u00c4 KATSELLA [&hellip;]<\/p>\n","protected":false},"author":1,"featured_media":0,"parent":0,"menu_order":0,"comment_status":"closed","ping_status":"closed","template":"","meta":[],"_links":{"self":[{"href":"https:\/\/tepish.net\/BB\/index.php\/wp-json\/wp\/v2\/pages\/10"}],"collection":[{"href":"https:\/\/tepish.net\/BB\/index.php\/wp-json\/wp\/v2\/pages"}],"about":[{"href":"https:\/\/tepish.net\/BB\/index.php\/wp-json\/wp\/v2\/types\/page"}],"author":[{"embeddable":true,"href":"https:\/\/tepish.net\/BB\/index.php\/wp-json\/wp\/v2\/users\/1"}],"replies":[{"embeddable":true,"href":"https:\/\/tepish.net\/BB\/index.php\/wp-json\/wp\/v2\/comments?post=10"}],"version-history":[{"count":45,"href":"https:\/\/tepish.net\/BB\/index.php\/wp-json\/wp\/v2\/pages\/10\/revisions"}],"predecessor-version":[{"id":177,"href":"https:\/\/tepish.net\/BB\/index.php\/wp-json\/wp\/v2\/pages\/10\/revisions\/177"}],"wp:attachment":[{"href":"https:\/\/tepish.net\/BB\/index.php\/wp-json\/wp\/v2\/media?parent=10"}],"curies":[{"name":"wp","href":"https:\/\/api.w.org\/{rel}","templated":true}]}}