{"id":5,"date":"2019-11-23T18:45:28","date_gmt":"2019-11-23T16:45:28","guid":{"rendered":"http:\/\/tepish.net\/BB\/?page_id=5"},"modified":"2019-11-23T18:51:16","modified_gmt":"2019-11-23T16:51:16","slug":"big-brother-formaattina","status":"publish","type":"page","link":"https:\/\/tepish.net\/BB\/index.php\/big-brother-formaattina\/","title":{"rendered":"BIG BROTHER &#8211; FORMAATTINA"},"content":{"rendered":"\t\t<div data-elementor-type=\"wp-page\" data-elementor-id=\"5\" class=\"elementor elementor-5\" data-elementor-settings=\"[]\">\n\t\t\t\t\t\t<div class=\"elementor-inner\">\n\t\t\t\t\t\t\t<div class=\"elementor-section-wrap\">\n\t\t\t\t\t\t\t<section class=\"elementor-section elementor-top-section elementor-element elementor-element-41f40857 elementor-section-boxed elementor-section-height-default elementor-section-height-default\" data-id=\"41f40857\" data-element_type=\"section\">\n\t\t\t\t\t\t<div class=\"elementor-container elementor-column-gap-default\">\n\t\t\t\t\t\t\t<div class=\"elementor-row\">\n\t\t\t\t\t<div class=\"elementor-column elementor-col-100 elementor-top-column elementor-element elementor-element-74ed1296\" data-id=\"74ed1296\" data-element_type=\"column\">\n\t\t\t<div class=\"elementor-column-wrap elementor-element-populated\">\n\t\t\t\t\t\t\t<div class=\"elementor-widget-wrap\">\n\t\t\t\t\t\t<div class=\"elementor-element elementor-element-31f9fae elementor-widget elementor-widget-text-editor\" data-id=\"31f9fae\" data-element_type=\"widget\" data-widget_type=\"text-editor.default\">\n\t\t\t\t<div class=\"elementor-widget-container\">\n\t\t\t\t\t\t\t\t<div class=\"elementor-text-editor elementor-clearfix\">\n\t\t\t\t<p>Big Brother ilmaantui televisio formaattina vuonna 1999, kun Endemol Enterteinment tuotti Hollantilaisille uuden formaatin.<\/p>\n<p>Ensimm\u00e4inen Big Brother alkoi siit\u00e4, kun 12 toisilleen ennaltaan tuntematonta ihmist\u00e4 suljettiin Saksan maaper\u00e4ll\u00e4 sijainneelle teollisuus alueelle rakennettuun kameroilla varustettuun tilaan. Asukkaat viettiv\u00e4t 100 p\u00e4iv\u00e4\u00e4 yhdess\u00e4 eristyksiss\u00e4 ja ohjelma nousi Hollannin katsotuimmaksi ohjelmaksi.<\/p>\n<p>Big Brother formaatin on luonut John De Mol, jonka tuotantoyhtio Endemol on jatkokehitt\u00e4nyt formaattia. Ohjelma on levinnyt yli 100:n eri maahan.<\/p>\n<p>Ohjelma ristiink\u00e4ytt\u00e4\u00e4 mediaa ja sit\u00e4 seurataan sek\u00e4 koosteen muodossa, ett\u00e4 maksullisena 24\/7 l\u00e4hetyksen\u00e4.<\/p>\n<p>Ohjelma formaatin perusidea on aina samanlainen kaikkialla. Ryhm\u00e4 toisilleen ennalta tuntemattomia ihmisi\u00e4 astelee tilaan, joka on t\u00e4ytetty joka paikkaan n\u00e4kevill\u00e4 kameroilla (nyky\u00e4\u00e4n p\u00e4\u00e4s\u00e4\u00e4nt\u00f6isesti ns. IP kameroita) ja asukkaat kantavat jatkuvasti omaa mikrofonia joka v\u00e4litt\u00e4\u00e4 \u00e4\u00e4nen realiaikaisesti.<\/p>\n<p>Kun asukkaat ovat astelleet taloon he sopeutuvat Big Brotherin m\u00e4\u00e4r\u00e4ysvallan alle toteuttaen h\u00e4nen antamiaan teht\u00e4vi\u00e4, sek\u00e4 k\u00e4skyj\u00e4. Mik\u00e4li asukkaat niskoittelevat taikka rikkovat s\u00e4\u00e4nt\u00f6j\u00e4 Big Brother voi rankaista heit\u00e4.<\/p>\n<p>Struktuuri talossa muodostuu pitk\u00e4lle viikkoteht\u00e4v\u00e4n, kaupassak\u00e4ynnin ja sunnuntai p\u00e4iv\u00e4n h\u00e4\u00e4t\u00f6l\u00e4hetyksen varaan. On mahdollista my\u00f6s, ett\u00e4 talossa on p\u00e4iv\u00e4teht\u00e4vi\u00e4, niiden m\u00e4\u00e4r\u00e4 on kausi ja maa kohtaista. My\u00f6s siivousp\u00e4iv\u00e4 l\u00f6ytyy talon rutiineista.<\/p>\n<p>Yksi merkitt\u00e4vimmist\u00e4 p\u00e4ivist\u00e4 asukkaille on nime\u00e4misp\u00e4iv\u00e4. T\u00e4ll\u00f6in asukkaat nime\u00e4v\u00e4t kanssa asukkaista niit\u00e4 joiden ei haluaisi jatkavan talossa. Eniten nime\u00e4mispisteit\u00e4 saaneet ovat viikon h\u00e4\u00e4t\u00f6\u00e4\u00e4nestyksess\u00e4, josta katsojat \u00e4\u00e4nest\u00e4v\u00e4t talosta pois haluamansa asukkaan. T\u00e4h\u00e4n saattaa tulla Big Brotherin tahdosta erilaisia muutoksia, sek\u00e4 esimerkiksi rangaistuksena h\u00e4\u00e4t\u00f6\u00e4\u00e4nestykseen joutumista.<\/p>\n<p>Jokaisessa maassa, sek\u00e4 eri tuotantokausilla on erilaisia variaatioita perusformaattiin. Suomessa on esimerkiksi n\u00e4hty talossa kahtiajakoja useammallakin kaudella, sek\u00e4 julkkiskausi johon osallistuvat olivat jollain tavoin julkisuudesta ennalta tuttuja henkil\u00f6it\u00e4, t\u00e4m\u00e4 tuli formaattiin sen alkuper\u00e4isess\u00e4 maassa Hollannissa jo toisessa tulemisessaan nimikkeell\u00e4 Big Brother VIPS.<\/p>\n<p>My\u00f6s viikkoteht\u00e4v\u00e4n palkinto on vaihdellut, toisinaan on k\u00e4yt\u00f6ss\u00e4 viikkobudjetti jolla k\u00e4yd\u00e4\u00e4n kauppa ostoksilla ja toisinaan on saatu muunlaisia palkintoja. Toisinaan my\u00f6s talossa j\u00e4rjestett\u00e4viin juhliin on vaikuttanut suoriutuminen viikkoteht\u00e4v\u00e4ss\u00e4.<\/p>\n<p>Suomessa on erikausilla ollut talon sis\u00e4ll\u00e4 erilaisia lis\u00e4 ja sala huoneita\/tiloja, osa tiloista on paljastunut vain osalle asukkaista ja toisinaan tilat ovat muuttuneet kauden edetess\u00e4 teht\u00e4vien tms.. mukaan.<\/p>\n<p>Big Brotherin laajennuttua useisiin maihin ja monet tuotannot toimivat toistensa kanssa ristiin on tullut ohjelmaan lis\u00e4 twistin\u00e4 asukasvaihdot erimaiden tuotantojen kesken. Suomessa asukasvaihtoon j\u00e4rjestetty 2008 Afrikan Big Brotherin, 2009 Filippiinien Big Brotherin, 2010 Slovenian Big Brotherin, sek\u00e4 2011 Norjan Big Brotherin kanssa.<\/p>\n<p>Big Brother kausi huipentuu finaaliviikkoon, sek\u00e4 viikon lopuksi sunnuntaina olevaan finaaliin, jossa valitaan kauden voittaja. Voittaja saa palkintona ennalta m\u00e4\u00e4ritellyn summan rahaa (Suomessa 25 000 &#8211; 100 000 \u20ac v\u00e4lill\u00e4). Kun asukkaat poistuvat talosta kausi p\u00e4\u00e4ttyy BB-talon valojen sammumiseen ja viimeiseen BB-kuulutukseen, joka vaihtelee kausittain. Monesti Suomessa on my\u00f6s saatu finaalissa tieto siit\u00e4 jatkuuko ohjelma seuraavana syksyn\u00e4.<\/p>\n<p>\u00a0<\/p>\t\t\t\t\t<\/div>\n\t\t\t\t\t\t<\/div>\n\t\t\t\t<\/div>\n\t\t\t\t<div class=\"elementor-element elementor-element-2e8fafb9 elementor-widget elementor-widget-text-editor\" data-id=\"2e8fafb9\" data-element_type=\"widget\" data-widget_type=\"text-editor.default\">\n\t\t\t\t<div class=\"elementor-widget-container\">\n\t\t\t\t\t\t\t\t<div class=\"elementor-text-editor elementor-clearfix\">\n\t\t\t\t<!-- wp:paragraph -->\n<p><\/p>\n<!-- \/wp:paragraph -->\n\n<!-- wp:paragraph -->\n<p>L\u00e4hteet: <a href=\"https:\/\/fi.wikipedia.org\/wiki\/Big_Brother\">Wikipedia Big Brother<\/a>, <a href=\"https:\/\/www.bbplaza.org\/formaatti.php\">BBPlaza<\/a><\/p>\n<!-- \/wp:paragraph -->\t\t\t\t\t<\/div>\n\t\t\t\t\t\t<\/div>\n\t\t\t\t<\/div>\n\t\t\t\t\t\t<\/div>\n\t\t\t\t\t<\/div>\n\t\t<\/div>\n\t\t\t\t\t\t\t\t<\/div>\n\t\t\t\t\t<\/div>\n\t\t<\/section>\n\t\t\t\t\t\t<\/div>\n\t\t\t\t\t\t<\/div>\n\t\t\t\t\t<\/div>\n\t\t","protected":false},"excerpt":{"rendered":"<p>Big Brother ilmaantui televisio formaattina vuonna 1999, kun Endemol Enterteinment tuotti Hollantilaisille uuden formaatin. Ensimm\u00e4inen Big Brother alkoi siit\u00e4, kun 12 toisilleen ennaltaan tuntematonta ihmist\u00e4 suljettiin Saksan maaper\u00e4ll\u00e4 sijainneelle teollisuus alueelle rakennettuun kameroilla varustettuun tilaan. Asukkaat viettiv\u00e4t 100 p\u00e4iv\u00e4\u00e4 yhdess\u00e4 eristyksiss\u00e4 ja ohjelma nousi Hollannin katsotuimmaksi ohjelmaksi. Big Brother formaatin on luonut John De Mol, [&hellip;]<\/p>\n","protected":false},"author":1,"featured_media":0,"parent":0,"menu_order":0,"comment_status":"closed","ping_status":"closed","template":"","meta":[],"_links":{"self":[{"href":"https:\/\/tepish.net\/BB\/index.php\/wp-json\/wp\/v2\/pages\/5"}],"collection":[{"href":"https:\/\/tepish.net\/BB\/index.php\/wp-json\/wp\/v2\/pages"}],"about":[{"href":"https:\/\/tepish.net\/BB\/index.php\/wp-json\/wp\/v2\/types\/page"}],"author":[{"embeddable":true,"href":"https:\/\/tepish.net\/BB\/index.php\/wp-json\/wp\/v2\/users\/1"}],"replies":[{"embeddable":true,"href":"https:\/\/tepish.net\/BB\/index.php\/wp-json\/wp\/v2\/comments?post=5"}],"version-history":[{"count":3,"href":"https:\/\/tepish.net\/BB\/index.php\/wp-json\/wp\/v2\/pages\/5\/revisions"}],"predecessor-version":[{"id":8,"href":"https:\/\/tepish.net\/BB\/index.php\/wp-json\/wp\/v2\/pages\/5\/revisions\/8"}],"wp:attachment":[{"href":"https:\/\/tepish.net\/BB\/index.php\/wp-json\/wp\/v2\/media?parent=5"}],"curies":[{"name":"wp","href":"https:\/\/api.w.org\/{rel}","templated":true}]}}