{"id":202,"date":"2017-07-21T12:09:42","date_gmt":"2017-07-21T12:09:42","guid":{"rendered":"http:\/\/tepish.net\/api\/?page_id=202"},"modified":"2017-07-21T17:30:57","modified_gmt":"2017-07-21T17:30:57","slug":"kiki","status":"publish","type":"page","link":"https:\/\/tepish.net\/api\/kiki\/","title":{"rendered":"Kiki"},"content":{"rendered":"<h1 style=\"text-align: center;\"><a href=\"http:\/\/tepish.net\/api\/wp-content\/uploads\/2017\/07\/Kiki.png\"><img fetchpriority=\"high\" decoding=\"async\" class=\"size-medium wp-image-203 alignleft\" src=\"http:\/\/tepish.net\/api\/wp-content\/uploads\/2017\/07\/Kiki-201x300.png\" alt=\"\" width=\"201\" height=\"300\" srcset=\"https:\/\/tepish.net\/api\/wp-content\/uploads\/2017\/07\/Kiki-201x300.png 201w, https:\/\/tepish.net\/api\/wp-content\/uploads\/2017\/07\/Kiki-686x1024.png 686w, https:\/\/tepish.net\/api\/wp-content\/uploads\/2017\/07\/Kiki.png 715w\" sizes=\"(max-width: 201px) 100vw, 201px\" \/>KIKI<\/a><\/h1>\n<p><span style=\"font-family: book antiqua,palatino,serif; font-size: 12pt;\">Kaikkihan tuntevat Kikin, eik\u00f6?<\/span><\/p>\n<p><span style=\"font-family: book antiqua,palatino,serif; font-size: 12pt;\">&#8221;Kiki mil on valtava jalkahiki.&#8221; N\u00e4in kuuluu Kikin kuvaus yksinkertaisesti, niin kuin sen Alpo joskus kertoi.<\/span><\/p>\n<p><span style=\"font-family: book antiqua,palatino,serif; font-size: 12pt;\">Kiki on papukaija ja oli aikoinaan KiFi (Kiki Filmi)-tuotannon keulahahmo (Ymm\u00e4rt\u00e4\u00e4kseni ajatus oli alunperin, ett\u00e4 nimi olisi ollut Kiki tuotanto).<\/span><\/p>\n<p><span style=\"font-family: book antiqua,palatino,serif; font-size: 12pt;\">Kiki seikkaili KiFin j\u00e4lkeen viel\u00e4 pitk\u00e4\u00e4n erilaisissa onnittelu korteissa tms.. joita Alpo eri puolille l\u00e4hetti ja antoi.<\/span><\/p>\n<p><span style=\"font-family: book antiqua,palatino,serif; font-size: 12pt;\">Kiki on mielenkiintoinen persoona ja itse haluaisin Kikiin joskus syventy\u00e4 syvemmin ja vaikka n\u00e4hd\u00e4 Kikin syntym\u00e4 ja saada Kikille jonkilainen syvempi tarina \ud83d\ude09\u00a0 .. Ehk\u00e4 tulevan perikunnan kanssa asiaa k\u00e4yd\u00e4\u00e4n l\u00e4pi \ud83d\ude09<\/span><\/p>\n<p>&nbsp;<\/p>\n","protected":false},"excerpt":{"rendered":"<p>KIKI Kaikkihan tuntevat Kikin, eik\u00f6? &#8221;Kiki mil on valtava jalkahiki.&#8221; N\u00e4in kuuluu Kikin kuvaus yksinkertaisesti, niin kuin sen Alpo joskus kertoi. Kiki on papukaija ja oli aikoinaan KiFi (Kiki Filmi)-tuotannon keulahahmo (Ymm\u00e4rt\u00e4\u00e4kseni ajatus oli alunperin, ett\u00e4 nimi olisi ollut Kiki tuotanto). Kiki seikkaili KiFin j\u00e4lkeen viel\u00e4 pitk\u00e4\u00e4n erilaisissa onnittelu korteissa tms.. joita Alpo eri puolille <a class=\"read-more\" href=\"https:\/\/tepish.net\/api\/kiki\/\">Read More<\/a><\/p>\n","protected":false},"author":1,"featured_media":0,"parent":0,"menu_order":0,"comment_status":"closed","ping_status":"closed","template":"","meta":{"footnotes":""},"class_list":["post-202","page","type-page","status-publish","hentry"],"_links":{"self":[{"href":"https:\/\/tepish.net\/api\/wp-json\/wp\/v2\/pages\/202","targetHints":{"allow":["GET"]}}],"collection":[{"href":"https:\/\/tepish.net\/api\/wp-json\/wp\/v2\/pages"}],"about":[{"href":"https:\/\/tepish.net\/api\/wp-json\/wp\/v2\/types\/page"}],"author":[{"embeddable":true,"href":"https:\/\/tepish.net\/api\/wp-json\/wp\/v2\/users\/1"}],"replies":[{"embeddable":true,"href":"https:\/\/tepish.net\/api\/wp-json\/wp\/v2\/comments?post=202"}],"version-history":[{"count":4,"href":"https:\/\/tepish.net\/api\/wp-json\/wp\/v2\/pages\/202\/revisions"}],"predecessor-version":[{"id":255,"href":"https:\/\/tepish.net\/api\/wp-json\/wp\/v2\/pages\/202\/revisions\/255"}],"wp:attachment":[{"href":"https:\/\/tepish.net\/api\/wp-json\/wp\/v2\/media?parent=202"}],"curies":[{"name":"wp","href":"https:\/\/api.w.org\/{rel}","templated":true}]}}