{"id":215,"date":"2017-07-21T14:06:26","date_gmt":"2017-07-21T14:06:26","guid":{"rendered":"http:\/\/tepish.net\/api\/?page_id=215"},"modified":"2017-07-21T17:29:23","modified_gmt":"2017-07-21T17:29:23","slug":"alpo-yrittaja","status":"publish","type":"page","link":"https:\/\/tepish.net\/api\/alpo-yrittaja\/","title":{"rendered":"Alpo yritt\u00e4j\u00e4"},"content":{"rendered":"<h1><a href=\"http:\/\/tepish.net\/api\/wp-content\/uploads\/2017\/07\/Ki-Fi.png\"><img fetchpriority=\"high\" decoding=\"async\" class=\"size-medium wp-image-216 alignleft\" src=\"http:\/\/tepish.net\/api\/wp-content\/uploads\/2017\/07\/Ki-Fi-300x218.png\" alt=\"\" width=\"300\" height=\"218\" srcset=\"https:\/\/tepish.net\/api\/wp-content\/uploads\/2017\/07\/Ki-Fi-300x218.png 300w, https:\/\/tepish.net\/api\/wp-content\/uploads\/2017\/07\/Ki-Fi-768x558.png 768w, https:\/\/tepish.net\/api\/wp-content\/uploads\/2017\/07\/Ki-Fi-1024x745.png 1024w\" sizes=\"(max-width: 300px) 100vw, 300px\" \/><\/a>KIFI TUOTANTO KY<\/h1>\n<p>Kifi (<a href=\"http:\/\/tepish.net\/api\/kiki\/\">Kiki<\/a> Filmi) tuotanto oli 1989 vuonna Alpon ja Eijan yhteinen suureellinen aikaansa edell\u00e4 ollut projekti.<\/p>\n<p>Kifi tuotannon oli tarkoitus tuottaa tietokonegrafiikalla tuotettua animaatiota (t\u00e4n\u00e4 p\u00e4iv\u00e4n\u00e4 eritt\u00e4in yleinen).<\/p>\n<p>Homma kaatui siihen, ett\u00e4 rahoittajat pitiv\u00e4t tuolloin miljoonan markan sijoitusta liian suurena riskin\u00e4. T\u00e4m\u00e4 olisi tarvittu tuolloiseen tietokoneeseen, joka olisi kyennyt animointiin (Silicon Grafics supertietokone), jollaista he k\u00e4viv\u00e4t MTV 3 studioilla katsomassakin.<\/p>\n<hr \/>\n<h1>APIGRAF<a href=\"http:\/\/tepish.net\/api\/wp-content\/uploads\/2017\/07\/APIGRAF.png\"><img decoding=\"async\" class=\"size-medium wp-image-217 alignright\" src=\"http:\/\/tepish.net\/api\/wp-content\/uploads\/2017\/07\/APIGRAF-300x218.png\" alt=\"\" width=\"300\" height=\"218\" srcset=\"https:\/\/tepish.net\/api\/wp-content\/uploads\/2017\/07\/APIGRAF-300x218.png 300w, https:\/\/tepish.net\/api\/wp-content\/uploads\/2017\/07\/APIGRAF-768x558.png 768w, https:\/\/tepish.net\/api\/wp-content\/uploads\/2017\/07\/APIGRAF-1024x745.png 1024w\" sizes=\"(max-width: 300px) 100vw, 300px\" \/><\/a><\/h1>\n<p>Tmi Apigraf oli Alpon 1991 vuoden yritys, jonka puitteissa Alpon oli tarkoitus tehd\u00e4 logoja ja muuta grafiikkaa, muotoilua, v\u00e4rierottelua ja tulostus t\u00f6it\u00e4.<\/p>\n<p>Apigraf sai starttirahaa ja sill\u00e4 oli olemassa asiakkaitakin. Kuitenkin 1990-luvun lama iski, asiakkaat meniv\u00e4t konkurssiin ja asiakkaita ei lopulta ollutkaan, niin kuin piti.<\/p>\n<p>Lopulta Tmi Apigrafkin joutui pist\u00e4m\u00e4\u00e4n lapunluukulle.<\/p>\n<hr \/>\n<h1>Kyn\u00e4ruiskumaalauksia<\/h1>\n<p><a href=\"http:\/\/tepish.net\/api\/wp-content\/uploads\/2017\/07\/kyn\u00e4ruisku.png\"><img decoding=\"async\" class=\"wp-image-221 alignleft\" src=\"http:\/\/tepish.net\/api\/wp-content\/uploads\/2017\/07\/kyn\u00e4ruisku-300x109.png\" alt=\"\" width=\"388\" height=\"141\" srcset=\"https:\/\/tepish.net\/api\/wp-content\/uploads\/2017\/07\/kyn\u00e4ruisku-300x109.png 300w, https:\/\/tepish.net\/api\/wp-content\/uploads\/2017\/07\/kyn\u00e4ruisku-768x280.png 768w, https:\/\/tepish.net\/api\/wp-content\/uploads\/2017\/07\/kyn\u00e4ruisku-1024x373.png 1024w, https:\/\/tepish.net\/api\/wp-content\/uploads\/2017\/07\/kyn\u00e4ruisku.png 1419w\" sizes=\"(max-width: 388px) 100vw, 388px\" \/><\/a>Kyn\u00e4ruisku t\u00f6it\u00e4 Alpo teki usean vuoden ajan Pikisaaressa kuvassa n\u00e4kyv\u00e4ss\u00e4 osoitteessa.<\/p>\n<p>T\u00e4st\u00e4 en ole tarkkaan tietoinen mink\u00e4 toiminimen (tai muun vastaavan) kautta t\u00e4m\u00e4 ty\u00f6 tapahtui, mutta asiakkaita ja t\u00f6it\u00e4 oli melkoisen paljon.<\/p>\n<p>Suurin yksitt\u00e4inen ty\u00f6 oli varmastikin rekka-auton kylkeen maalattu herneen poiminta kuva (<a href=\"https:\/\/plus.google.com\/photos\/111206598674063219373\/album\/5805816275339897041\/5805817077551823090\">ks. T\u00e4\u00e4lt\u00e4<\/a>) , my\u00f6s useita pakettiauton kylki\u00e4 ja muita autoja Alpo maalasi. Erikoisin maalaus varmastikin oli Explorer of the seas risteilij\u00e4n kattokupolit (<a href=\"https:\/\/plus.google.com\/photos\/111206598674063219373\/album\/5805816275339897041\/5805816520955774866\">ks. t\u00e4\u00e4lt\u00e4<\/a>). K\u00e4nnykk\u00e4 ajan alkuaikoina yleinen maalausaihio oli k\u00e4nnyk\u00e4nkuoret (silloin kun k\u00e4nnykk\u00e4\u00e4n viel\u00e4 vaihdeltiin personallisia kuoria). Katso kaikenlaisia maalattuja kohteita <a href=\"https:\/\/plus.google.com\/photos\/111206598674063219373\/albums\/5805816275339897041\">t\u00e4\u00e4lt\u00e4<\/a>.<\/p>\n<hr \/>\n<h1 style=\"text-align: center;\">Admo &#8211; Kifigraf<\/h1>\n<p><a href=\"http:\/\/tepish.net\/api\/wp-content\/uploads\/2017\/07\/admo.png\"><img loading=\"lazy\" decoding=\"async\" class=\"size-medium wp-image-218 alignleft\" src=\"http:\/\/tepish.net\/api\/wp-content\/uploads\/2017\/07\/admo-300x156.png\" alt=\"\" width=\"300\" height=\"156\" srcset=\"https:\/\/tepish.net\/api\/wp-content\/uploads\/2017\/07\/admo-300x156.png 300w, https:\/\/tepish.net\/api\/wp-content\/uploads\/2017\/07\/admo-768x401.png 768w, https:\/\/tepish.net\/api\/wp-content\/uploads\/2017\/07\/admo-1024x534.png 1024w, https:\/\/tepish.net\/api\/wp-content\/uploads\/2017\/07\/admo.png 2000w\" sizes=\"(max-width: 300px) 100vw, 300px\" \/><\/a>N\u00e4m\u00e4 nimikkeet ovat kaiketi olleet suunnitteluja, jotka eiv\u00e4 ole toteutuneet<a href=\"http:\/\/tepish.net\/api\/wp-content\/uploads\/2017\/07\/kifi-graf.png\"><img loading=\"lazy\" decoding=\"async\" class=\"size-medium wp-image-220 alignright\" src=\"http:\/\/tepish.net\/api\/wp-content\/uploads\/2017\/07\/kifi-graf-258x300.png\" alt=\"\" width=\"258\" height=\"300\" srcset=\"https:\/\/tepish.net\/api\/wp-content\/uploads\/2017\/07\/kifi-graf-258x300.png 258w, https:\/\/tepish.net\/api\/wp-content\/uploads\/2017\/07\/kifi-graf-768x892.png 768w, https:\/\/tepish.net\/api\/wp-content\/uploads\/2017\/07\/kifi-graf-882x1024.png 882w, https:\/\/tepish.net\/api\/wp-content\/uploads\/2017\/07\/kifi-graf.png 1056w\" sizes=\"(max-width: 258px) 100vw, 258px\" \/><\/a>.<\/p>\n<p>N\u00e4m\u00e4 l\u00f6ytyv\u00e4t kuitenkin muistiinpanoista, joten laitan nekin t\u00e4h\u00e4n n\u00e4ytille \ud83d\ude09<\/p>\n","protected":false},"excerpt":{"rendered":"<p>KIFI TUOTANTO KY Kifi (Kiki Filmi) tuotanto oli 1989 vuonna Alpon ja Eijan yhteinen suureellinen aikaansa edell\u00e4 ollut projekti. Kifi tuotannon oli tarkoitus tuottaa tietokonegrafiikalla tuotettua animaatiota (t\u00e4n\u00e4 p\u00e4iv\u00e4n\u00e4 eritt\u00e4in yleinen). Homma kaatui siihen, ett\u00e4 rahoittajat pitiv\u00e4t tuolloin miljoonan markan sijoitusta liian suurena riskin\u00e4. T\u00e4m\u00e4 olisi tarvittu tuolloiseen tietokoneeseen, joka olisi kyennyt animointiin (Silicon Grafics <a class=\"read-more\" href=\"https:\/\/tepish.net\/api\/alpo-yrittaja\/\">Read More<\/a><\/p>\n","protected":false},"author":1,"featured_media":0,"parent":0,"menu_order":0,"comment_status":"closed","ping_status":"closed","template":"","meta":{"footnotes":""},"class_list":["post-215","page","type-page","status-publish","hentry"],"_links":{"self":[{"href":"https:\/\/tepish.net\/api\/wp-json\/wp\/v2\/pages\/215","targetHints":{"allow":["GET"]}}],"collection":[{"href":"https:\/\/tepish.net\/api\/wp-json\/wp\/v2\/pages"}],"about":[{"href":"https:\/\/tepish.net\/api\/wp-json\/wp\/v2\/types\/page"}],"author":[{"embeddable":true,"href":"https:\/\/tepish.net\/api\/wp-json\/wp\/v2\/users\/1"}],"replies":[{"embeddable":true,"href":"https:\/\/tepish.net\/api\/wp-json\/wp\/v2\/comments?post=215"}],"version-history":[{"count":3,"href":"https:\/\/tepish.net\/api\/wp-json\/wp\/v2\/pages\/215\/revisions"}],"predecessor-version":[{"id":253,"href":"https:\/\/tepish.net\/api\/wp-json\/wp\/v2\/pages\/215\/revisions\/253"}],"wp:attachment":[{"href":"https:\/\/tepish.net\/api\/wp-json\/wp\/v2\/media?parent=215"}],"curies":[{"name":"wp","href":"https:\/\/api.w.org\/{rel}","templated":true}]}}