{"id":579,"date":"2026-04-14T12:53:10","date_gmt":"2026-04-14T12:53:10","guid":{"rendered":"https:\/\/tepish.net\/api\/?page_id=579"},"modified":"2026-04-14T14:17:24","modified_gmt":"2026-04-14T14:17:24","slug":"bogart","status":"publish","type":"page","link":"https:\/\/tepish.net\/api\/bogart\/","title":{"rendered":"Api &amp; Bogart Co"},"content":{"rendered":"\t\t<div data-elementor-type=\"wp-page\" data-elementor-id=\"579\" class=\"elementor elementor-579\">\n\t\t\t\t\t\t<section class=\"elementor-section elementor-top-section elementor-element elementor-element-d954276 elementor-section-boxed elementor-section-height-default elementor-section-height-default\" data-id=\"d954276\" data-element_type=\"section\" data-e-type=\"section\" data-settings=\"{&quot;background_background&quot;:&quot;classic&quot;}\">\n\t\t\t\t\t\t<div class=\"elementor-container elementor-column-gap-default\">\n\t\t\t\t\t<div class=\"elementor-column elementor-col-100 elementor-top-column elementor-element elementor-element-521b15a\" data-id=\"521b15a\" data-element_type=\"column\" data-e-type=\"column\">\n\t\t\t<div class=\"elementor-widget-wrap elementor-element-populated\">\n\t\t\t\t\t\t<div class=\"elementor-element elementor-element-771a6fc elementor-widget elementor-widget-text-editor\" data-id=\"771a6fc\" data-element_type=\"widget\" data-e-type=\"widget\" data-widget_type=\"text-editor.default\">\n\t\t\t\t<div class=\"elementor-widget-container\">\n\t\t\t\t\t\t\t\t\t<p>Kuten mainittu aiemmin Juice &amp; Api osiossa h\u00e4n tunsi erilaisia ihmisi\u00e4 laidasta laidaan.<\/p>\n<p>Kuten Juicelle my\u00f6s Bogartille Alpo teki pr-materiaalia. T\u00e4m\u00e4n todentaminen on vain Juicea hankalampaa, koska j\u00e4\u00e4mist\u00f6st\u00e4 ei ole l\u00f6ytynyt mit\u00e4\u00e4n infoa siit\u00e4 mit\u00e4 on heille tehty. On vain se tieto mit\u00e4 meille lapsille suullisesti liikkui.<\/p>\n<p>Parhaiten tied\u00e4n itse, ett\u00e4 <a href=\"https:\/\/www.facebook.com\/vekkemaki\">Vekke M\u00e4ki<\/a> on facebookissakin ollut Apin kaverina ja h\u00e4net olen itsekin lapsena tavannut. Bogartissa h\u00e4net tunnettiin Vinnie Lanena ja kun olin nuori lapsi k\u00e4vimme kerran Turun taidemuseom\u00e4ell\u00e4 Bogartin studioilla, joilla Vekke meit\u00e4 is\u00e4nn\u00f6i ja antoi meille lapsille lopuksi lasten laulu kasetitkin. Min\u00e4 taisin ottaa sekalaisia kappaleita, mutta jompi kumpi velipojista otti&nbsp; Jonna levyn, jolla oli mm. Minttu sek\u00e4 Ville, t\u00e4t\u00e4 kuunneltiin melko paljonkin aikoinaan sitten (Nyky\u00e4\u00e4n silloinen lapsit\u00e4hti Jonna tunnetaan koko nimell\u00e4 Jonna Tervomaa). N\u00e4m\u00e4 kasetit ik\u00e4v\u00e4 kyll\u00e4 ei en\u00e4\u00e4 ole olemassa.<\/p>\n<p>Turun toisessa Citymarketissa Alpo &#8221;Api&#8221; jutteli useaan kertaan tuttunsa Ressu Redfordin (Esa M\u00e4kel\u00e4) kanssa. T\u00e4st\u00e4 yhteydest\u00e4 on kerrottava sekin, ett\u00e4 aikoinaan 1980-luvulla koulussa piti tehd\u00e4 esitelm\u00e4 ja silloin kun ei ollut viel\u00e4 netti\u00e4 ja tietoa oli rajoitetusti tein Ressusta esitelm\u00e4n, johon isk\u00e4lt\u00e4 tiristin kaiken mahdollisen tiedon mm. oikean nimen tms.. Er\u00e4\u00e4ll\u00e4 Ressun tapaamis kauppareissulla, meinasin joutua kolariin h\u00e4nen kanssa, kun olin mennyt johonkin etsim\u00e4\u00e4n jotain hyllyist\u00e4 ja Alpo jutteli Ressun kanssa. Sitten min\u00e4 kainalosauvoilla k\u00f6p\u00f6telless\u00e4 meinasin t\u00f6rm\u00e4t\u00e4 Ressun ostosk\u00e4rryyn joka tuli hyllyntakaa, mutta onneksi t\u00f6rm\u00e4ykselt\u00e4 v\u00e4ltyttiin, mutta jouduin jatkamaan vanhempieni etsimist\u00e4 sill\u00e4 olivat jo lopettaneet keskustelun ja ehtineet toisaalle.<\/p>\n<p>Tied\u00e4n viel\u00e4 senkin n\u00e4ist\u00e4 yhteyksist\u00e4, ett\u00e4 kun Ressu aloitti aikoinaan soolo uran Api yritti ehdottaa levynkansi diili\u00e4, mutta lopulta siihen valittiin toinen l\u00e4hestymistapa ja Alpo ei t\u00e4t\u00e4 saanut tehd\u00e4.<\/p>\t\t\t\t\t\t\t\t<\/div>\n\t\t\t\t<\/div>\n\t\t\t\t<div class=\"elementor-element elementor-element-a9404f4 elementor-widget elementor-widget-text-editor\" data-id=\"a9404f4\" data-element_type=\"widget\" data-e-type=\"widget\" data-widget_type=\"text-editor.default\">\n\t\t\t\t<div class=\"elementor-widget-container\">\n\t\t\t\t\t\t\t\t\t<p>Mik\u00e4li sinulla on tietoa Alpo &#8221;Apin&#8221; ja Bogartin yhteisty\u00f6st\u00e4 pyyd\u00e4n ottamaan yhteytt\u00e4 s\u00e4hk\u00f6postiin teppo[at]tepish.net<\/p>\t\t\t\t\t\t\t\t<\/div>\n\t\t\t\t<\/div>\n\t\t\t\t\t<\/div>\n\t\t<\/div>\n\t\t\t\t\t<\/div>\n\t\t<\/section>\n\t\t\t\t<\/div>\n\t\t","protected":false},"excerpt":{"rendered":"<p>Kuten mainittu aiemmin Juice &amp; Api osiossa h\u00e4n tunsi erilaisia ihmisi\u00e4 laidasta laidaan. Kuten Juicelle my\u00f6s Bogartille Alpo teki pr-materiaalia. T\u00e4m\u00e4n todentaminen on vain Juicea hankalampaa, koska j\u00e4\u00e4mist\u00f6st\u00e4 ei ole l\u00f6ytynyt mit\u00e4\u00e4n infoa siit\u00e4 mit\u00e4 on heille tehty. On vain se tieto mit\u00e4 meille lapsille suullisesti liikkui. Parhaiten tied\u00e4n itse, ett\u00e4 Vekke M\u00e4ki on facebookissakin <a class=\"read-more\" href=\"https:\/\/tepish.net\/api\/bogart\/\">Read More<\/a><\/p>\n","protected":false},"author":1,"featured_media":0,"parent":0,"menu_order":0,"comment_status":"closed","ping_status":"closed","template":"","meta":{"footnotes":""},"class_list":["post-579","page","type-page","status-publish","hentry"],"_links":{"self":[{"href":"https:\/\/tepish.net\/api\/wp-json\/wp\/v2\/pages\/579","targetHints":{"allow":["GET"]}}],"collection":[{"href":"https:\/\/tepish.net\/api\/wp-json\/wp\/v2\/pages"}],"about":[{"href":"https:\/\/tepish.net\/api\/wp-json\/wp\/v2\/types\/page"}],"author":[{"embeddable":true,"href":"https:\/\/tepish.net\/api\/wp-json\/wp\/v2\/users\/1"}],"replies":[{"embeddable":true,"href":"https:\/\/tepish.net\/api\/wp-json\/wp\/v2\/comments?post=579"}],"version-history":[{"count":12,"href":"https:\/\/tepish.net\/api\/wp-json\/wp\/v2\/pages\/579\/revisions"}],"predecessor-version":[{"id":606,"href":"https:\/\/tepish.net\/api\/wp-json\/wp\/v2\/pages\/579\/revisions\/606"}],"wp:attachment":[{"href":"https:\/\/tepish.net\/api\/wp-json\/wp\/v2\/media?parent=579"}],"curies":[{"name":"wp","href":"https:\/\/api.w.org\/{rel}","templated":true}]}}