{"id":591,"date":"2026-04-14T13:45:01","date_gmt":"2026-04-14T13:45:01","guid":{"rendered":"https:\/\/tepish.net\/api\/?page_id=591"},"modified":"2026-04-14T13:53:36","modified_gmt":"2026-04-14T13:53:36","slug":"api-ruohoset","status":"publish","type":"page","link":"https:\/\/tepish.net\/api\/api-ruohoset\/","title":{"rendered":"Api &amp; Ruohoset"},"content":{"rendered":"\t\t<div data-elementor-type=\"wp-page\" data-elementor-id=\"591\" class=\"elementor elementor-591\">\n\t\t\t\t\t\t<section class=\"elementor-section elementor-top-section elementor-element elementor-element-6b89c4e elementor-section-boxed elementor-section-height-default elementor-section-height-default\" data-id=\"6b89c4e\" data-element_type=\"section\" data-e-type=\"section\" data-settings=\"{&quot;background_background&quot;:&quot;classic&quot;}\">\n\t\t\t\t\t\t<div class=\"elementor-container elementor-column-gap-default\">\n\t\t\t\t\t<div class=\"elementor-column elementor-col-100 elementor-top-column elementor-element elementor-element-714bf01\" data-id=\"714bf01\" data-element_type=\"column\" data-e-type=\"column\">\n\t\t\t<div class=\"elementor-widget-wrap elementor-element-populated\">\n\t\t\t\t\t\t<div class=\"elementor-element elementor-element-b4091fc elementor-widget elementor-widget-text-editor\" data-id=\"b4091fc\" data-element_type=\"widget\" data-e-type=\"widget\" data-widget_type=\"text-editor.default\">\n\t\t\t\t<div class=\"elementor-widget-container\">\n\t\t\t\t\t\t\t\t\t<p>T\u00e4m\u00e4 on hankalin n\u00e4ist\u00e4 Apin julkisista tutuista. Min\u00e4 tied\u00e4n olleeni joskus autossa odottamassa, kun isk\u00e4 k\u00e4vi Matti &amp; Teppo Ruohosen studiolla. Olimme parkissa l\u00e4hes suoraan vastap\u00e4\u00e4t\u00e4 taidemuseo m\u00e4ke\u00e4 Luostarim\u00e4en l\u00e4hell\u00e4 Kaskenkadulla.<\/p><p>En my\u00f6sk\u00e4\u00e4n tied\u00e4 tekik\u00f6 Api tuolla kertaa jotain heille, mutta en my\u00f6sk\u00e4\u00e4n tied\u00e4 mit\u00e4 materiaalia Api on Matille ja Tepolle tehnyt, mutta jotain levynkansi tms. teoksi h\u00e4n on tehnyt.<\/p>\t\t\t\t\t\t\t\t<\/div>\n\t\t\t\t<\/div>\n\t\t\t\t<div class=\"elementor-element elementor-element-a6b00be elementor-widget elementor-widget-text-editor\" data-id=\"a6b00be\" data-element_type=\"widget\" data-e-type=\"widget\" data-widget_type=\"text-editor.default\">\n\t\t\t\t<div class=\"elementor-widget-container\">\n\t\t\t\t\t\t\t\t\t<p>Mik\u00e4li sinulla on tietoa Alpo \u201dApin\u201d ja Ruohosten veljeksien yhteisty\u00f6st\u00e4 pyyd\u00e4n ottamaan yhteytt\u00e4 s\u00e4hk\u00f6postiin teppo[at]tepish.net<\/p>\t\t\t\t\t\t\t\t<\/div>\n\t\t\t\t<\/div>\n\t\t\t\t\t<\/div>\n\t\t<\/div>\n\t\t\t\t\t<\/div>\n\t\t<\/section>\n\t\t\t\t<\/div>\n\t\t","protected":false},"excerpt":{"rendered":"<p>T\u00e4m\u00e4 on hankalin n\u00e4ist\u00e4 Apin julkisista tutuista. Min\u00e4 tied\u00e4n olleeni joskus autossa odottamassa, kun isk\u00e4 k\u00e4vi Matti &amp; Teppo Ruohosen studiolla. Olimme parkissa l\u00e4hes suoraan vastap\u00e4\u00e4t\u00e4 taidemuseo m\u00e4ke\u00e4 Luostarim\u00e4en l\u00e4hell\u00e4 Kaskenkadulla. En my\u00f6sk\u00e4\u00e4n tied\u00e4 tekik\u00f6 Api tuolla kertaa jotain heille, mutta en my\u00f6sk\u00e4\u00e4n tied\u00e4 mit\u00e4 materiaalia Api on Matille ja Tepolle tehnyt, mutta jotain levynkansi <a class=\"read-more\" href=\"https:\/\/tepish.net\/api\/api-ruohoset\/\">Read More<\/a><\/p>\n","protected":false},"author":1,"featured_media":0,"parent":0,"menu_order":0,"comment_status":"closed","ping_status":"closed","template":"","meta":{"footnotes":""},"class_list":["post-591","page","type-page","status-publish","hentry"],"_links":{"self":[{"href":"https:\/\/tepish.net\/api\/wp-json\/wp\/v2\/pages\/591","targetHints":{"allow":["GET"]}}],"collection":[{"href":"https:\/\/tepish.net\/api\/wp-json\/wp\/v2\/pages"}],"about":[{"href":"https:\/\/tepish.net\/api\/wp-json\/wp\/v2\/types\/page"}],"author":[{"embeddable":true,"href":"https:\/\/tepish.net\/api\/wp-json\/wp\/v2\/users\/1"}],"replies":[{"embeddable":true,"href":"https:\/\/tepish.net\/api\/wp-json\/wp\/v2\/comments?post=591"}],"version-history":[{"count":4,"href":"https:\/\/tepish.net\/api\/wp-json\/wp\/v2\/pages\/591\/revisions"}],"predecessor-version":[{"id":595,"href":"https:\/\/tepish.net\/api\/wp-json\/wp\/v2\/pages\/591\/revisions\/595"}],"wp:attachment":[{"href":"https:\/\/tepish.net\/api\/wp-json\/wp\/v2\/media?parent=591"}],"curies":[{"name":"wp","href":"https:\/\/api.w.org\/{rel}","templated":true}]}}