{"id":89,"date":"2017-06-09T19:16:01","date_gmt":"2017-06-09T19:16:01","guid":{"rendered":"http:\/\/tepish.net\/api\/?page_id=89"},"modified":"2017-06-09T19:18:49","modified_gmt":"2017-06-09T19:18:49","slug":"matkustusta","status":"publish","type":"page","link":"https:\/\/tepish.net\/api\/matkustusta\/","title":{"rendered":"Matkustusta"},"content":{"rendered":"<h1>Teimme perheen kanssa matkoja Suomessa t\u00e4h\u00e4n aikaan.<\/h1>\n<h2>Retret<\/h2>\n<p>N\u00e4ist\u00e4 muistiini palautuu etenkin er\u00e4s, joka tehtiin Retrettiin. Alkoi valmistelut ja puheet l\u00e4hd\u00f6st\u00e4 taidemuseoon ja niinp\u00e4 sit\u00e4 hankittiin lippuja, tehtiin suunnitelmia sek\u00e4 valmistauduttiin matkaan. Matka meni Savonlinnan kautta jossa k\u00e4velimme ymp\u00e4riins\u00e4 odotellessamme junan vaihtoa ja taidegalleriassa olisi mennyt varmaan koko p\u00e4iv\u00e4kin, mutta me lapset olimme melkoisen nopeita katsomaan tauluja, eik\u00e4 se ehk\u00e4 ollut &#8221;ihan lasten juttu&#8221; siin\u00e4 mieless\u00e4. Lapsille j\u00e4nnitt\u00e4vint\u00e4 olikin se, ett\u00e4 junaa odoteltiin keskell\u00e4 y\u00f6t\u00e4 ja juna piti taskulampulla pys\u00e4ytt\u00e4\u00e4. Lis\u00e4ksi oli melkoisen hauskaa pelailla aseman l\u00e4hist\u00f6n huoltoasemalla kolikko arcade pelej\u00e4.<\/p>\n<p>Helsingist\u00e4 kotiinp\u00e4in oltiinkin sitten lentokoneessa, itseasiassa ainut kerta allekirjoittaneella lentokoneessa.<\/p>\n<h2>Laivamatkoilla<\/h2>\n<p>Laivalla k\u00e4vimme my\u00f6s useita kertojakin t\u00e4ss\u00e4 v\u00e4liss\u00e4. Suurimmaksi osaksi laivana oli Silja Linen <a href=\"https:\/\/fi.wikipedia.org\/wiki\/M\/S_Mega_Andrea\">M\/S Wellamo <\/a><\/p>\n<p><a href=\"http:\/\/tepish.net\/api\/wp-content\/uploads\/2017\/06\/34895_1479342874109_7157903_n.jpg\"><img fetchpriority=\"high\" decoding=\"async\" class=\"alignnone size-medium wp-image-90\" src=\"http:\/\/tepish.net\/api\/wp-content\/uploads\/2017\/06\/34895_1479342874109_7157903_n-300x190.jpg\" alt=\"\" width=\"300\" height=\"190\" srcset=\"https:\/\/tepish.net\/api\/wp-content\/uploads\/2017\/06\/34895_1479342874109_7157903_n-300x190.jpg 300w, https:\/\/tepish.net\/api\/wp-content\/uploads\/2017\/06\/34895_1479342874109_7157903_n.jpg 720w\" sizes=\"(max-width: 300px) 100vw, 300px\" \/><\/a> <a href=\"http:\/\/tepish.net\/api\/wp-content\/uploads\/2017\/06\/34895_1479342994112_2869486_n.jpg\"><img decoding=\"async\" class=\"alignnone size-medium wp-image-91\" src=\"http:\/\/tepish.net\/api\/wp-content\/uploads\/2017\/06\/34895_1479342994112_2869486_n-300x212.jpg\" alt=\"\" width=\"300\" height=\"212\" srcset=\"https:\/\/tepish.net\/api\/wp-content\/uploads\/2017\/06\/34895_1479342994112_2869486_n-300x212.jpg 300w, https:\/\/tepish.net\/api\/wp-content\/uploads\/2017\/06\/34895_1479342994112_2869486_n.jpg 720w\" sizes=\"(max-width: 300px) 100vw, 300px\" \/><\/a> <a href=\"http:\/\/tepish.net\/api\/wp-content\/uploads\/2017\/06\/35268_1477127218719_7619839_n.jpg\"><img decoding=\"async\" class=\"alignnone size-medium wp-image-92\" src=\"http:\/\/tepish.net\/api\/wp-content\/uploads\/2017\/06\/35268_1477127218719_7619839_n-300x189.jpg\" alt=\"\" width=\"300\" height=\"189\" srcset=\"https:\/\/tepish.net\/api\/wp-content\/uploads\/2017\/06\/35268_1477127218719_7619839_n-300x189.jpg 300w, https:\/\/tepish.net\/api\/wp-content\/uploads\/2017\/06\/35268_1477127218719_7619839_n.jpg 720w\" sizes=\"(max-width: 300px) 100vw, 300px\" \/><\/a><\/p>\n<p>Wellamolla ty\u00f6skenteli t\u00e4ss\u00e4 kohdassa Anneli t\u00e4ti ja t\u00e4m\u00e4 ehk\u00e4 v\u00e4h\u00e4sen vaikutti laivan valintaan. My\u00f6hemmin Anneli siirtyi M\/S Silja Europalle, kun laiva kulki Turku-Tukholma v\u00e4li\u00e4.<\/p>\n<h2>MTV-Studiot ja Suomenlinna<\/h2>\n<p>Matkustamaan l\u00e4hdettiin my\u00f6s er\u00e4\u00e4n\u00e4 kauniina kes\u00e4isen\u00e4 p\u00e4iv\u00e4n\u00e4 1989, Alpon ollessa 42 vuoden ik\u00e4inen elikk\u00e4 siis samassa i\u00e4ss\u00e4, mit\u00e4 itse olen t\u00e4t\u00e4 tarinaa kirjoittaessani. Alpo ja Eija innostuivat t\u00e4h\u00e4n aikaan video tuotannosta, erityisesti piirrosgraafisesta tuotannosta. T\u00e4h\u00e4n toimeen perustettiinkin KiFi-tuotanto ja sen vuoksi vanhemmat k\u00e4viv\u00e4t MTV3 Pasilan studioilla katsomassa <b>Silicon Graphics<\/b>in supertietokonetta. Homma kuitenkin kaatui siihen, ettei tietokoneen ostoon tarvittavaa \u00bd miljoonaa markkaa saatu hankittua mist\u00e4\u00e4n.<\/p>\n<p>Studioilta l\u00e4hdettiinkin sitten kohti Suomenlinnaa ja hyv\u00e4n toivon nieme\u00e4. Ryhm\u00e4teatterilla oli 1988-1989 ohjelmistossa produktio nimelt\u00e4\u00e4n &#8221;Taru Sormusten Herrasta&#8221; ja niinp\u00e4 jostain oltiin saatu liput hankittua koko perheelle katsomaan teatteri esitys ja allekirjoittaneelle t\u00e4m\u00e4 oli yksi suurimmista el\u00e4m\u00e4n tapahtumista.<\/p>\n<h2>Karkku &#8211; Astmaleiri<\/h2>\n<p>Er\u00e4\u00e4n\u00e4 onnettomana p\u00e4iv\u00e4n\u00e4 Tero koulusta tullessaan on vitivalkoinen ja henki ei oikein kulje. TYKSiin hoitoon ja diagnoosina astma. T\u00e4m\u00e4 sairaus laittoi meid\u00e4t matkalle kohti Karkkua. T\u00e4\u00e4ll\u00e4 Alpo solmi pitk\u00e4\u00e4n kest\u00e4neit\u00e4 yst\u00e4vyys suhteita Eijan kanssa joidenkin toisten astma lasten vanhempien kanssa ja siit\u00e4 poikikin useita tapaamisia n\u00e4iden ihmisten kanssa my\u00f6hemmin mm. Tammivalkamassa Satavassa.<\/p>\n<p><img loading=\"lazy\" decoding=\"async\" class=\"alignnone size-medium\" src=\"http:\/\/tepish.net\/teppo\/wp-content\/uploads\/2015\/07\/astma-tapaaminen-sum.jpg\" width=\"720\" height=\"465\" \/><\/p>\n<h2>Thaimaa<\/h2>\n<p>Kuitenkin kaikkein pisin ja ilmeisesti mieleen painuvin matka tapahtui ilman allekirjoittanutta ja suuntautui Thaimaan Pattayalle. T\u00e4m\u00e4 matka vaikutti Alpoon viel\u00e4 monta vuotta ja Pikisaaressa t\u00e4h\u00e4n liittyen tulikin Buddha patsas ja sille talo. Alpo on my\u00f6s yksityiskohtaisesti kirjannut koko matkan yl\u00f6s.<\/p>\n","protected":false},"excerpt":{"rendered":"<p>Teimme perheen kanssa matkoja Suomessa t\u00e4h\u00e4n aikaan. Retret N\u00e4ist\u00e4 muistiini palautuu etenkin er\u00e4s, joka tehtiin Retrettiin. Alkoi valmistelut ja puheet l\u00e4hd\u00f6st\u00e4 taidemuseoon ja niinp\u00e4 sit\u00e4 hankittiin lippuja, tehtiin suunnitelmia sek\u00e4 valmistauduttiin matkaan. Matka meni Savonlinnan kautta jossa k\u00e4velimme ymp\u00e4riins\u00e4 odotellessamme junan vaihtoa ja taidegalleriassa olisi mennyt varmaan koko p\u00e4iv\u00e4kin, mutta me lapset olimme melkoisen nopeita <a class=\"read-more\" href=\"https:\/\/tepish.net\/api\/matkustusta\/\">Read More<\/a><\/p>\n","protected":false},"author":1,"featured_media":0,"parent":0,"menu_order":0,"comment_status":"closed","ping_status":"closed","template":"","meta":{"footnotes":""},"class_list":["post-89","page","type-page","status-publish","hentry"],"_links":{"self":[{"href":"https:\/\/tepish.net\/api\/wp-json\/wp\/v2\/pages\/89","targetHints":{"allow":["GET"]}}],"collection":[{"href":"https:\/\/tepish.net\/api\/wp-json\/wp\/v2\/pages"}],"about":[{"href":"https:\/\/tepish.net\/api\/wp-json\/wp\/v2\/types\/page"}],"author":[{"embeddable":true,"href":"https:\/\/tepish.net\/api\/wp-json\/wp\/v2\/users\/1"}],"replies":[{"embeddable":true,"href":"https:\/\/tepish.net\/api\/wp-json\/wp\/v2\/comments?post=89"}],"version-history":[{"count":3,"href":"https:\/\/tepish.net\/api\/wp-json\/wp\/v2\/pages\/89\/revisions"}],"predecessor-version":[{"id":95,"href":"https:\/\/tepish.net\/api\/wp-json\/wp\/v2\/pages\/89\/revisions\/95"}],"wp:attachment":[{"href":"https:\/\/tepish.net\/api\/wp-json\/wp\/v2\/media?parent=89"}],"curies":[{"name":"wp","href":"https:\/\/api.w.org\/{rel}","templated":true}]}}