{"id":2,"date":"2021-03-15T11:56:26","date_gmt":"2021-03-15T09:56:26","guid":{"rendered":"https:\/\/tepish.net\/bb\/21\/?page_id=2"},"modified":"2021-11-28T23:45:54","modified_gmt":"2021-11-28T21:45:54","slug":"esimerkkisivu","status":"publish","type":"page","link":"https:\/\/tepish.net\/bb\/21\/","title":{"rendered":"TERVETULOA 2021 TAVISKAUDEN FANISIVULLE"},"content":{"rendered":"\t\t<div data-elementor-type=\"wp-page\" data-elementor-id=\"2\" class=\"elementor elementor-2\" data-elementor-settings=\"[]\">\n\t\t\t\t\t\t\t<div class=\"elementor-section-wrap\">\n\t\t\t\t\t\t\t<section class=\"elementor-section elementor-top-section elementor-element elementor-element-3236d339 elementor-section-boxed elementor-section-height-default elementor-section-height-default\" data-id=\"3236d339\" data-element_type=\"section\">\n\t\t\t\t\t\t<div class=\"elementor-container elementor-column-gap-default\">\n\t\t\t\t\t<div class=\"elementor-column elementor-col-100 elementor-top-column elementor-element elementor-element-592bc442\" data-id=\"592bc442\" data-element_type=\"column\">\n\t\t\t<div class=\"elementor-widget-wrap elementor-element-populated\">\n\t\t\t\t\t\t\t\t<div class=\"elementor-element elementor-element-0e45385 elementor-widget-divider--view-line_icon elementor-view-default elementor-widget-divider--element-align-center elementor-widget elementor-widget-divider\" data-id=\"0e45385\" data-element_type=\"widget\" data-widget_type=\"divider.default\">\n\t\t\t\t<div class=\"elementor-widget-container\">\n\t\t\t\t\t<div class=\"elementor-divider\">\n\t\t\t<span class=\"elementor-divider-separator\">\n\t\t\t\t\t\t\t<div class=\"elementor-icon elementor-divider__element\">\n\t\t\t\t\t<i aria-hidden=\"true\" class=\"fas fa-tree\"><\/i><\/div>\n\t\t\t\t\t\t<\/span>\n\t\t<\/div>\n\t\t\t\t<\/div>\n\t\t\t\t<\/div>\n\t\t\t\t<div class=\"elementor-element elementor-element-6688598 elementor-widget elementor-widget-text-editor\" data-id=\"6688598\" data-element_type=\"widget\" data-widget_type=\"text-editor.default\">\n\t\t\t\t<div class=\"elementor-widget-container\">\n\t\t\t\t\t\t\t<p><strong>KAUSI ON P\u00c4\u00c4TTYNYT JA VOITTAJA ON SELVILL\u00c4!<\/strong><\/p><p><strong>YLL\u00c4PITO TOIVOTTAA KAIKILLE SIVUILLE EKSYVILLE HYV\u00c4\u00c4 JOULUN AIKAA JA TOIVOKAAMME, ETT\u00c4 KEV\u00c4T 2022 TUO SEURAAVAN KAUDEN (KUTEN 2021 VIP)!<\/strong><\/p>\t\t\t\t\t\t<\/div>\n\t\t\t\t<\/div>\n\t\t\t\t<div class=\"elementor-element elementor-element-e761adc elementor-widget-divider--view-line_icon elementor-view-default elementor-widget-divider--element-align-center elementor-widget elementor-widget-divider\" data-id=\"e761adc\" data-element_type=\"widget\" data-widget_type=\"divider.default\">\n\t\t\t\t<div class=\"elementor-widget-container\">\n\t\t\t\t\t<div class=\"elementor-divider\">\n\t\t\t<span class=\"elementor-divider-separator\">\n\t\t\t\t\t\t\t<div class=\"elementor-icon elementor-divider__element\">\n\t\t\t\t\t<i aria-hidden=\"true\" class=\"fas fa-snowflake\"><\/i><\/div>\n\t\t\t\t\t\t<\/span>\n\t\t<\/div>\n\t\t\t\t<\/div>\n\t\t\t\t<\/div>\n\t\t\t\t<div class=\"elementor-element elementor-element-640b947 elementor-widget elementor-widget-text-editor\" data-id=\"640b947\" data-element_type=\"widget\" data-widget_type=\"text-editor.default\">\n\t\t\t\t<div class=\"elementor-widget-container\">\n\t\t\t\t\t\t\t<p>Kauden 2021 suurin uutuus tepish fanisivuilla on:<\/p>\n<p><a href=\"https:\/\/tepish.net\/bb\/21\/index.php\/timeline\/\">AIKAJANA (Timeline)<\/a><\/p>\n<p>T\u00e4nne ker\u00e4\u00e4ntyy kauden aikana tapahtumat ohjelmassa, muodostaen siistin aikajanan tapahtumista ja teht\u00e4vist\u00e4 (p\u00e4ivittyy sit\u00e4 mukaan kun jaksan p\u00e4ivitt\u00e4\u00e4 tapahtumat janalle)!<\/p>\n<p>Lis\u00e4ksi: Asukkaiden putoaminen ja esittelyt ovat hieman muuttuneet<\/p>\t\t\t\t\t\t<\/div>\n\t\t\t\t<\/div>\n\t\t\t\t\t<\/div>\n\t\t<\/div>\n\t\t\t\t\t\t\t<\/div>\n\t\t<\/section>\n\t\t\t\t\t\t<\/div>\n\t\t\t\t\t<\/div>\n\t\t","protected":false},"excerpt":{"rendered":"<p>KAUSI ON P\u00c4\u00c4TTYNYT JA VOITTAJA ON SELVILL\u00c4! YLL\u00c4PITO TOIVOTTAA KAIKILLE SIVUILLE EKSYVILLE HYV\u00c4\u00c4 JOULUN AIKAA JA TOIVOKAAMME, ETT\u00c4 KEV\u00c4T 2022 TUO SEURAAVAN KAUDEN (KUTEN 2021 VIP)! Kauden 2021 suurin uutuus tepish fanisivuilla on: AIKAJANA (Timeline) T\u00e4nne ker\u00e4\u00e4ntyy kauden aikana tapahtumat ohjelmassa, muodostaen siistin aikajanan tapahtumista ja teht\u00e4vist\u00e4 (p\u00e4ivittyy sit\u00e4 mukaan kun jaksan p\u00e4ivitt\u00e4\u00e4 tapahtumat janalle)!&#8230;<\/p>\n","protected":false},"author":1,"featured_media":0,"parent":0,"menu_order":0,"comment_status":"closed","ping_status":"open","template":"","meta":[],"_links":{"self":[{"href":"https:\/\/tepish.net\/bb\/21\/index.php\/wp-json\/wp\/v2\/pages\/2"}],"collection":[{"href":"https:\/\/tepish.net\/bb\/21\/index.php\/wp-json\/wp\/v2\/pages"}],"about":[{"href":"https:\/\/tepish.net\/bb\/21\/index.php\/wp-json\/wp\/v2\/types\/page"}],"author":[{"embeddable":true,"href":"https:\/\/tepish.net\/bb\/21\/index.php\/wp-json\/wp\/v2\/users\/1"}],"replies":[{"embeddable":true,"href":"https:\/\/tepish.net\/bb\/21\/index.php\/wp-json\/wp\/v2\/comments?post=2"}],"version-history":[{"count":16,"href":"https:\/\/tepish.net\/bb\/21\/index.php\/wp-json\/wp\/v2\/pages\/2\/revisions"}],"predecessor-version":[{"id":1880,"href":"https:\/\/tepish.net\/bb\/21\/index.php\/wp-json\/wp\/v2\/pages\/2\/revisions\/1880"}],"wp:attachment":[{"href":"https:\/\/tepish.net\/bb\/21\/index.php\/wp-json\/wp\/v2\/media?parent=2"}],"curies":[{"name":"wp","href":"https:\/\/api.w.org\/{rel}","templated":true}]}}