{"id":437,"date":"2021-09-06T10:55:02","date_gmt":"2021-09-06T07:55:02","guid":{"rendered":"https:\/\/tepish.net\/bb\/21\/?page_id=437"},"modified":"2021-09-21T11:28:15","modified_gmt":"2021-09-21T08:28:15","slug":"asukas-8","status":"publish","type":"page","link":"https:\/\/tepish.net\/bb\/21\/index.php\/asukas-8\/","title":{"rendered":"Asukas 8"},"content":{"rendered":"\t\t<div data-elementor-type=\"wp-page\" data-elementor-id=\"437\" class=\"elementor elementor-437\" data-elementor-settings=\"[]\">\n\t\t\t\t\t\t\t<div class=\"elementor-section-wrap\">\n\t\t\t\t\t\t\t<section class=\"elementor-section elementor-top-section elementor-element elementor-element-f4f746a elementor-section-boxed elementor-section-height-default elementor-section-height-default\" data-id=\"f4f746a\" data-element_type=\"section\">\n\t\t\t\t\t\t<div class=\"elementor-container elementor-column-gap-default\">\n\t\t\t\t\t<div class=\"elementor-column elementor-col-100 elementor-top-column elementor-element elementor-element-716672a\" data-id=\"716672a\" data-element_type=\"column\">\n\t\t\t<div class=\"elementor-widget-wrap elementor-element-populated\">\n\t\t\t\t\t\t\t\t<div class=\"elementor-element elementor-element-6793b1a elementor-widget elementor-widget-bdt-member\" data-id=\"6793b1a\" data-element_type=\"widget\" data-widget_type=\"bdt-member.bdt-partait\">\n\t\t\t\t<div class=\"elementor-widget-container\">\n\t\t\t\t\t<div class=\"bdt-member bdt-member-skin-partait\">\n\t\t\t<div class=\"bdt-grid bdt-grid-collapse bdt-child-width-1-2@m\" data-bdt-grid>\n\t\t\n\t\t\t\t\t<div class=\"bdt-member-photo-wrapper bdt-image-mask\">\n\n\t\t\t\t\t\t\n\t\t\t\t\t\t<div class=\"bdt-member-photo\">\n\t\t\t\t\t\t\t<div class=\"\">\n\t\t\t\t\t\t\t\t<img src=\"https:\/\/tepish.net\/bb\/21\/wp-content\/uploads\/2021\/09\/big_brother_suomi_kausi_4_promo_katja_02_kuvaaja_jukka_alasaari-scaled.jpg\" title=\"big_brother_suomi_kausi_4_promo_katja_02_kuvaaja_jukka_alasaari\" alt=\"big_brother_suomi_kausi_4_promo_katja_02_kuvaaja_jukka_alasaari\" \/>\t\t\t\t\t\t\t<\/div>\n\t\t\t\t\t\t<\/div>\n\n\t\t\t\t\t\t\n\t\t\t\t\t<\/div>\n\t\t\t\t\t\n\t\t\t\t\n\t\t\t\t<div class=\"bdt-member-desc bdt-position-relative\">\n\t\t\t\t\t<div class=\"bdt-position-center bdt-text-center bdt-member-desc-wrapper\">\n\t\t\t\t\t\t<div class=\"bdt-member-description\">\n\t\t\t\t\t\t\t\t\t\t\t\t\t\t\t<span class=\"bdt-member-name\">Katja<\/span>\n\t\t\t\t\t\t\t\n\t\t\t\t\t\t\t\t\t\t\t\t\t\t\t<span class=\"bdt-member-role\">Asukas 8<\/span>\n\t\t\t\t\t\t\t\t\t\t\t\t\t\t\n\t\t\t\t\t\t\t\t\t\t\t\t\t\t\t<div class=\"bdt-member-text bdt-content-wrap\">Asukkaan tiedot<BR>\nLEMPINIMI: \n<BR>\nIK\u00c4: 35\n<BR>\nASUINPAIKKA: Oulu\n<BR>\nMUUTA:<BR>\nSINKKU<BR>\nTuplatutkinnon suorittanut nainen, jota voisi pit\u00e4\u00e4 ns. 10 oppilaana.<BR>\nHuumori on h\u00e4nelle t\u00e4rke\u00e4\u00e4 ja pit\u00e4\u00e4 suotavana itsens\u00e4 viihdytt\u00e4mist\u00e4 leikell\u00e4 ja peleill\u00e4<\/div>\n\t\t\t\t\t\t\t\t\t\t\t\t\t<\/div>\n\t\t\t\t\t\t\n\t\t\t\t\t\t\t\t\t\t\t\t<div class=\"bdt-member-icons\">\n\t\t\t\t\t\t\t\t\t\t\t\t\t\t\t<a href=\"\" class=\"bdt-member-icon elementor-repeater-item-f362b72\" target=\"_blank\" title=\"\" \n\t\t\t\t\t\t\t\t data-bdt-tooltip>\n\t\t\t\t\t\t\t\t\t\n\t\t\t\t\t\t\t\t\t<i aria-hidden=\"true\" class=\"fa-fw fas fa-user-alt-slash\"><\/i>\n\t\t\t\t\t\t\t\t<\/a>\n\t\t\t\t\t\t\t\t\t\t\t\t\t<\/div>\n\t\t\t\t\t\t\n\t\t\t\t\t<\/div>\n\t\t\t\t<\/div>\t\t\t\t\n\t\t\t<\/div>\n\t\t<\/div>\n\t\t\t\t<\/div>\n\t\t\t\t<\/div>\n\t\t\t\t<div class=\"elementor-element elementor-element-1df0c3e elementor-widget elementor-widget-text-editor\" data-id=\"1df0c3e\" data-element_type=\"widget\" data-widget_type=\"text-editor.default\">\n\t\t\t\t<div class=\"elementor-widget-container\">\n\t\t\t\t\t\t\t<p><strong>Mik\u00e4li asukkaalta l\u00f6ytyy <span style=\"text-decoration: underline;\">julkisia<\/span> sosiaalisenmedian tietoja ne l\u00f6ytyy yll\u00e4 ^<\/strong><\/p>\t\t\t\t\t\t<\/div>\n\t\t\t\t<\/div>\n\t\t\t\t\t<\/div>\n\t\t<\/div>\n\t\t\t\t\t\t\t<\/div>\n\t\t<\/section>\n\t\t\t\t\t\t<\/div>\n\t\t\t\t\t<\/div>\n\t\t","protected":false},"excerpt":{"rendered":"<p>Katja Asukas 8 Asukkaan tiedot LEMPINIMI: IK\u00c4: 35 ASUINPAIKKA: Oulu MUUTA: SINKKU Tuplatutkinnon suorittanut nainen, jota voisi pit\u00e4\u00e4 ns. 10 oppilaana. Huumori on h\u00e4nelle t\u00e4rke\u00e4\u00e4 ja pit\u00e4\u00e4 suotavana itsens\u00e4 viihdytt\u00e4mist\u00e4 leikell\u00e4 ja peleill\u00e4 Mik\u00e4li asukkaalta l\u00f6ytyy julkisia sosiaalisenmedian tietoja ne l\u00f6ytyy yll\u00e4 ^<\/p>\n","protected":false},"author":1,"featured_media":0,"parent":0,"menu_order":0,"comment_status":"closed","ping_status":"closed","template":"","meta":[],"_links":{"self":[{"href":"https:\/\/tepish.net\/bb\/21\/index.php\/wp-json\/wp\/v2\/pages\/437"}],"collection":[{"href":"https:\/\/tepish.net\/bb\/21\/index.php\/wp-json\/wp\/v2\/pages"}],"about":[{"href":"https:\/\/tepish.net\/bb\/21\/index.php\/wp-json\/wp\/v2\/types\/page"}],"author":[{"embeddable":true,"href":"https:\/\/tepish.net\/bb\/21\/index.php\/wp-json\/wp\/v2\/users\/1"}],"replies":[{"embeddable":true,"href":"https:\/\/tepish.net\/bb\/21\/index.php\/wp-json\/wp\/v2\/comments?post=437"}],"version-history":[{"count":10,"href":"https:\/\/tepish.net\/bb\/21\/index.php\/wp-json\/wp\/v2\/pages\/437\/revisions"}],"predecessor-version":[{"id":898,"href":"https:\/\/tepish.net\/bb\/21\/index.php\/wp-json\/wp\/v2\/pages\/437\/revisions\/898"}],"wp:attachment":[{"href":"https:\/\/tepish.net\/bb\/21\/index.php\/wp-json\/wp\/v2\/media?parent=437"}],"curies":[{"name":"wp","href":"https:\/\/api.w.org\/{rel}","templated":true}]}}