{"id":452,"date":"2021-09-06T11:08:49","date_gmt":"2021-09-06T08:08:49","guid":{"rendered":"https:\/\/tepish.net\/bb\/21\/?page_id=452"},"modified":"2021-10-26T13:18:47","modified_gmt":"2021-10-26T10:18:47","slug":"asukas-11","status":"publish","type":"page","link":"https:\/\/tepish.net\/bb\/21\/index.php\/asukas-11\/","title":{"rendered":"Asukas 11"},"content":{"rendered":"\t\t<div data-elementor-type=\"wp-page\" data-elementor-id=\"452\" class=\"elementor elementor-452\" data-elementor-settings=\"[]\">\n\t\t\t\t\t\t\t<div class=\"elementor-section-wrap\">\n\t\t\t\t\t\t\t<section class=\"elementor-section elementor-top-section elementor-element elementor-element-f4f746a elementor-section-boxed elementor-section-height-default elementor-section-height-default\" data-id=\"f4f746a\" data-element_type=\"section\">\n\t\t\t\t\t\t<div class=\"elementor-container elementor-column-gap-default\">\n\t\t\t\t\t<div class=\"elementor-column elementor-col-100 elementor-top-column elementor-element elementor-element-716672a\" data-id=\"716672a\" data-element_type=\"column\">\n\t\t\t<div class=\"elementor-widget-wrap elementor-element-populated\">\n\t\t\t\t\t\t\t\t<div class=\"elementor-element elementor-element-6793b1a elementor-widget elementor-widget-bdt-member\" data-id=\"6793b1a\" data-element_type=\"widget\" data-widget_type=\"bdt-member.bdt-partait\">\n\t\t\t\t<div class=\"elementor-widget-container\">\n\t\t\t\t\t<div class=\"bdt-member bdt-member-skin-partait\">\n\t\t\t<div class=\"bdt-grid bdt-grid-collapse bdt-child-width-1-2@m\" data-bdt-grid>\n\t\t\n\t\t\t\t\t<div class=\"bdt-member-photo-wrapper bdt-image-mask\">\n\n\t\t\t\t\t\t\n\t\t\t\t\t\t<div class=\"bdt-member-photo\">\n\t\t\t\t\t\t\t<div class=\"\">\n\t\t\t\t\t\t\t\t<img src=\"https:\/\/tepish.net\/bb\/21\/wp-content\/uploads\/2021\/09\/big_brother_suomi_kausi_4_promo_anssi_02_kuvaaja_jukka_alasaari-scaled.jpg\" title=\"big_brother_suomi_kausi_4_promo_anssi_02_kuvaaja_jukka_alasaari\" alt=\"big_brother_suomi_kausi_4_promo_anssi_02_kuvaaja_jukka_alasaari\" \/>\t\t\t\t\t\t\t<\/div>\n\t\t\t\t\t\t<\/div>\n\n\t\t\t\t\t\t\n\t\t\t\t\t<\/div>\n\t\t\t\t\t\n\t\t\t\t\n\t\t\t\t<div class=\"bdt-member-desc bdt-position-relative\">\n\t\t\t\t\t<div class=\"bdt-position-center bdt-text-center bdt-member-desc-wrapper\">\n\t\t\t\t\t\t<div class=\"bdt-member-description\">\n\t\t\t\t\t\t\t\t\t\t\t\t\t\t\t<span class=\"bdt-member-name\">Anssi<\/span>\n\t\t\t\t\t\t\t\n\t\t\t\t\t\t\t\t\t\t\t\t\t\t\t<span class=\"bdt-member-role\">Asukas 11<\/span>\n\t\t\t\t\t\t\t\t\t\t\t\t\t\t\n\t\t\t\t\t\t\t\t\t\t\t\t\t\t\t<div class=\"bdt-member-text bdt-content-wrap\">Asukkaan tiedot<BR>\nLEMPINIMI: Andy (AndyPyro - Twich)\n<BR>\nIK\u00c4: 31\n<BR>\nASUINPAIKKA: Utaj\u00e4rvi\n<BR>\nMUUTA:<BR>\nAVOLIITOSSA<BR>\nSuhteellisen tunnettu pelistriimaja Twich alustalla. H\u00e4nell\u00e4 on yli 260 tuhatta seuraajaa. <BR>\nNuoruus mennyt levottomasti ja ollutkin erilaisissa laitoksissa t\u00f6rtt\u00f6ilyjen vuoksi.<BR>\nSaattaa provosoida ihmisi\u00e4 mielipiteill\u00e4\u00e4n, jopa k\u00e4rkk\u00e4\u00e4mmin kuin on tarkoittanut. <\/div>\n\t\t\t\t\t\t\t\t\t\t\t\t\t<\/div>\n\t\t\t\t\t\t\n\t\t\t\t\t\t\t\t\t\t\t\t<div class=\"bdt-member-icons\">\n\t\t\t\t\t\t\t\t\t\t\t\t\t\t\t<a href=\"https:\/\/www.twitch.tv\/officialandypyro\/\" class=\"bdt-member-icon elementor-repeater-item-d6daf3c\" target=\"_blank\" title=\"twitch\" \n\t\t\t\t\t\t\t\t data-bdt-tooltip>\n\t\t\t\t\t\t\t\t\t\n\t\t\t\t\t\t\t\t\t<i aria-hidden=\"true\" class=\"fa-fw fab fa-twitch\"><\/i>\n\t\t\t\t\t\t\t\t<\/a>\n\t\t\t\t\t\t\t\t\t\t\t\t\t\t\t<a href=\"https:\/\/www.instagram.com\/twitchandy\/\" class=\"bdt-member-icon elementor-repeater-item-2034fcf\" target=\"_blank\" title=\"Instagram\" \n\t\t\t\t\t\t\t\t data-bdt-tooltip>\n\t\t\t\t\t\t\t\t\t\n\t\t\t\t\t\t\t\t\t<i aria-hidden=\"true\" class=\"fa-fw fab fa-instagram\"><\/i>\n\t\t\t\t\t\t\t\t<\/a>\n\t\t\t\t\t\t\t\t\t\t\t\t\t\t\t<a href=\"https:\/\/twitter.com\/4ndypyro\" class=\"bdt-member-icon elementor-repeater-item-6bd5580\" target=\"_blank\" title=\"Twitter\" \n\t\t\t\t\t\t\t\t data-bdt-tooltip>\n\t\t\t\t\t\t\t\t\t\n\t\t\t\t\t\t\t\t\t<i aria-hidden=\"true\" class=\"fa-fw fab fa-twitter\"><\/i>\n\t\t\t\t\t\t\t\t<\/a>\n\t\t\t\t\t\t\t\t\t\t\t\t\t\t\t<a href=\"https:\/\/www.facebook.com\/officialandypyro\" class=\"bdt-member-icon elementor-repeater-item-03aa873\" target=\"_blank\" title=\"Facebook\" \n\t\t\t\t\t\t\t\t data-bdt-tooltip>\n\t\t\t\t\t\t\t\t\t\n\t\t\t\t\t\t\t\t\t<i aria-hidden=\"true\" class=\"fa-fw fab fa-facebook-f\"><\/i>\n\t\t\t\t\t\t\t\t<\/a>\n\t\t\t\t\t\t\t\t\t\t\t\t\t\t\t<a href=\"https:\/\/www.youtube.com\/user\/scandinaviangoodguy\/videos\" class=\"bdt-member-icon elementor-repeater-item-168078b\" target=\"_blank\" title=\"Youtube\" \n\t\t\t\t\t\t\t\t data-bdt-tooltip>\n\t\t\t\t\t\t\t\t\t\n\t\t\t\t\t\t\t\t\t<i aria-hidden=\"true\" class=\"fa-fw fab fa-youtube\"><\/i>\n\t\t\t\t\t\t\t\t<\/a>\n\t\t\t\t\t\t\t\t\t\t\t\t\t<\/div>\n\t\t\t\t\t\t\n\t\t\t\t\t<\/div>\n\t\t\t\t<\/div>\t\t\t\t\n\t\t\t<\/div>\n\t\t<\/div>\n\t\t\t\t<\/div>\n\t\t\t\t<\/div>\n\t\t\t\t<div class=\"elementor-element elementor-element-1df0c3e elementor-widget elementor-widget-text-editor\" data-id=\"1df0c3e\" data-element_type=\"widget\" data-widget_type=\"text-editor.default\">\n\t\t\t\t<div class=\"elementor-widget-container\">\n\t\t\t\t\t\t\t<p><strong>Mik\u00e4li asukkaalta l\u00f6ytyy <span style=\"text-decoration: underline;\">julkisia<\/span> sosiaalisenmedian tietoja ne l\u00f6ytyy yll\u00e4 ^<\/strong><\/p>\t\t\t\t\t\t<\/div>\n\t\t\t\t<\/div>\n\t\t\t\t\t<\/div>\n\t\t<\/div>\n\t\t\t\t\t\t\t<\/div>\n\t\t<\/section>\n\t\t\t\t\t\t<\/div>\n\t\t\t\t\t<\/div>\n\t\t","protected":false},"excerpt":{"rendered":"<p>Anssi Asukas 11 Asukkaan tiedot LEMPINIMI: Andy (AndyPyro &#8211; Twich) IK\u00c4: 31 ASUINPAIKKA: Utaj\u00e4rvi MUUTA: AVOLIITOSSA Suhteellisen tunnettu pelistriimaja Twich alustalla. H\u00e4nell\u00e4 on yli 260 tuhatta seuraajaa. Nuoruus mennyt levottomasti ja ollutkin erilaisissa laitoksissa t\u00f6rtt\u00f6ilyjen vuoksi. Saattaa provosoida ihmisi\u00e4 mielipiteill\u00e4\u00e4n, jopa k\u00e4rkk\u00e4\u00e4mmin kuin on tarkoittanut. Mik\u00e4li asukkaalta l\u00f6ytyy julkisia sosiaalisenmedian tietoja ne l\u00f6ytyy yll\u00e4 ^<\/p>\n","protected":false},"author":1,"featured_media":0,"parent":0,"menu_order":0,"comment_status":"closed","ping_status":"closed","template":"","meta":[],"_links":{"self":[{"href":"https:\/\/tepish.net\/bb\/21\/index.php\/wp-json\/wp\/v2\/pages\/452"}],"collection":[{"href":"https:\/\/tepish.net\/bb\/21\/index.php\/wp-json\/wp\/v2\/pages"}],"about":[{"href":"https:\/\/tepish.net\/bb\/21\/index.php\/wp-json\/wp\/v2\/types\/page"}],"author":[{"embeddable":true,"href":"https:\/\/tepish.net\/bb\/21\/index.php\/wp-json\/wp\/v2\/users\/1"}],"replies":[{"embeddable":true,"href":"https:\/\/tepish.net\/bb\/21\/index.php\/wp-json\/wp\/v2\/comments?post=452"}],"version-history":[{"count":19,"href":"https:\/\/tepish.net\/bb\/21\/index.php\/wp-json\/wp\/v2\/pages\/452\/revisions"}],"predecessor-version":[{"id":1498,"href":"https:\/\/tepish.net\/bb\/21\/index.php\/wp-json\/wp\/v2\/pages\/452\/revisions\/1498"}],"wp:attachment":[{"href":"https:\/\/tepish.net\/bb\/21\/index.php\/wp-json\/wp\/v2\/media?parent=452"}],"curies":[{"name":"wp","href":"https:\/\/api.w.org\/{rel}","templated":true}]}}