{"id":460,"date":"2021-09-06T11:16:30","date_gmt":"2021-09-06T08:16:30","guid":{"rendered":"https:\/\/tepish.net\/bb\/21\/?page_id=460"},"modified":"2021-09-21T11:30:34","modified_gmt":"2021-09-21T08:30:34","slug":"asukas-12","status":"publish","type":"page","link":"https:\/\/tepish.net\/bb\/21\/index.php\/asukas-12\/","title":{"rendered":"Asukas 12"},"content":{"rendered":"\t\t<div data-elementor-type=\"wp-page\" data-elementor-id=\"460\" class=\"elementor elementor-460\" data-elementor-settings=\"[]\">\n\t\t\t\t\t\t\t<div class=\"elementor-section-wrap\">\n\t\t\t\t\t\t\t<section class=\"elementor-section elementor-top-section elementor-element elementor-element-f4f746a elementor-section-boxed elementor-section-height-default elementor-section-height-default\" data-id=\"f4f746a\" data-element_type=\"section\">\n\t\t\t\t\t\t<div class=\"elementor-container elementor-column-gap-default\">\n\t\t\t\t\t<div class=\"elementor-column elementor-col-100 elementor-top-column elementor-element elementor-element-716672a\" data-id=\"716672a\" data-element_type=\"column\">\n\t\t\t<div class=\"elementor-widget-wrap elementor-element-populated\">\n\t\t\t\t\t\t\t\t<div class=\"elementor-element elementor-element-6793b1a elementor-widget elementor-widget-bdt-member\" data-id=\"6793b1a\" data-element_type=\"widget\" data-widget_type=\"bdt-member.bdt-partait\">\n\t\t\t\t<div class=\"elementor-widget-container\">\n\t\t\t\t\t<div class=\"bdt-member bdt-member-skin-partait\">\n\t\t\t<div class=\"bdt-grid bdt-grid-collapse bdt-child-width-1-2@m\" data-bdt-grid>\n\t\t\n\t\t\t\t\t<div class=\"bdt-member-photo-wrapper bdt-image-mask\">\n\n\t\t\t\t\t\t\n\t\t\t\t\t\t<div class=\"bdt-member-photo\">\n\t\t\t\t\t\t\t<div class=\"\">\n\t\t\t\t\t\t\t\t<img src=\"https:\/\/tepish.net\/bb\/21\/wp-content\/uploads\/2021\/09\/big_brother_suomi_kausi_4_promo_laura_02_kuvaaja_jukka_alasaari-scaled.jpg\" title=\"big_brother_suomi_kausi_4_promo_laura_02_kuvaaja_jukka_alasaari\" alt=\"big_brother_suomi_kausi_4_promo_laura_02_kuvaaja_jukka_alasaari\" \/>\t\t\t\t\t\t\t<\/div>\n\t\t\t\t\t\t<\/div>\n\n\t\t\t\t\t\t\n\t\t\t\t\t<\/div>\n\t\t\t\t\t\n\t\t\t\t\n\t\t\t\t<div class=\"bdt-member-desc bdt-position-relative\">\n\t\t\t\t\t<div class=\"bdt-position-center bdt-text-center bdt-member-desc-wrapper\">\n\t\t\t\t\t\t<div class=\"bdt-member-description\">\n\t\t\t\t\t\t\t\t\t\t\t\t\t\t\t<span class=\"bdt-member-name\">Laura L<\/span>\n\t\t\t\t\t\t\t\n\t\t\t\t\t\t\t\t\t\t\t\t\t\t\t<span class=\"bdt-member-role\">Asukas 12<\/span>\n\t\t\t\t\t\t\t\t\t\t\t\t\t\t\n\t\t\t\t\t\t\t\t\t\t\t\t\t\t\t<div class=\"bdt-member-text bdt-content-wrap\">Asukkaan tiedot<BR>\nLEMPINIMI: \n<BR>\nIK\u00c4: 24\n<BR>\nASUINPAIKKA: Helsinki\n<BR>\nMUUTA:<BR>\nAVOLIITOSSA<BR>\nViimeisimmin ty\u00f6skennellyt ravintolap\u00e4\u00e4llikk\u00f6.<BR>\nVegaanilesboksi itse\u00e4\u00e4n tituleeraava nainen.<BR>\nH\u00e4n toivoisi ihmisten huomaavan, ett\u00e4 ulkokuoresta ei voi p\u00e4\u00e4tell\u00e4 ihmisest\u00e4 itsest\u00e4\u00e4n.<BR>\nOttaa mieluusti johtoroolia, mutta my\u00f6nt\u00e4\u00e4 hermojen kiristyess\u00e4 joskus kiukuttelevansa.<\/div>\n\t\t\t\t\t\t\t\t\t\t\t\t\t<\/div>\n\t\t\t\t\t\t\n\t\t\t\t\t\t\t\t\t\t\t\t<div class=\"bdt-member-icons\">\n\t\t\t\t\t\t\t\t\t\t\t\t\t\t\t<a href=\"https:\/\/www.instagram.com\/llarive\/\" class=\"bdt-member-icon elementor-repeater-item-2034fcf\" target=\"_blank\" title=\"Instagram\" \n\t\t\t\t\t\t\t\t data-bdt-tooltip>\n\t\t\t\t\t\t\t\t\t\n\t\t\t\t\t\t\t\t\t<i aria-hidden=\"true\" class=\"fa-fw fab fa-instagram\"><\/i>\n\t\t\t\t\t\t\t\t<\/a>\n\t\t\t\t\t\t\t\t\t\t\t\t\t<\/div>\n\t\t\t\t\t\t\n\t\t\t\t\t<\/div>\n\t\t\t\t<\/div>\t\t\t\t\n\t\t\t<\/div>\n\t\t<\/div>\n\t\t\t\t<\/div>\n\t\t\t\t<\/div>\n\t\t\t\t<div class=\"elementor-element elementor-element-1df0c3e elementor-widget elementor-widget-text-editor\" data-id=\"1df0c3e\" data-element_type=\"widget\" data-widget_type=\"text-editor.default\">\n\t\t\t\t<div class=\"elementor-widget-container\">\n\t\t\t\t\t\t\t<p><strong>Mik\u00e4li asukkaalta l\u00f6ytyy <span style=\"text-decoration: underline;\">julkisia<\/span> sosiaalisenmedian tietoja ne l\u00f6ytyy yll\u00e4 ^<\/strong><\/p>\t\t\t\t\t\t<\/div>\n\t\t\t\t<\/div>\n\t\t\t\t\t<\/div>\n\t\t<\/div>\n\t\t\t\t\t\t\t<\/div>\n\t\t<\/section>\n\t\t\t\t\t\t<\/div>\n\t\t\t\t\t<\/div>\n\t\t","protected":false},"excerpt":{"rendered":"<p>Laura L Asukas 12 Asukkaan tiedot LEMPINIMI: IK\u00c4: 24 ASUINPAIKKA: Helsinki MUUTA: AVOLIITOSSA Viimeisimmin ty\u00f6skennellyt ravintolap\u00e4\u00e4llikk\u00f6. Vegaanilesboksi itse\u00e4\u00e4n tituleeraava nainen. H\u00e4n toivoisi ihmisten huomaavan, ett\u00e4 ulkokuoresta ei voi p\u00e4\u00e4tell\u00e4 ihmisest\u00e4 itsest\u00e4\u00e4n. Ottaa mieluusti johtoroolia, mutta my\u00f6nt\u00e4\u00e4 hermojen kiristyess\u00e4 joskus kiukuttelevansa. Mik\u00e4li asukkaalta l\u00f6ytyy julkisia sosiaalisenmedian tietoja ne l\u00f6ytyy yll\u00e4 ^<\/p>\n","protected":false},"author":1,"featured_media":0,"parent":0,"menu_order":0,"comment_status":"closed","ping_status":"closed","template":"","meta":[],"_links":{"self":[{"href":"https:\/\/tepish.net\/bb\/21\/index.php\/wp-json\/wp\/v2\/pages\/460"}],"collection":[{"href":"https:\/\/tepish.net\/bb\/21\/index.php\/wp-json\/wp\/v2\/pages"}],"about":[{"href":"https:\/\/tepish.net\/bb\/21\/index.php\/wp-json\/wp\/v2\/types\/page"}],"author":[{"embeddable":true,"href":"https:\/\/tepish.net\/bb\/21\/index.php\/wp-json\/wp\/v2\/users\/1"}],"replies":[{"embeddable":true,"href":"https:\/\/tepish.net\/bb\/21\/index.php\/wp-json\/wp\/v2\/comments?post=460"}],"version-history":[{"count":10,"href":"https:\/\/tepish.net\/bb\/21\/index.php\/wp-json\/wp\/v2\/pages\/460\/revisions"}],"predecessor-version":[{"id":901,"href":"https:\/\/tepish.net\/bb\/21\/index.php\/wp-json\/wp\/v2\/pages\/460\/revisions\/901"}],"wp:attachment":[{"href":"https:\/\/tepish.net\/bb\/21\/index.php\/wp-json\/wp\/v2\/media?parent=460"}],"curies":[{"name":"wp","href":"https:\/\/api.w.org\/{rel}","templated":true}]}}