{"id":208,"date":"2021-05-03T09:35:00","date_gmt":"2021-05-03T06:35:00","guid":{"rendered":"https:\/\/tepish.net\/bb\/21vip\/?page_id=208"},"modified":"2021-05-03T10:01:16","modified_gmt":"2021-05-03T07:01:16","slug":"asukas2","status":"publish","type":"page","link":"https:\/\/tepish.net\/bb\/21vip\/index.php\/asukas2\/","title":{"rendered":"Asukas 2"},"content":{"rendered":"\t\t<div data-elementor-type=\"wp-page\" data-elementor-id=\"208\" class=\"elementor elementor-208\" data-elementor-settings=\"[]\">\n\t\t\t\t\t\t\t<div class=\"elementor-section-wrap\">\n\t\t\t\t\t\t\t<section class=\"elementor-section elementor-top-section elementor-element elementor-element-e6041b6 elementor-section-boxed elementor-section-height-default elementor-section-height-default\" data-id=\"e6041b6\" data-element_type=\"section\">\n\t\t\t\t\t\t<div class=\"elementor-container elementor-column-gap-default\">\n\t\t\t\t\t<div class=\"elementor-column elementor-col-100 elementor-top-column elementor-element elementor-element-f52fd4f\" data-id=\"f52fd4f\" data-element_type=\"column\">\n\t\t\t<div class=\"elementor-widget-wrap elementor-element-populated\">\n\t\t\t\t\t\t\t\t<div class=\"elementor-element elementor-element-2922647 elementor-widget elementor-widget-heading\" data-id=\"2922647\" data-element_type=\"widget\" data-widget_type=\"heading.default\">\n\t\t\t\t<div class=\"elementor-widget-container\">\n\t\t\t<h2 class=\"elementor-heading-title elementor-size-default\">Rosa Meril\u00e4inen<\/h2>\t\t<\/div>\n\t\t\t\t<\/div>\n\t\t\t\t\t<\/div>\n\t\t<\/div>\n\t\t\t\t\t\t\t<\/div>\n\t\t<\/section>\n\t\t\t\t<section class=\"elementor-section elementor-top-section elementor-element elementor-element-78d090d elementor-section-boxed elementor-section-height-default elementor-section-height-default\" data-id=\"78d090d\" data-element_type=\"section\">\n\t\t\t\t\t\t<div class=\"elementor-container elementor-column-gap-default\">\n\t\t\t\t\t<div class=\"elementor-column elementor-col-100 elementor-top-column elementor-element elementor-element-16d9641\" data-id=\"16d9641\" data-element_type=\"column\">\n\t\t\t<div class=\"elementor-widget-wrap elementor-element-populated\">\n\t\t\t\t\t\t\t\t<div class=\"elementor-element elementor-element-99173fe elementor-widget elementor-widget-image\" data-id=\"99173fe\" data-element_type=\"widget\" data-widget_type=\"image.default\">\n\t\t\t\t<div class=\"elementor-widget-container\">\n\t\t\t\t\t<div class=\"elementor-image\">\n\t\t\t\t\t\t\t\t\t\t<img width=\"200\" height=\"300\" src=\"https:\/\/tepish.net\/bb\/21vip\/wp-content\/uploads\/2021\/05\/Merilainen-200x300.jpeg\" class=\"attachment-medium size-medium\" alt=\"\" loading=\"lazy\" srcset=\"https:\/\/tepish.net\/bb\/21vip\/wp-content\/uploads\/2021\/05\/Merilainen-200x300.jpeg 200w, https:\/\/tepish.net\/bb\/21vip\/wp-content\/uploads\/2021\/05\/Merilainen-683x1024.jpeg 683w, https:\/\/tepish.net\/bb\/21vip\/wp-content\/uploads\/2021\/05\/Merilainen-768x1151.jpeg 768w, https:\/\/tepish.net\/bb\/21vip\/wp-content\/uploads\/2021\/05\/Merilainen-1025x1536.jpeg 1025w, https:\/\/tepish.net\/bb\/21vip\/wp-content\/uploads\/2021\/05\/Merilainen-1366x2048.jpeg 1366w, https:\/\/tepish.net\/bb\/21vip\/wp-content\/uploads\/2021\/05\/Merilainen-scaled.jpeg 1708w\" sizes=\"(max-width: 200px) 100vw, 200px\" \/>\t\t\t\t\t\t\t\t\t\t\t<\/div>\n\t\t\t\t<\/div>\n\t\t\t\t<\/div>\n\t\t\t\t\t<\/div>\n\t\t<\/div>\n\t\t\t\t\t\t\t<\/div>\n\t\t<\/section>\n\t\t\t\t<section class=\"elementor-section elementor-top-section elementor-element elementor-element-739965f elementor-section-boxed elementor-section-height-default elementor-section-height-default\" data-id=\"739965f\" data-element_type=\"section\">\n\t\t\t\t\t\t<div class=\"elementor-container elementor-column-gap-default\">\n\t\t\t\t\t<div class=\"elementor-column elementor-col-100 elementor-top-column elementor-element elementor-element-4908954\" data-id=\"4908954\" data-element_type=\"column\">\n\t\t\t<div class=\"elementor-widget-wrap elementor-element-populated\">\n\t\t\t\t\t\t\t\t<div class=\"elementor-element elementor-element-df2b05c elementor-widget elementor-widget-text-editor\" data-id=\"df2b05c\" data-element_type=\"widget\" data-widget_type=\"text-editor.default\">\n\t\t\t\t<div class=\"elementor-widget-container\">\n\t\t\t\t\t<div class=\"elementor-text-editor elementor-clearfix\"><p>Info<\/p><p>Ik\u00e4:<\/p><p>45<\/p><p>Kotikaupunki:<\/p><p>Mist\u00e4 tunnettu:<\/p><p>1990-luvulla h\u00e4n n\u00e4ytteli aikanaan suositussa Metsolat sarjassa Veera Heikkist\u00e4.<\/p><p>Sittemmin Roosa siirtyi politiikkaan ja toimi kansanedustajana, sek\u00e4 Tampereen kunnallispolitiikassa Vihre\u00e4n puolueen listoilla.<\/p><p>2000 luvulla kirjoittanut my\u00f6s tietokirjallisuutta, sek\u00e4 yhdess\u00e4 silloisen kumppaninsa Simo Frangenin kanssa lapsensa ensimm\u00e4isest\u00e4 vuodesta kertovan &#8221;Nollasta ykk\u00f6seksi&#8221;<\/p><p>Harrastaa: Taekwondoa<\/p><\/div>\n\t\t\t\t<\/div>\n\t\t\t\t<\/div>\n\t\t\t\t\t<\/div>\n\t\t<\/div>\n\t\t\t\t\t\t\t<\/div>\n\t\t<\/section>\n\t\t\t\t\t\t<\/div>\n\t\t\t\t\t<\/div>\n\t\t","protected":false},"excerpt":{"rendered":"<p>Rosa Meril\u00e4inen Info Ik\u00e4: 45 Kotikaupunki: Mist\u00e4 tunnettu: 1990-luvulla h\u00e4n n\u00e4ytteli aikanaan suositussa Metsolat sarjassa Veera Heikkist\u00e4. Sittemmin Roosa siirtyi politiikkaan ja toimi kansanedustajana, sek\u00e4 Tampereen kunnallispolitiikassa Vihre\u00e4n puolueen listoilla. 2000 luvulla kirjoittanut my\u00f6s tietokirjallisuutta, sek\u00e4 yhdess\u00e4 silloisen kumppaninsa Simo Frangenin kanssa lapsensa ensimm\u00e4isest\u00e4 vuodesta kertovan &#8221;Nollasta ykk\u00f6seksi&#8221; Harrastaa: Taekwondoa<\/p>\n","protected":false},"author":1,"featured_media":0,"parent":0,"menu_order":0,"comment_status":"closed","ping_status":"closed","template":"","meta":[],"_links":{"self":[{"href":"https:\/\/tepish.net\/bb\/21vip\/index.php\/wp-json\/wp\/v2\/pages\/208"}],"collection":[{"href":"https:\/\/tepish.net\/bb\/21vip\/index.php\/wp-json\/wp\/v2\/pages"}],"about":[{"href":"https:\/\/tepish.net\/bb\/21vip\/index.php\/wp-json\/wp\/v2\/types\/page"}],"author":[{"embeddable":true,"href":"https:\/\/tepish.net\/bb\/21vip\/index.php\/wp-json\/wp\/v2\/users\/1"}],"replies":[{"embeddable":true,"href":"https:\/\/tepish.net\/bb\/21vip\/index.php\/wp-json\/wp\/v2\/comments?post=208"}],"version-history":[{"count":7,"href":"https:\/\/tepish.net\/bb\/21vip\/index.php\/wp-json\/wp\/v2\/pages\/208\/revisions"}],"predecessor-version":[{"id":235,"href":"https:\/\/tepish.net\/bb\/21vip\/index.php\/wp-json\/wp\/v2\/pages\/208\/revisions\/235"}],"wp:attachment":[{"href":"https:\/\/tepish.net\/bb\/21vip\/index.php\/wp-json\/wp\/v2\/media?parent=208"}],"curies":[{"name":"wp","href":"https:\/\/api.w.org\/{rel}","templated":true}]}}