{"id":216,"date":"2021-05-03T09:37:06","date_gmt":"2021-05-03T06:37:06","guid":{"rendered":"https:\/\/tepish.net\/bb\/21vip\/?page_id=216"},"modified":"2021-05-03T09:46:40","modified_gmt":"2021-05-03T06:46:40","slug":"asukas3","status":"publish","type":"page","link":"https:\/\/tepish.net\/bb\/21vip\/index.php\/asukas3\/","title":{"rendered":"Asukas 3"},"content":{"rendered":"\t\t<div data-elementor-type=\"wp-page\" data-elementor-id=\"216\" class=\"elementor elementor-216\" data-elementor-settings=\"[]\">\n\t\t\t\t\t\t\t<div class=\"elementor-section-wrap\">\n\t\t\t\t\t\t\t<section class=\"elementor-section elementor-top-section elementor-element elementor-element-e6041b6 elementor-section-boxed elementor-section-height-default elementor-section-height-default\" data-id=\"e6041b6\" data-element_type=\"section\">\n\t\t\t\t\t\t<div class=\"elementor-container elementor-column-gap-default\">\n\t\t\t\t\t<div class=\"elementor-column elementor-col-100 elementor-top-column elementor-element elementor-element-f52fd4f\" data-id=\"f52fd4f\" data-element_type=\"column\">\n\t\t\t<div class=\"elementor-widget-wrap elementor-element-populated\">\n\t\t\t\t\t\t\t\t<div class=\"elementor-element elementor-element-2922647 elementor-widget elementor-widget-heading\" data-id=\"2922647\" data-element_type=\"widget\" data-widget_type=\"heading.default\">\n\t\t\t\t<div class=\"elementor-widget-container\">\n\t\t\t<h2 class=\"elementor-heading-title elementor-size-default\">Toni Nieminen<\/h2>\t\t<\/div>\n\t\t\t\t<\/div>\n\t\t\t\t\t<\/div>\n\t\t<\/div>\n\t\t\t\t\t\t\t<\/div>\n\t\t<\/section>\n\t\t\t\t<section class=\"elementor-section elementor-top-section elementor-element elementor-element-78d090d elementor-section-boxed elementor-section-height-default elementor-section-height-default\" data-id=\"78d090d\" data-element_type=\"section\">\n\t\t\t\t\t\t<div class=\"elementor-container elementor-column-gap-default\">\n\t\t\t\t\t<div class=\"elementor-column elementor-col-100 elementor-top-column elementor-element elementor-element-16d9641\" data-id=\"16d9641\" data-element_type=\"column\">\n\t\t\t<div class=\"elementor-widget-wrap elementor-element-populated\">\n\t\t\t\t\t\t\t\t<div class=\"elementor-element elementor-element-99173fe elementor-widget elementor-widget-image\" data-id=\"99173fe\" data-element_type=\"widget\" data-widget_type=\"image.default\">\n\t\t\t\t<div class=\"elementor-widget-container\">\n\t\t\t\t\t<div class=\"elementor-image\">\n\t\t\t\t\t\t\t\t\t\t<img width=\"200\" height=\"300\" src=\"https:\/\/tepish.net\/bb\/21vip\/wp-content\/uploads\/2021\/05\/Nieminen-200x300.jpeg\" class=\"attachment-medium size-medium\" alt=\"\" loading=\"lazy\" srcset=\"https:\/\/tepish.net\/bb\/21vip\/wp-content\/uploads\/2021\/05\/Nieminen-200x300.jpeg 200w, https:\/\/tepish.net\/bb\/21vip\/wp-content\/uploads\/2021\/05\/Nieminen-683x1024.jpeg 683w, https:\/\/tepish.net\/bb\/21vip\/wp-content\/uploads\/2021\/05\/Nieminen-768x1151.jpeg 768w, https:\/\/tepish.net\/bb\/21vip\/wp-content\/uploads\/2021\/05\/Nieminen-1025x1536.jpeg 1025w, https:\/\/tepish.net\/bb\/21vip\/wp-content\/uploads\/2021\/05\/Nieminen-1366x2048.jpeg 1366w, https:\/\/tepish.net\/bb\/21vip\/wp-content\/uploads\/2021\/05\/Nieminen-scaled.jpeg 1708w\" sizes=\"(max-width: 200px) 100vw, 200px\" \/>\t\t\t\t\t\t\t\t\t\t\t<\/div>\n\t\t\t\t<\/div>\n\t\t\t\t<\/div>\n\t\t\t\t\t<\/div>\n\t\t<\/div>\n\t\t\t\t\t\t\t<\/div>\n\t\t<\/section>\n\t\t\t\t<section class=\"elementor-section elementor-top-section elementor-element elementor-element-739965f elementor-section-boxed elementor-section-height-default elementor-section-height-default\" data-id=\"739965f\" data-element_type=\"section\">\n\t\t\t\t\t\t<div class=\"elementor-container elementor-column-gap-default\">\n\t\t\t\t\t<div class=\"elementor-column elementor-col-100 elementor-top-column elementor-element elementor-element-4908954\" data-id=\"4908954\" data-element_type=\"column\">\n\t\t\t<div class=\"elementor-widget-wrap elementor-element-populated\">\n\t\t\t\t\t\t\t\t<div class=\"elementor-element elementor-element-df2b05c elementor-widget elementor-widget-text-editor\" data-id=\"df2b05c\" data-element_type=\"widget\" data-widget_type=\"text-editor.default\">\n\t\t\t\t<div class=\"elementor-widget-container\">\n\t\t\t\t\t<div class=\"elementor-text-editor elementor-clearfix\"><p>Info<\/p><p>Ik\u00e4:<\/p><p>45<\/p><p>Kotikaupunki:<\/p><p>Mist\u00e4 tunnettu:<\/p><p>Toni Nieminen suihkahti Suomalaisten ja maailman tietoisuuteen ollessaan 16-vuotta, voittaessaan talviolympialaisten suurm\u00e4en kultamitallin.<\/p><p>Lopetettuaan m\u00e4kihyppyuransa h\u00e4n on toiminut ravihevosien parissa valmentajana, sek\u00e4 ohjastajana.<\/p><p>My\u00f6s talviurheilun valmennus on Toni Niemiselle maistunut muutaman viime vuosikymmenen aikana. Yhdess\u00e4 Kalle Palanderin kanssa h\u00e4n on perustanut aiheeseen liittyen yrityksenkin.<\/p><\/div>\n\t\t\t\t<\/div>\n\t\t\t\t<\/div>\n\t\t\t\t\t<\/div>\n\t\t<\/div>\n\t\t\t\t\t\t\t<\/div>\n\t\t<\/section>\n\t\t\t\t\t\t<\/div>\n\t\t\t\t\t<\/div>\n\t\t","protected":false},"excerpt":{"rendered":"<p>Toni Nieminen Info Ik\u00e4: 45 Kotikaupunki: Mist\u00e4 tunnettu: Toni Nieminen suihkahti Suomalaisten ja maailman tietoisuuteen ollessaan 16-vuotta, voittaessaan talviolympialaisten suurm\u00e4en kultamitallin. Lopetettuaan m\u00e4kihyppyuransa h\u00e4n on toiminut ravihevosien parissa valmentajana, sek\u00e4 ohjastajana. My\u00f6s talviurheilun valmennus on Toni Niemiselle maistunut muutaman viime vuosikymmenen aikana. Yhdess\u00e4 Kalle Palanderin kanssa h\u00e4n on perustanut aiheeseen liittyen yrityksenkin.<\/p>\n","protected":false},"author":1,"featured_media":0,"parent":0,"menu_order":0,"comment_status":"closed","ping_status":"closed","template":"","meta":[],"_links":{"self":[{"href":"https:\/\/tepish.net\/bb\/21vip\/index.php\/wp-json\/wp\/v2\/pages\/216"}],"collection":[{"href":"https:\/\/tepish.net\/bb\/21vip\/index.php\/wp-json\/wp\/v2\/pages"}],"about":[{"href":"https:\/\/tepish.net\/bb\/21vip\/index.php\/wp-json\/wp\/v2\/types\/page"}],"author":[{"embeddable":true,"href":"https:\/\/tepish.net\/bb\/21vip\/index.php\/wp-json\/wp\/v2\/users\/1"}],"replies":[{"embeddable":true,"href":"https:\/\/tepish.net\/bb\/21vip\/index.php\/wp-json\/wp\/v2\/comments?post=216"}],"version-history":[{"count":4,"href":"https:\/\/tepish.net\/bb\/21vip\/index.php\/wp-json\/wp\/v2\/pages\/216\/revisions"}],"predecessor-version":[{"id":220,"href":"https:\/\/tepish.net\/bb\/21vip\/index.php\/wp-json\/wp\/v2\/pages\/216\/revisions\/220"}],"wp:attachment":[{"href":"https:\/\/tepish.net\/bb\/21vip\/index.php\/wp-json\/wp\/v2\/media?parent=216"}],"curies":[{"name":"wp","href":"https:\/\/api.w.org\/{rel}","templated":true}]}}