{"id":224,"date":"2021-05-03T09:49:15","date_gmt":"2021-05-03T06:49:15","guid":{"rendered":"https:\/\/tepish.net\/bb\/21vip\/?page_id=224"},"modified":"2021-05-03T09:55:01","modified_gmt":"2021-05-03T06:55:01","slug":"asukas4","status":"publish","type":"page","link":"https:\/\/tepish.net\/bb\/21vip\/index.php\/asukas4\/","title":{"rendered":"Asukas 4"},"content":{"rendered":"\t\t<div data-elementor-type=\"wp-page\" data-elementor-id=\"224\" class=\"elementor elementor-224\" data-elementor-settings=\"[]\">\n\t\t\t\t\t\t\t<div class=\"elementor-section-wrap\">\n\t\t\t\t\t\t\t<section class=\"elementor-section elementor-top-section elementor-element elementor-element-e6041b6 elementor-section-boxed elementor-section-height-default elementor-section-height-default\" data-id=\"e6041b6\" data-element_type=\"section\">\n\t\t\t\t\t\t<div class=\"elementor-container elementor-column-gap-default\">\n\t\t\t\t\t<div class=\"elementor-column elementor-col-100 elementor-top-column elementor-element elementor-element-f52fd4f\" data-id=\"f52fd4f\" data-element_type=\"column\">\n\t\t\t<div class=\"elementor-widget-wrap elementor-element-populated\">\n\t\t\t\t\t\t\t\t<div class=\"elementor-element elementor-element-2922647 elementor-widget elementor-widget-heading\" data-id=\"2922647\" data-element_type=\"widget\" data-widget_type=\"heading.default\">\n\t\t\t\t<div class=\"elementor-widget-container\">\n\t\t\t<h2 class=\"elementor-heading-title elementor-size-default\">Kelly Kalonji<\/h2>\t\t<\/div>\n\t\t\t\t<\/div>\n\t\t\t\t\t<\/div>\n\t\t<\/div>\n\t\t\t\t\t\t\t<\/div>\n\t\t<\/section>\n\t\t\t\t<section class=\"elementor-section elementor-top-section elementor-element elementor-element-78d090d elementor-section-boxed elementor-section-height-default elementor-section-height-default\" data-id=\"78d090d\" data-element_type=\"section\">\n\t\t\t\t\t\t<div class=\"elementor-container elementor-column-gap-default\">\n\t\t\t\t\t<div class=\"elementor-column elementor-col-100 elementor-top-column elementor-element elementor-element-16d9641\" data-id=\"16d9641\" data-element_type=\"column\">\n\t\t\t<div class=\"elementor-widget-wrap elementor-element-populated\">\n\t\t\t\t\t\t\t\t<div class=\"elementor-element elementor-element-99173fe elementor-widget elementor-widget-image\" data-id=\"99173fe\" data-element_type=\"widget\" data-widget_type=\"image.default\">\n\t\t\t\t<div class=\"elementor-widget-container\">\n\t\t\t\t\t<div class=\"elementor-image\">\n\t\t\t\t\t\t\t\t\t\t<img width=\"200\" height=\"300\" src=\"https:\/\/tepish.net\/bb\/21vip\/wp-content\/uploads\/2021\/05\/Kaonji-200x300.jpeg\" class=\"attachment-medium size-medium\" alt=\"\" loading=\"lazy\" srcset=\"https:\/\/tepish.net\/bb\/21vip\/wp-content\/uploads\/2021\/05\/Kaonji-200x300.jpeg 200w, https:\/\/tepish.net\/bb\/21vip\/wp-content\/uploads\/2021\/05\/Kaonji-683x1024.jpeg 683w, https:\/\/tepish.net\/bb\/21vip\/wp-content\/uploads\/2021\/05\/Kaonji-768x1151.jpeg 768w, https:\/\/tepish.net\/bb\/21vip\/wp-content\/uploads\/2021\/05\/Kaonji-1025x1536.jpeg 1025w, https:\/\/tepish.net\/bb\/21vip\/wp-content\/uploads\/2021\/05\/Kaonji-1366x2048.jpeg 1366w, https:\/\/tepish.net\/bb\/21vip\/wp-content\/uploads\/2021\/05\/Kaonji-scaled.jpeg 1708w\" sizes=\"(max-width: 200px) 100vw, 200px\" \/>\t\t\t\t\t\t\t\t\t\t\t<\/div>\n\t\t\t\t<\/div>\n\t\t\t\t<\/div>\n\t\t\t\t\t<\/div>\n\t\t<\/div>\n\t\t\t\t\t\t\t<\/div>\n\t\t<\/section>\n\t\t\t\t<section class=\"elementor-section elementor-top-section elementor-element elementor-element-739965f elementor-section-boxed elementor-section-height-default elementor-section-height-default\" data-id=\"739965f\" data-element_type=\"section\">\n\t\t\t\t\t\t<div class=\"elementor-container elementor-column-gap-default\">\n\t\t\t\t\t<div class=\"elementor-column elementor-col-100 elementor-top-column elementor-element elementor-element-4908954\" data-id=\"4908954\" data-element_type=\"column\">\n\t\t\t<div class=\"elementor-widget-wrap elementor-element-populated\">\n\t\t\t\t\t\t\t\t<div class=\"elementor-element elementor-element-df2b05c elementor-widget elementor-widget-text-editor\" data-id=\"df2b05c\" data-element_type=\"widget\" data-widget_type=\"text-editor.default\">\n\t\t\t\t<div class=\"elementor-widget-container\">\n\t\t\t\t\t<div class=\"elementor-text-editor elementor-clearfix\"><p>Info<\/p><p>Ik\u00e4:<\/p><p>33<\/p><p>Kotikaupunki:<\/p><p>Mist\u00e4 tunnettu:<\/p><p>Kelly muutti 8-vuotiaana Suomeen, jossa mallin uralla p\u00e4\u00e4tynyt Miss Helsinki kilpailun voittoon.<\/p><p>Kelly toimii my\u00f6s somevaikuttajana. Televisiossa aiemmin osallistunut Ylell\u00e4 Sinkut paljaana ohjelmaan.<\/p><p>Kelly on haaveillut pitk\u00e4\u00e4n p\u00e4\u00e4sev\u00e4ns\u00e4 Big Brother ohjelmaan.<\/p><\/div>\n\t\t\t\t<\/div>\n\t\t\t\t<\/div>\n\t\t\t\t\t<\/div>\n\t\t<\/div>\n\t\t\t\t\t\t\t<\/div>\n\t\t<\/section>\n\t\t\t\t\t\t<\/div>\n\t\t\t\t\t<\/div>\n\t\t","protected":false},"excerpt":{"rendered":"<p>Kelly Kalonji Info Ik\u00e4: 33 Kotikaupunki: Mist\u00e4 tunnettu: Kelly muutti 8-vuotiaana Suomeen, jossa mallin uralla p\u00e4\u00e4tynyt Miss Helsinki kilpailun voittoon. Kelly toimii my\u00f6s somevaikuttajana. Televisiossa aiemmin osallistunut Ylell\u00e4 Sinkut paljaana ohjelmaan. Kelly on haaveillut pitk\u00e4\u00e4n p\u00e4\u00e4sev\u00e4ns\u00e4 Big Brother ohjelmaan.<\/p>\n","protected":false},"author":1,"featured_media":0,"parent":0,"menu_order":0,"comment_status":"closed","ping_status":"closed","template":"","meta":[],"_links":{"self":[{"href":"https:\/\/tepish.net\/bb\/21vip\/index.php\/wp-json\/wp\/v2\/pages\/224"}],"collection":[{"href":"https:\/\/tepish.net\/bb\/21vip\/index.php\/wp-json\/wp\/v2\/pages"}],"about":[{"href":"https:\/\/tepish.net\/bb\/21vip\/index.php\/wp-json\/wp\/v2\/types\/page"}],"author":[{"embeddable":true,"href":"https:\/\/tepish.net\/bb\/21vip\/index.php\/wp-json\/wp\/v2\/users\/1"}],"replies":[{"embeddable":true,"href":"https:\/\/tepish.net\/bb\/21vip\/index.php\/wp-json\/wp\/v2\/comments?post=224"}],"version-history":[{"count":4,"href":"https:\/\/tepish.net\/bb\/21vip\/index.php\/wp-json\/wp\/v2\/pages\/224\/revisions"}],"predecessor-version":[{"id":228,"href":"https:\/\/tepish.net\/bb\/21vip\/index.php\/wp-json\/wp\/v2\/pages\/224\/revisions\/228"}],"wp:attachment":[{"href":"https:\/\/tepish.net\/bb\/21vip\/index.php\/wp-json\/wp\/v2\/media?parent=224"}],"curies":[{"name":"wp","href":"https:\/\/api.w.org\/{rel}","templated":true}]}}