{"id":23,"date":"2021-03-15T12:31:01","date_gmt":"2021-03-15T10:31:01","guid":{"rendered":"https:\/\/tepish.net\/bb\/21vip\/?page_id=23"},"modified":"2021-03-15T12:40:30","modified_gmt":"2021-03-15T10:40:30","slug":"tapahtumia","status":"publish","type":"page","link":"https:\/\/tepish.net\/bb\/21vip\/index.php\/tapahtumia\/","title":{"rendered":"Tapahtumia"},"content":{"rendered":"\t\t<div data-elementor-type=\"wp-page\" data-elementor-id=\"23\" class=\"elementor elementor-23\" data-elementor-settings=\"[]\">\n\t\t\t\t\t\t\t<div class=\"elementor-section-wrap\">\n\t\t\t\t\t\t\t<section class=\"elementor-section elementor-top-section elementor-element elementor-element-f9973cc elementor-section-boxed elementor-section-height-default elementor-section-height-default\" data-id=\"f9973cc\" data-element_type=\"section\">\n\t\t\t\t\t\t<div class=\"elementor-container elementor-column-gap-default\">\n\t\t\t\t\t<div class=\"elementor-column elementor-col-100 elementor-top-column elementor-element elementor-element-d7f93b2\" data-id=\"d7f93b2\" data-element_type=\"column\">\n\t\t\t<div class=\"elementor-widget-wrap elementor-element-populated\">\n\t\t\t\t\t\t\t\t<div class=\"elementor-element elementor-element-0add83b elementor-widget elementor-widget-heading\" data-id=\"0add83b\" data-element_type=\"widget\" data-widget_type=\"heading.default\">\n\t\t\t\t<div class=\"elementor-widget-container\">\n\t\t\t<h2 class=\"elementor-heading-title elementor-size-default\">Talossa tapahtuu:<\/h2>\t\t<\/div>\n\t\t\t\t<\/div>\n\t\t\t\t<div class=\"elementor-element elementor-element-4e692cc elementor-grid-eael-col-4 elementor-grid-tablet-eael-col-2 elementor-grid-mobile-eael-col-1 elementor-widget elementor-widget-eael-post-grid\" data-id=\"4e692cc\" data-element_type=\"widget\" data-settings=\"{&quot;eael_post_grid_columns&quot;:&quot;eael-col-4&quot;,&quot;eael_post_grid_columns_tablet&quot;:&quot;eael-col-2&quot;,&quot;eael_post_grid_columns_mobile&quot;:&quot;eael-col-1&quot;}\" data-widget_type=\"eael-post-grid.default\">\n\t\t\t\t<div class=\"elementor-widget-container\">\n\t\t\t<div id=\"eael-post-grid-4e692cc\" class=\"eael-post-grid-container\">\n            <div class=\"eael-post-grid eael-post-appender eael-post-appender-4e692cc eael-post-grid-style-default\" data-layout-mode=\"masonry\"><article class=\"eael-grid-post eael-post-grid-column\" data-id=\"461\">\n        <div class=\"eael-grid-post-holder\">\n            <div class=\"eael-grid-post-holder-inner\"><div class=\"eael-entry-wrapper\"><header class=\"eael-entry-header\"><h2 class=\"eael-entry-title\"><a\n                        class=\"eael-grid-post-link\"\n                        href=\"https:\/\/tepish.net\/bb\/21vip\/index.php\/2021\/05\/20\/big-brotherin-vip-paattyi\/\"\n                        title=\"Big Brotherin VIP P\u00c4\u00c4TTYI\"\n                        \n                        \n                        >Big Brotherin VIP P\u00c4\u00c4TTYI<\/a><\/h2><\/header><div class=\"eael-entry-content\">\n                        <div class=\"eael-grid-post-excerpt\"><p>Big Brother sai viidennen naispuolisen voittajan Historiallista oli my\u00f6s se,...<\/p><a\n                            href=\"https:\/\/tepish.net\/bb\/21vip\/index.php\/2021\/05\/20\/big-brotherin-vip-paattyi\/\"\n                            class=\"eael-post-elements-readmore-btn\"\n                            \n                            \n                            >Read More<\/a><\/div>\n                    <\/div><div class=\"eael-entry-footer\"><div class=\"eael-author-avatar\"><a href=\"https:\/\/tepish.net\/bb\/21vip\/index.php\/author\/kuusela-teppo\/\"><img alt='' src='https:\/\/secure.gravatar.com\/avatar\/94649aa8a4c7d6e881439b4d96d10a0e?s=96&#038;d=mm&#038;r=g' srcset='https:\/\/secure.gravatar.com\/avatar\/94649aa8a4c7d6e881439b4d96d10a0e?s=192&#038;d=mm&#038;r=g 2x' class='avatar avatar-96 photo' height='96' width='96' loading='lazy'\/><\/a><\/div><div class=\"eael-entry-meta\"><span class=\"eael-posted-by\"><a href=\"https:\/\/tepish.net\/bb\/21vip\/index.php\/author\/kuusela-teppo\/\" title=\"Kirjoittanut: kuusela.teppo\" rel=\"author\">kuusela.teppo<\/a><\/span><span class=\"eael-posted-on\"><time datetime=\"20.5.2021\">20.5.2021<\/time><\/span><\/div><\/div><\/div><\/div>\n        <\/div>\n    <\/article><article class=\"eael-grid-post eael-post-grid-column\" data-id=\"444\">\n        <div class=\"eael-grid-post-holder\">\n            <div class=\"eael-grid-post-holder-inner\"><div class=\"eael-entry-wrapper\"><header class=\"eael-entry-header\"><h2 class=\"eael-entry-title\"><a\n                        class=\"eael-grid-post-link\"\n                        href=\"https:\/\/tepish.net\/bb\/21vip\/index.php\/2021\/05\/20\/spekulaatio-spekulaatio\/\"\n                        title=\"Spekulaatio, spekulaatio\"\n                        \n                        \n                        >Spekulaatio, spekulaatio<\/a><\/h2><\/header><div class=\"eael-entry-content\">\n                        <div class=\"eael-grid-post-excerpt\"><p>Finaalip\u00e4iv\u00e4 on koittanut! Vaikka kulunut on vain pari viikkoa, niin...<\/p><a\n                            href=\"https:\/\/tepish.net\/bb\/21vip\/index.php\/2021\/05\/20\/spekulaatio-spekulaatio\/\"\n                            class=\"eael-post-elements-readmore-btn\"\n                            \n                            \n                            >Read More<\/a><\/div>\n                    <\/div><div class=\"eael-entry-footer\"><div class=\"eael-author-avatar\"><a href=\"https:\/\/tepish.net\/bb\/21vip\/index.php\/author\/kuusela-teppo\/\"><img alt='' src='https:\/\/secure.gravatar.com\/avatar\/94649aa8a4c7d6e881439b4d96d10a0e?s=96&#038;d=mm&#038;r=g' srcset='https:\/\/secure.gravatar.com\/avatar\/94649aa8a4c7d6e881439b4d96d10a0e?s=192&#038;d=mm&#038;r=g 2x' class='avatar avatar-96 photo' height='96' width='96' loading='lazy'\/><\/a><\/div><div class=\"eael-entry-meta\"><span class=\"eael-posted-by\"><a href=\"https:\/\/tepish.net\/bb\/21vip\/index.php\/author\/kuusela-teppo\/\" title=\"Kirjoittanut: kuusela.teppo\" rel=\"author\">kuusela.teppo<\/a><\/span><span class=\"eael-posted-on\"><time datetime=\"20.5.2021\">20.5.2021<\/time><\/span><\/div><\/div><\/div><\/div>\n        <\/div>\n    <\/article><article class=\"eael-grid-post eael-post-grid-column\" data-id=\"441\">\n        <div class=\"eael-grid-post-holder\">\n            <div class=\"eael-grid-post-holder-inner\"><div class=\"eael-entry-wrapper\"><header class=\"eael-entry-header\"><h2 class=\"eael-entry-title\"><a\n                        class=\"eael-grid-post-link\"\n                        href=\"https:\/\/tepish.net\/bb\/21vip\/index.php\/2021\/05\/18\/finaali-nelikko-selvilla\/\"\n                        title=\"Finaali nelikko selvill\u00e4\"\n                        \n                        \n                        >Finaali nelikko selvill\u00e4<\/a><\/h2><\/header><div class=\"eael-entry-content\">\n                        <div class=\"eael-grid-post-excerpt\"><p>Aleksi h\u00e4\u00e4dettiin viimeisen\u00e4 asukkaana ennen finaalia. Finaaliin siis jatkavat Petra,...<\/p><a\n                            href=\"https:\/\/tepish.net\/bb\/21vip\/index.php\/2021\/05\/18\/finaali-nelikko-selvilla\/\"\n                            class=\"eael-post-elements-readmore-btn\"\n                            \n                            \n                            >Read More<\/a><\/div>\n                    <\/div><div class=\"eael-entry-footer\"><div class=\"eael-author-avatar\"><a href=\"https:\/\/tepish.net\/bb\/21vip\/index.php\/author\/kuusela-teppo\/\"><img alt='' src='https:\/\/secure.gravatar.com\/avatar\/94649aa8a4c7d6e881439b4d96d10a0e?s=96&#038;d=mm&#038;r=g' srcset='https:\/\/secure.gravatar.com\/avatar\/94649aa8a4c7d6e881439b4d96d10a0e?s=192&#038;d=mm&#038;r=g 2x' class='avatar avatar-96 photo' height='96' width='96' loading='lazy'\/><\/a><\/div><div class=\"eael-entry-meta\"><span class=\"eael-posted-by\"><a href=\"https:\/\/tepish.net\/bb\/21vip\/index.php\/author\/kuusela-teppo\/\" title=\"Kirjoittanut: kuusela.teppo\" rel=\"author\">kuusela.teppo<\/a><\/span><span class=\"eael-posted-on\"><time datetime=\"18.5.2021\">18.5.2021<\/time><\/span><\/div><\/div><\/div><\/div>\n        <\/div>\n    <\/article><article class=\"eael-grid-post eael-post-grid-column\" data-id=\"436\">\n        <div class=\"eael-grid-post-holder\">\n            <div class=\"eael-grid-post-holder-inner\"><div class=\"eael-entry-wrapper\"><header class=\"eael-entry-header\"><h2 class=\"eael-entry-title\"><a\n                        class=\"eael-grid-post-link\"\n                        href=\"https:\/\/tepish.net\/bb\/21vip\/index.php\/2021\/05\/17\/finaaliviikko-yhteenvetoa\/\"\n                        title=\"Finaaliviikko &#8211; yhteenvetoa\"\n                        \n                        \n                        >Finaaliviikko &#8211; yhteenvetoa<\/a><\/h2><\/header><div class=\"eael-entry-content\">\n                        <div class=\"eael-grid-post-excerpt\"><p>2021 vuoden kev\u00e4\u00e4n VIP kausi k\u00e4ynnistyi ainakin some keskustelussa matalin...<\/p><a\n                            href=\"https:\/\/tepish.net\/bb\/21vip\/index.php\/2021\/05\/17\/finaaliviikko-yhteenvetoa\/\"\n                            class=\"eael-post-elements-readmore-btn\"\n                            \n                            \n                            >Read More<\/a><\/div>\n                    <\/div><div class=\"eael-entry-footer\"><div class=\"eael-author-avatar\"><a href=\"https:\/\/tepish.net\/bb\/21vip\/index.php\/author\/kuusela-teppo\/\"><img alt='' src='https:\/\/secure.gravatar.com\/avatar\/94649aa8a4c7d6e881439b4d96d10a0e?s=96&#038;d=mm&#038;r=g' srcset='https:\/\/secure.gravatar.com\/avatar\/94649aa8a4c7d6e881439b4d96d10a0e?s=192&#038;d=mm&#038;r=g 2x' class='avatar avatar-96 photo' height='96' width='96' loading='lazy'\/><\/a><\/div><div class=\"eael-entry-meta\"><span class=\"eael-posted-by\"><a href=\"https:\/\/tepish.net\/bb\/21vip\/index.php\/author\/kuusela-teppo\/\" title=\"Kirjoittanut: kuusela.teppo\" rel=\"author\">kuusela.teppo<\/a><\/span><span class=\"eael-posted-on\"><time datetime=\"17.5.2021\">17.5.2021<\/time><\/span><\/div><\/div><\/div><\/div>\n        <\/div>\n    <\/article><\/div>\n            <div class=\"clearfix\"><\/div>\n        <\/div>\t\t<\/div>\n\t\t\t\t<\/div>\n\t\t\t\t\t<\/div>\n\t\t<\/div>\n\t\t\t\t\t\t\t<\/div>\n\t\t<\/section>\n\t\t\t\t\t\t<\/div>\n\t\t\t\t\t<\/div>\n\t\t","protected":false},"excerpt":{"rendered":"<p>Talossa tapahtuu: Maanantai 15.3.2021 Uutisointi tulevasta BB-VIP kaudesta Read More kuusela.teppo15.3.2021<\/p>\n","protected":false},"author":1,"featured_media":0,"parent":0,"menu_order":0,"comment_status":"closed","ping_status":"closed","template":"","meta":[],"_links":{"self":[{"href":"https:\/\/tepish.net\/bb\/21vip\/index.php\/wp-json\/wp\/v2\/pages\/23"}],"collection":[{"href":"https:\/\/tepish.net\/bb\/21vip\/index.php\/wp-json\/wp\/v2\/pages"}],"about":[{"href":"https:\/\/tepish.net\/bb\/21vip\/index.php\/wp-json\/wp\/v2\/types\/page"}],"author":[{"embeddable":true,"href":"https:\/\/tepish.net\/bb\/21vip\/index.php\/wp-json\/wp\/v2\/users\/1"}],"replies":[{"embeddable":true,"href":"https:\/\/tepish.net\/bb\/21vip\/index.php\/wp-json\/wp\/v2\/comments?post=23"}],"version-history":[{"count":8,"href":"https:\/\/tepish.net\/bb\/21vip\/index.php\/wp-json\/wp\/v2\/pages\/23\/revisions"}],"predecessor-version":[{"id":34,"href":"https:\/\/tepish.net\/bb\/21vip\/index.php\/wp-json\/wp\/v2\/pages\/23\/revisions\/34"}],"wp:attachment":[{"href":"https:\/\/tepish.net\/bb\/21vip\/index.php\/wp-json\/wp\/v2\/media?parent=23"}],"curies":[{"name":"wp","href":"https:\/\/api.w.org\/{rel}","templated":true}]}}