{"id":293,"date":"2021-05-03T19:28:13","date_gmt":"2021-05-03T16:28:13","guid":{"rendered":"https:\/\/tepish.net\/bb\/21vip\/?page_id=293"},"modified":"2021-05-03T19:28:39","modified_gmt":"2021-05-03T16:28:39","slug":"asukas12","status":"publish","type":"page","link":"https:\/\/tepish.net\/bb\/21vip\/index.php\/asukas12\/","title":{"rendered":"Asukas 12"},"content":{"rendered":"\t\t<div data-elementor-type=\"wp-page\" data-elementor-id=\"293\" class=\"elementor elementor-293\" data-elementor-settings=\"[]\">\n\t\t\t\t\t\t\t<div class=\"elementor-section-wrap\">\n\t\t\t\t\t\t\t<section class=\"elementor-section elementor-top-section elementor-element elementor-element-e6041b6 elementor-section-boxed elementor-section-height-default elementor-section-height-default\" data-id=\"e6041b6\" data-element_type=\"section\">\n\t\t\t\t\t\t<div class=\"elementor-container elementor-column-gap-default\">\n\t\t\t\t\t<div class=\"elementor-column elementor-col-100 elementor-top-column elementor-element elementor-element-f52fd4f\" data-id=\"f52fd4f\" data-element_type=\"column\">\n\t\t\t<div class=\"elementor-widget-wrap elementor-element-populated\">\n\t\t\t\t\t\t\t\t<div class=\"elementor-element elementor-element-2922647 elementor-widget elementor-widget-heading\" data-id=\"2922647\" data-element_type=\"widget\" data-widget_type=\"heading.default\">\n\t\t\t\t<div class=\"elementor-widget-container\">\n\t\t\t<h2 class=\"elementor-heading-title elementor-size-default\">Markku Pulli<\/h2>\t\t<\/div>\n\t\t\t\t<\/div>\n\t\t\t\t\t<\/div>\n\t\t<\/div>\n\t\t\t\t\t\t\t<\/div>\n\t\t<\/section>\n\t\t\t\t<section class=\"elementor-section elementor-top-section elementor-element elementor-element-78d090d elementor-section-boxed elementor-section-height-default elementor-section-height-default\" data-id=\"78d090d\" data-element_type=\"section\">\n\t\t\t\t\t\t<div class=\"elementor-container elementor-column-gap-default\">\n\t\t\t\t\t<div class=\"elementor-column elementor-col-100 elementor-top-column elementor-element elementor-element-16d9641\" data-id=\"16d9641\" data-element_type=\"column\">\n\t\t\t<div class=\"elementor-widget-wrap elementor-element-populated\">\n\t\t\t\t\t\t\t\t<div class=\"elementor-element elementor-element-99173fe elementor-widget elementor-widget-image\" data-id=\"99173fe\" data-element_type=\"widget\" data-widget_type=\"image.default\">\n\t\t\t\t<div class=\"elementor-widget-container\">\n\t\t\t\t\t<div class=\"elementor-image\">\n\t\t\t\t\t\t\t\t\t\t<img width=\"200\" height=\"300\" src=\"https:\/\/tepish.net\/bb\/21vip\/wp-content\/uploads\/2021\/05\/pulli-200x300.jpeg\" class=\"attachment-medium size-medium\" alt=\"\" loading=\"lazy\" srcset=\"https:\/\/tepish.net\/bb\/21vip\/wp-content\/uploads\/2021\/05\/pulli-200x300.jpeg 200w, https:\/\/tepish.net\/bb\/21vip\/wp-content\/uploads\/2021\/05\/pulli-683x1024.jpeg 683w, https:\/\/tepish.net\/bb\/21vip\/wp-content\/uploads\/2021\/05\/pulli-768x1151.jpeg 768w, https:\/\/tepish.net\/bb\/21vip\/wp-content\/uploads\/2021\/05\/pulli-1025x1536.jpeg 1025w, https:\/\/tepish.net\/bb\/21vip\/wp-content\/uploads\/2021\/05\/pulli-1366x2048.jpeg 1366w, https:\/\/tepish.net\/bb\/21vip\/wp-content\/uploads\/2021\/05\/pulli-scaled.jpeg 1708w\" sizes=\"(max-width: 200px) 100vw, 200px\" \/>\t\t\t\t\t\t\t\t\t\t\t<\/div>\n\t\t\t\t<\/div>\n\t\t\t\t<\/div>\n\t\t\t\t\t<\/div>\n\t\t<\/div>\n\t\t\t\t\t\t\t<\/div>\n\t\t<\/section>\n\t\t\t\t<section class=\"elementor-section elementor-top-section elementor-element elementor-element-739965f elementor-section-boxed elementor-section-height-default elementor-section-height-default\" data-id=\"739965f\" data-element_type=\"section\">\n\t\t\t\t\t\t<div class=\"elementor-container elementor-column-gap-default\">\n\t\t\t\t\t<div class=\"elementor-column elementor-col-100 elementor-top-column elementor-element elementor-element-4908954\" data-id=\"4908954\" data-element_type=\"column\">\n\t\t\t<div class=\"elementor-widget-wrap elementor-element-populated\">\n\t\t\t\t\t\t\t\t<div class=\"elementor-element elementor-element-df2b05c elementor-widget elementor-widget-text-editor\" data-id=\"df2b05c\" data-element_type=\"widget\" data-widget_type=\"text-editor.default\">\n\t\t\t\t<div class=\"elementor-widget-container\">\n\t\t\t\t\t<div class=\"elementor-text-editor elementor-clearfix\"><p>Info<\/p><p>Ik\u00e4:<\/p><p>33<\/p><p>Kotikaupunki:<\/p><p>Mist\u00e4 tunnettu:<\/p><p>Markku Pulli on tullut tv katsojille tutuksi Salatut el\u00e4m\u00e4t sarjasta, jossa h\u00e4n n\u00e4ytteli useita vuosia.<\/p><p>H\u00e4n on esiintynyt my\u00f6s rap artisti Matin musiikkivideoissa, joissa h\u00e4n my\u00f6s itse r\u00e4pp\u00e4\u00e4 nimell\u00e4 Roinatan<\/p><\/div>\n\t\t\t\t<\/div>\n\t\t\t\t<\/div>\n\t\t\t\t\t<\/div>\n\t\t<\/div>\n\t\t\t\t\t\t\t<\/div>\n\t\t<\/section>\n\t\t\t\t\t\t<\/div>\n\t\t\t\t\t<\/div>\n\t\t","protected":false},"excerpt":{"rendered":"<p>Markku Pulli Info Ik\u00e4: 33 Kotikaupunki: Mist\u00e4 tunnettu: Markku Pulli on tullut tv katsojille tutuksi Salatut el\u00e4m\u00e4t sarjasta, jossa h\u00e4n n\u00e4ytteli useita vuosia. H\u00e4n on esiintynyt my\u00f6s rap artisti Matin musiikkivideoissa, joissa h\u00e4n my\u00f6s itse r\u00e4pp\u00e4\u00e4 nimell\u00e4 Roinatan<\/p>\n","protected":false},"author":1,"featured_media":0,"parent":0,"menu_order":0,"comment_status":"closed","ping_status":"closed","template":"","meta":[],"_links":{"self":[{"href":"https:\/\/tepish.net\/bb\/21vip\/index.php\/wp-json\/wp\/v2\/pages\/293"}],"collection":[{"href":"https:\/\/tepish.net\/bb\/21vip\/index.php\/wp-json\/wp\/v2\/pages"}],"about":[{"href":"https:\/\/tepish.net\/bb\/21vip\/index.php\/wp-json\/wp\/v2\/types\/page"}],"author":[{"embeddable":true,"href":"https:\/\/tepish.net\/bb\/21vip\/index.php\/wp-json\/wp\/v2\/users\/1"}],"replies":[{"embeddable":true,"href":"https:\/\/tepish.net\/bb\/21vip\/index.php\/wp-json\/wp\/v2\/comments?post=293"}],"version-history":[{"count":4,"href":"https:\/\/tepish.net\/bb\/21vip\/index.php\/wp-json\/wp\/v2\/pages\/293\/revisions"}],"predecessor-version":[{"id":297,"href":"https:\/\/tepish.net\/bb\/21vip\/index.php\/wp-json\/wp\/v2\/pages\/293\/revisions\/297"}],"wp:attachment":[{"href":"https:\/\/tepish.net\/bb\/21vip\/index.php\/wp-json\/wp\/v2\/media?parent=293"}],"curies":[{"name":"wp","href":"https:\/\/api.w.org\/{rel}","templated":true}]}}