{"id":118,"date":"2023-01-11T15:00:23","date_gmt":"2023-01-11T13:00:23","guid":{"rendered":"https:\/\/tepish.net\/blendertek\/?page_id=118"},"modified":"2023-01-11T15:25:03","modified_gmt":"2023-01-11T13:25:03","slug":"vastaukset-2022","status":"publish","type":"page","link":"https:\/\/tepish.net\/blendertek\/index.php\/vastaukset-2022\/","title":{"rendered":"vastaukset 2022"},"content":{"rendered":"\t\t<div data-elementor-type=\"wp-page\" data-elementor-id=\"118\" class=\"elementor elementor-118\">\n\t\t\t\t\t\t\t\t\t<section class=\"elementor-section elementor-top-section elementor-element elementor-element-fbdf98e elementor-section-boxed elementor-section-height-default elementor-section-height-default\" data-id=\"fbdf98e\" data-element_type=\"section\">\n\t\t\t\t\t\t<div class=\"elementor-container elementor-column-gap-default\">\n\t\t\t\t\t<div class=\"elementor-column elementor-col-100 elementor-top-column elementor-element elementor-element-fe39d3c\" data-id=\"fe39d3c\" data-element_type=\"column\">\n\t\t\t<div class=\"elementor-widget-wrap elementor-element-populated\">\n\t\t\t\t\t\t\t\t<div class=\"elementor-element elementor-element-e4a6899 elementor-widget elementor-widget-text-editor\" data-id=\"e4a6899\" data-element_type=\"widget\" data-widget_type=\"text-editor.default\">\n\t\t\t\t<div class=\"elementor-widget-container\">\n\t\t\t<style>\/*! elementor - v3.10.2 - 29-01-2023 *\/\n.elementor-widget-text-editor.elementor-drop-cap-view-stacked .elementor-drop-cap{background-color:#818a91;color:#fff}.elementor-widget-text-editor.elementor-drop-cap-view-framed .elementor-drop-cap{color:#818a91;border:3px solid;background-color:transparent}.elementor-widget-text-editor:not(.elementor-drop-cap-view-default) .elementor-drop-cap{margin-top:8px}.elementor-widget-text-editor:not(.elementor-drop-cap-view-default) .elementor-drop-cap-letter{width:1em;height:1em}.elementor-widget-text-editor .elementor-drop-cap{float:left;text-align:center;line-height:1;font-size:50px}.elementor-widget-text-editor .elementor-drop-cap-letter{display:inline-block}<\/style>\t\t\t\t<p>Ohessa taulukossa kaikki 2022 kappaleet. Ylimp\u00e4n\u00e4 on teoksen numero, seuraavaksi oikea kappale ja alimpana selitys mit\u00e4 kuvasta voi l\u00f6yt\u00e4\u00e4 kyseiseen kappaleeseen liittyen!<\/p>\t\t\t\t\t\t<\/div>\n\t\t\t\t<\/div>\n\t\t\t\t<div class=\"elementor-element elementor-element-c14afff elementor-widget elementor-widget-text-editor\" data-id=\"c14afff\" data-element_type=\"widget\" data-widget_type=\"text-editor.default\">\n\t\t\t\t<div class=\"elementor-widget-container\">\n\t\t\t\t\t\t\t<table width=\"1928\" cellspacing=\"0\" cellpadding=\"20\"><colgroup><col width=\"180\" \/> <col width=\"244\" \/> <col width=\"264\" \/> <col width=\"321\" \/> <col width=\"166\" \/> <col width=\"244\" \/> <col width=\"221\" \/> <\/colgroup><tbody><tr><td style=\"border-width: 1pt; border-top-style: solid; border-left-style: solid; border-color: #000000; padding: 0.18cm;\" width=\"180\"><p style=\"font-variant-numeric: normal; font-variant-east-asian: normal; font-style: normal; font-weight: normal;\"><span style=\"color: #000000;\"><span style=\"font-family: Arial;\"><span style=\"font-size: 8pt;\"><span style=\"background: transparent;\">Laulu1\u00a0<\/span><\/span><\/span><\/span><\/p><\/td><td style=\"border-width: 1pt; border-top-style: solid; border-left-style: solid; border-color: #000000; padding: 0.18cm;\" width=\"244\"><p style=\"font-variant-numeric: normal; font-variant-east-asian: normal; font-style: normal; font-weight: normal;\"><span style=\"color: #000000;\"><span style=\"font-family: Arial;\"><span style=\"font-size: 8pt;\"><span style=\"background: transparent;\">Laulu 2<\/span><\/span><\/span><\/span><\/p><\/td><td style=\"border-width: 1pt; border-top-style: solid; border-left-style: solid; border-color: #000000; padding: 0.18cm;\" width=\"264\"><p style=\"font-variant-numeric: normal; font-variant-east-asian: normal; font-style: normal; font-weight: normal;\"><span style=\"color: #000000;\"><span style=\"font-family: Arial;\"><span style=\"font-size: 8pt;\"><span style=\"background: transparent;\">Laulu 3<\/span><\/span><\/span><\/span><\/p><\/td><td style=\"border-width: 1pt; border-top-style: solid; border-left-style: solid; border-color: #000000; padding: 0.18cm;\" width=\"321\"><p style=\"font-variant-numeric: normal; font-variant-east-asian: normal; font-style: normal; font-weight: normal;\"><span style=\"color: #000000;\"><span style=\"font-family: Arial;\"><span style=\"font-size: 8pt;\"><span style=\"background: transparent;\">Laulu 4<\/span><\/span><\/span><\/span><\/p><\/td><td style=\"border-width: 1pt; border-top-style: solid; border-left-style: solid; border-color: #000000; padding: 0.18cm;\" width=\"166\"><p style=\"font-variant-numeric: normal; font-variant-east-asian: normal; font-style: normal; font-weight: normal;\"><span style=\"color: #000000;\"><span style=\"font-family: Arial;\"><span style=\"font-size: 8pt;\"><span style=\"background: transparent;\">Laulu 5<\/span><\/span><\/span><\/span><\/p><\/td><td style=\"border-width: 1pt; border-top-style: solid; border-left-style: solid; border-color: #000000; padding: 0.18cm;\" width=\"244\"><p style=\"font-variant-numeric: normal; font-variant-east-asian: normal; font-style: normal; font-weight: normal;\"><span style=\"color: #000000;\"><span style=\"font-family: Arial;\"><span style=\"font-size: 8pt;\"><span style=\"background: transparent;\">Laulu 6<\/span><\/span><\/span><\/span><\/p><\/td><td style=\"border-width: 1pt; border-top-style: solid; border-left-style: solid; border-color: #000000; padding: 0.18cm;\" width=\"221\"><p style=\"font-variant-numeric: normal; font-variant-east-asian: normal; font-style: normal; font-weight: normal;\"><span style=\"color: #000000;\"><span style=\"font-family: Arial;\"><span style=\"font-size: 8pt;\"><span style=\"background: transparent;\">Laulu 7<\/span><\/span><\/span><\/span><\/p><\/td><\/tr><tr><td style=\"border-width: 1pt; border-top-style: solid; border-left-style: solid; border-color: #000000; padding: 0.18cm;\" width=\"180\"><p style=\"font-variant-numeric: normal; font-variant-east-asian: normal; font-style: normal; font-weight: normal;\"><span style=\"color: #000000;\"><span style=\"font-family: Arial;\"><span style=\"font-size: 7pt;\">Juice Leskinen<\/span><\/span><\/span><\/p><p style=\"font-variant-numeric: normal; font-variant-east-asian: normal; font-style: normal; font-weight: normal;\"><span style=\"color: #000000;\"><span style=\"font-family: Arial;\"><span style=\"font-size: 7pt;\">Musta auronko nousee<\/span><\/span><\/span><\/p><\/td><td style=\"border-width: 1pt; border-top-style: solid; border-left-style: solid; border-color: #000000; padding: 0.18cm;\" width=\"244\"><p style=\"font-variant-numeric: normal; font-variant-east-asian: normal; font-style: normal; font-weight: normal;\"><span style=\"color: #000000;\"><span style=\"font-family: Arial;\"><span style=\"font-size: 7pt;\">Martti servo: Ufo tarjosi kaakaon<\/span><\/span><\/span><\/p><\/td><td style=\"border-width: 1pt; border-top-style: solid; border-left-style: solid; border-color: #000000; padding: 0.18cm;\" width=\"264\"><p style=\"font-variant-numeric: normal; font-variant-east-asian: normal; font-style: normal; font-weight: normal;\"><span style=\"color: #000000;\"><span style=\"font-family: Arial;\"><span style=\"font-size: 7pt;\">Katri Helena: Puhelinlangat laulaa<\/span><\/span><\/span><\/p><\/td><td style=\"border-width: 1pt; border-top-style: solid; border-left-style: solid; border-color: #000000; padding: 0.18cm;\" width=\"321\"><p style=\"font-variant-numeric: normal; font-variant-east-asian: normal; font-style: normal; font-weight: normal;\"><span style=\"color: #000000;\"><span style=\"font-family: Arial;\"><span style=\"font-size: 7pt;\">sakari Kuosmanen: Rakkauden haudalla<\/span><\/span><\/span><\/p><\/td><td style=\"border-width: 1pt; border-top-style: solid; border-left-style: solid; border-color: #000000; padding: 0.18cm;\" width=\"166\"><p style=\"font-variant-numeric: normal; font-variant-east-asian: normal; font-style: normal; font-weight: normal;\"><span style=\"color: #000000;\"><span style=\"font-family: Arial;\"><span style=\"font-size: 7pt;\">En etsi valtaa loistoa<\/span><\/span><\/span><\/p><\/td><td style=\"border-width: 1pt; border-top-style: solid; border-left-style: solid; border-color: #000000; padding: 0.18cm;\" width=\"244\"><p style=\"font-variant-numeric: normal; font-variant-east-asian: normal; font-style: normal; font-weight: normal;\"><span style=\"color: #000000;\"><span style=\"font-family: Arial;\"><span style=\"font-size: 7pt;\">The Beatles: Yellow submarine<\/span><\/span><\/span><\/p><\/td><td style=\"border-width: 1pt; border-top-style: solid; border-left-style: solid; border-color: #000000; padding: 0.18cm;\" width=\"221\"><p style=\"font-variant-numeric: normal; font-variant-east-asian: normal; font-style: normal; font-weight: normal;\"><span style=\"color: #000000;\"><span style=\"font-family: Arial;\"><span style=\"font-size: 7pt;\">Michael Jackson: Earth song<\/span><\/span><\/span><\/p><\/td><\/tr><tr><td style=\"border-width: 1pt; border-top-style: solid; border-left-style: solid; border-color: #000000; padding: 0.18cm;\" width=\"180\"><p style=\"font-variant-numeric: normal; font-variant-east-asian: normal; font-style: normal; font-weight: normal;\"><span style=\"color: #000000;\"><span style=\"font-family: Arial;\"><span style=\"font-size: 8pt;\"><span style=\"background: transparent;\">Kuvassa musta aurinko nousemassa maiseman takaa<\/span><\/span><\/span><\/span><\/p><\/td><td style=\"border-width: 1pt; border-top-style: solid; border-left-style: solid; border-color: #000000; padding: 0.18cm;\" width=\"244\"><p style=\"font-variant-numeric: normal; font-variant-east-asian: normal; font-style: normal; font-weight: normal;\"><span style=\"color: #000000;\"><span style=\"font-family: Arial;\"><span style=\"font-size: 8pt;\"><span style=\"background: transparent;\">Kuvassa n\u00e4kyy kuinka \u201dUFO\u201d tarjoaa kaakaokupillista<\/span><\/span><\/span><\/span><\/p><\/td><td style=\"border-width: 1pt; border-top-style: solid; border-left-style: solid; border-color: #000000; padding: 0.18cm;\" width=\"264\"><p style=\"font-variant-numeric: normal; font-variant-east-asian: normal; font-style: normal; font-weight: normal;\"><span style=\"color: #000000;\"><span style=\"font-family: Arial;\"><span style=\"font-size: 8pt;\"><span style=\"background: transparent;\">Kuvassa puhelinlagoista nousee nuotteja, eli laulua<\/span><\/span><\/span><\/span><\/p><\/td><td style=\"border-width: 1pt; border-top-style: solid; border-left-style: solid; border-color: #000000; padding: 0.18cm;\" width=\"321\"><p style=\"font-variant-numeric: normal; font-variant-east-asian: normal; font-style: normal; font-weight: normal;\"><span style=\"color: #000000;\"><span style=\"font-family: Arial;\"><span style=\"font-size: 8pt;\"><span style=\"background: transparent;\">Kuvassa on hautakynttil\u00e4, hautakumpu, sek\u00e4 hautakivi jossa on R.I.P ja syd\u00e4n<\/span><\/span><\/span><\/span><\/p><\/td><td style=\"border-width: 1pt; border-top-style: solid; border-left-style: solid; border-color: #000000; padding: 0.18cm;\" width=\"166\"><p style=\"font-variant-numeric: normal; font-variant-east-asian: normal; font-style: normal; font-weight: normal;\"><span style=\"color: #000000;\"><span style=\"font-family: Arial;\"><span style=\"font-size: 8pt;\"><span style=\"background: transparent;\">Kuvassa kuningas hahmo ja kulta kasa on ruksattu taustalla oleva rauhaisa maapallo<\/span><\/span><\/span><\/span><\/p><\/td><td style=\"border-width: 1pt; border-top-style: solid; border-left-style: solid; border-color: #000000; padding: 0.18cm;\" width=\"244\"><p style=\"font-variant-numeric: normal; font-variant-east-asian: normal; font-style: normal; font-weight: normal;\"><span style=\"color: #000000;\"><span style=\"font-family: Arial;\"><span style=\"font-size: 8pt;\"><span style=\"background: transparent;\">Kuvassa selke\u00e4 keltainen sukellusvene, jonka ikkunoissa \u201dBeatleja\u201d (kovakuoriaisia)<\/span><\/span><\/span><\/span><\/p><\/td><td style=\"border-width: 1pt; border-top-style: solid; border-left-style: solid; border-color: #000000; padding: 0.18cm;\" width=\"221\"><p style=\"font-variant-numeric: normal; font-variant-east-asian: normal; font-style: normal; font-weight: normal;\"><span style=\"color: #000000;\"><span style=\"font-family: Arial;\"><span style=\"font-size: 8pt;\"><span style=\"background: transparent;\">Kuvassa n\u00e4kyy laulussa olevaa sotaisaa maisemaa, sek\u00e4 tankki jollainen MJ:n konsertissakin tuli lavalle, lis\u00e4ksi maapallo itkee.<\/span><\/span><\/span><\/span><\/p><\/td><\/tr><\/tbody><\/table>\t\t\t\t\t\t<\/div>\n\t\t\t\t<\/div>\n\t\t\t\t<div class=\"elementor-element elementor-element-3a725cc elementor-widget elementor-widget-text-editor\" data-id=\"3a725cc\" data-element_type=\"widget\" data-widget_type=\"text-editor.default\">\n\t\t\t\t<div class=\"elementor-widget-container\">\n\t\t\t\t\t\t\t<table width=\"1927\" cellspacing=\"0\" cellpadding=\"20\"><colgroup><col width=\"146\" \/> <col width=\"175\" \/> <col width=\"266\" \/> <col width=\"141\" \/> <col width=\"335\" \/> <col width=\"315\" \/> <col width=\"261\" \/> <\/colgroup><tbody><tr><td style=\"border-width: 1pt; border-top-style: solid; border-left-style: solid; border-color: #000000; padding: 0.18cm;\" width=\"146\"><p style=\"font-variant-numeric: normal; font-variant-east-asian: normal; font-style: normal; font-weight: normal;\"><span style=\"color: #000000;\"><span style=\"font-family: Arial;\"><span style=\"font-size: 8pt;\"><span style=\"background: transparent;\">Laulu 8<\/span><\/span><\/span><\/span><\/p><\/td><td style=\"border-width: 1pt; border-top-style: solid; border-left-style: solid; border-color: #000000; padding: 0.18cm;\" width=\"175\"><p style=\"font-variant-numeric: normal; font-variant-east-asian: normal; font-style: normal; font-weight: normal;\"><span style=\"color: #000000;\"><span style=\"font-family: Arial;\"><span style=\"font-size: 8pt;\"><span style=\"background: transparent;\">Laulu 9<\/span><\/span><\/span><\/span><\/p><\/td><td style=\"border-width: 1pt; border-top-style: solid; border-left-style: solid; border-color: #000000; padding: 0.18cm;\" width=\"266\"><p style=\"font-variant-numeric: normal; font-variant-east-asian: normal; font-style: normal; font-weight: normal;\"><span style=\"color: #000000;\"><span style=\"font-family: Arial;\"><span style=\"font-size: 8pt;\"><span style=\"background: transparent;\">Laulu 10<\/span><\/span><\/span><\/span><\/p><\/td><td style=\"border-width: 1pt; border-top-style: solid; border-left-style: solid; border-color: #000000; padding: 0.18cm;\" width=\"141\"><p style=\"font-variant-numeric: normal; font-variant-east-asian: normal; font-style: normal; font-weight: normal;\"><span style=\"color: #000000;\"><span style=\"font-family: Arial;\"><span style=\"font-size: 8pt;\"><span style=\"background: transparent;\">Laulu 11<\/span><\/span><\/span><\/span><\/p><\/td><td style=\"border-width: 1pt; border-top-style: solid; border-left-style: solid; border-color: #000000; padding: 0.18cm;\" width=\"335\"><p style=\"font-variant-numeric: normal; font-variant-east-asian: normal; font-style: normal; font-weight: normal;\"><span style=\"color: #000000;\"><span style=\"font-family: Arial;\"><span style=\"font-size: 8pt;\"><span style=\"background: transparent;\">Laulu 12<\/span><\/span><\/span><\/span><\/p><\/td><td style=\"border-width: 1pt; border-top-style: solid; border-left-style: solid; border-color: #000000; padding: 0.18cm;\" width=\"315\"><p style=\"font-variant-numeric: normal; font-variant-east-asian: normal; font-style: normal; font-weight: normal;\"><span style=\"color: #000000;\"><span style=\"font-family: Arial;\"><span style=\"font-size: 8pt;\"><span style=\"background: transparent;\">Laulu 13<\/span><\/span><\/span><\/span><\/p><\/td><td style=\"border-width: 1pt; border-top-style: solid; border-left-style: solid; border-color: #000000; padding: 0.18cm;\" width=\"261\"><p style=\"font-variant-numeric: normal; font-variant-east-asian: normal; font-style: normal; font-weight: normal;\"><span style=\"color: #000000;\"><span style=\"font-family: Arial;\"><span style=\"font-size: 8pt;\"><span style=\"background: transparent;\">Laulu 14<\/span><\/span><\/span><\/span><\/p><\/td><\/tr><tr><td style=\"border-width: 1pt; border-top-style: solid; border-left-style: solid; border-color: #000000; padding: 0.18cm;\" width=\"146\"><p style=\"font-variant-numeric: normal; font-variant-east-asian: normal; font-style: normal; font-weight: normal;\"><span style=\"color: #000000;\"><span style=\"font-family: Arial;\"><span style=\"font-size: 7pt;\">Joulupuu on rakennettu<\/span><\/span><\/span><\/p><\/td><td style=\"border-width: 1pt; border-top-style: solid; border-left-style: solid; border-color: #000000; padding: 0.18cm;\" width=\"175\"><p style=\"font-variant-numeric: normal; font-variant-east-asian: normal; font-style: normal; font-weight: normal;\"><span style=\"color: #000000;\"><span style=\"font-family: Arial;\"><span style=\"font-size: 7pt;\">Elvis Presley: Jailhouse rock<\/span><\/span><\/span><\/p><\/td><td style=\"border-width: 1pt; border-top-style: solid; border-left-style: solid; border-color: #000000; padding: 0.18cm;\" width=\"266\"><p style=\"font-variant-numeric: normal; font-variant-east-asian: normal; font-style: normal; font-weight: normal;\"><span style=\"color: #000000;\"><span style=\"font-family: Arial;\"><span style=\"font-size: 7pt;\">Irwin Goodman: Ryysyranta<\/span><\/span><\/span><\/p><\/td><td style=\"border-width: 1pt; border-top-style: solid; border-left-style: solid; border-color: #000000; padding: 0.18cm;\" width=\"141\"><p style=\"font-variant-numeric: normal; font-variant-east-asian: normal; font-style: normal; font-weight: normal;\"><span style=\"color: #000000;\"><span style=\"font-family: Arial;\"><span style=\"font-size: 7pt;\">Kirka: Hengaillaan<\/span><\/span><\/span><\/p><\/td><td style=\"border-width: 1pt; border-top-style: solid; border-left-style: solid; border-color: #000000; padding: 0.18cm;\" width=\"335\"><p style=\"font-variant-numeric: normal; font-variant-east-asian: normal; font-style: normal; font-weight: normal;\"><span style=\"color: #000000;\"><span style=\"font-family: Arial;\"><span style=\"font-size: 7pt;\">Lordi: Hard Rock hallelujah<\/span><\/span><\/span><\/p><\/td><td style=\"border-width: 1pt; border-top-style: solid; border-left-style: solid; border-color: #000000; padding: 0.18cm;\" width=\"315\"><p style=\"font-variant-numeric: normal; font-variant-east-asian: normal; font-style: normal; font-weight: normal;\"><span style=\"color: #202122;\"><span style=\"font-family: Arial;\"><span style=\"font-size: 6pt;\">(Pentti Oskari Kankaan) seitsem\u00e4n sein\u00e4hullua veljest\u00e4: Banaania poskeen<\/span><\/span><\/span><\/p><\/td><td style=\"border-width: 1pt; border-top-style: solid; border-left-style: solid; border-color: #000000; padding: 0.18cm;\" width=\"261\"><p style=\"font-variant-numeric: normal; font-variant-east-asian: normal; font-style: normal; font-weight: normal;\"><span style=\"color: #000000;\"><span style=\"font-family: Arial;\"><span style=\"font-size: 7pt;\">Matti &amp; Teppo: m\u00e4 joka p\u00e4iv\u00e4 t\u00f6it\u00e4 teen<\/span><\/span><\/span><\/p><\/td><\/tr><tr><td style=\"border-width: 1pt; border-top-style: solid; border-left-style: solid; border-color: #000000; padding: 0.18cm;\" width=\"146\"><p style=\"font-variant-numeric: normal; font-variant-east-asian: normal; font-style: normal; font-weight: normal;\"><span style=\"color: #000000;\"><span style=\"font-family: Arial;\"><span style=\"font-size: 8pt;\"><span style=\"background: transparent;\">Lapset joulupuun ymp\u00e4rill\u00e4 laulelevat sulosti<\/span><\/span><\/span><\/span><\/p><\/td><td style=\"border-width: 1pt; border-top-style: solid; border-left-style: solid; border-color: #000000; padding: 0.18cm;\" width=\"175\"><p style=\"font-variant-numeric: normal; font-variant-east-asian: normal; font-style: normal; font-weight: normal;\"><span style=\"color: #000000;\"><span style=\"font-family: Arial;\"><span style=\"font-size: 8pt;\"><span style=\"background: transparent;\">Vankila josta tulee musiikkia, rockia.<\/span><\/span><\/span><\/span><\/p><\/td><td style=\"border-width: 1pt; border-top-style: solid; border-left-style: solid; border-color: #000000; padding: 0.18cm;\" width=\"266\"><p style=\"font-variant-numeric: normal; font-variant-east-asian: normal; font-style: normal; font-weight: normal;\"><span style=\"color: #000000;\"><span style=\"font-family: Arial;\"><span style=\"font-size: 8pt;\"><span style=\"background: transparent;\">Kuvassa monia pellavap\u00e4it\u00e4, sek\u00e4 erilaisia \u00f6tti\u00e4isi\u00e4 sein\u00e4t ja rappuset t\u00e4ynn\u00e4<\/span><\/span><\/span><\/span><\/p><\/td><td style=\"border-width: 1pt; border-top-style: solid; border-left-style: solid; border-color: #000000; padding: 0.18cm;\" width=\"141\"><p style=\"font-variant-numeric: normal; font-variant-east-asian: normal; font-style: normal; font-weight: normal;\"><span style=\"color: #000000;\"><span style=\"font-family: Arial;\"><span style=\"font-size: 8pt;\"><span style=\"background: transparent;\">Junaa odotellaan asemalla ja taulussa lukee viimeinen juna<\/span><\/span><\/span><\/span><\/p><\/td><td style=\"border-width: 1pt; border-top-style: solid; border-left-style: solid; border-color: #000000; padding: 0.18cm;\" width=\"335\"><p style=\"font-variant-numeric: normal; font-variant-east-asian: normal; font-style: normal; font-weight: normal;\"><span style=\"color: #000000;\"><span style=\"font-family: Arial;\"><span style=\"font-size: 8pt;\"><span style=\"background: transparent;\">M\u00f6rk\u00f6j\u00e4 lavalla. Yksi tapa k\u00e4\u00e4nt\u00e4\u00e4 hard rock = raskas kivi, joka on lavalla (siin\u00e4 my\u00f6s lukee halleluja). Rokkenrolli enkeli viem\u00e4ss\u00e4 hard rockia <\/span><\/span><\/span><\/span><\/p><\/td><td style=\"border-width: 1pt; border-top-style: solid; border-left-style: solid; border-color: #000000; padding: 0.18cm;\" width=\"315\"><p style=\"font-variant-numeric: normal; font-variant-east-asian: normal; font-style: normal; font-weight: normal;\"><span style=\"color: #000000;\"><span style=\"font-family: Arial;\"><span style=\"font-size: 8pt;\"><span style=\"background: transparent;\">Puussa apina kummastelee mihin banaanit katoaa. Terttuja kantava mies pistelee banaania poskeen.<\/span><\/span><\/span><\/span><\/p><\/td><td style=\"border-width: 1pt; border-top-style: solid; border-left-style: solid; border-color: #000000; padding: 0.18cm;\" width=\"261\"><p style=\"font-variant-numeric: normal; font-variant-east-asian: normal; font-style: normal; font-weight: normal;\"><span style=\"color: #000000;\"><span style=\"font-family: Arial;\"><span style=\"font-size: 8pt;\"><span style=\"background: transparent;\">Mies on menossa ty\u00f6paikkaansa ja kello on hieman vaille 7 eli on leimaamassa itsens\u00e4 ajoissa paikalle.<\/span><\/span><\/span><\/span><\/p><\/td><\/tr><\/tbody><\/table>\t\t\t\t\t\t<\/div>\n\t\t\t\t<\/div>\n\t\t\t\t<div class=\"elementor-element elementor-element-ab105e6 elementor-widget elementor-widget-text-editor\" data-id=\"ab105e6\" data-element_type=\"widget\" data-widget_type=\"text-editor.default\">\n\t\t\t\t<div class=\"elementor-widget-container\">\n\t\t\t\t\t\t\t<p>Viimeisen kappaleen tein aiheen mukaisesti 31.12.2022, eli t\u00e4m\u00e4 j\u00e4i aivan vuoden loppuun viimeisen\u00e4 kappaleena<\/p>\t\t\t\t\t\t<\/div>\n\t\t\t\t<\/div>\n\t\t\t\t<div class=\"elementor-element elementor-element-4f65f95 elementor-widget elementor-widget-text-editor\" data-id=\"4f65f95\" data-element_type=\"widget\" data-widget_type=\"text-editor.default\">\n\t\t\t\t<div class=\"elementor-widget-container\">\n\t\t\t\t\t\t\t<table width=\"349\" cellspacing=\"0\" cellpadding=\"20\"><colgroup><col width=\"301\" \/> <\/colgroup><tbody><tr><td style=\"border-width: 1pt; border-top-style: solid; border-left-style: solid; border-color: #000000; padding: 0.18cm;\" width=\"301\"><p style=\"font-variant-numeric: normal; font-variant-east-asian: normal; font-style: normal; font-weight: normal;\"><span style=\"color: #000000;\"><span style=\"font-family: Arial;\"><span style=\"font-size: 8pt;\"><span style=\"background: transparent;\">Laulu 15<\/span><\/span><\/span><\/span><\/p><\/td><\/tr><tr><td style=\"border-width: 1pt; border-top-style: solid; border-left-style: solid; border-color: #000000; padding: 0.18cm;\" width=\"301\"><p style=\"font-variant-numeric: normal; font-variant-east-asian: normal; font-style: normal; font-weight: normal;\"><span style=\"color: #000000;\"><span style=\"font-family: Arial;\"><span style=\"font-size: 7pt;\">Abba: Happy new year<\/span><\/span><\/span><\/p><\/td><\/tr><tr><td style=\"border-width: 1pt; border-top-style: solid; border-left-style: solid; border-color: #000000; padding: 0.18cm;\" width=\"301\"><p style=\"font-variant-numeric: normal; font-variant-east-asian: normal; font-style: normal; font-weight: normal;\"><span style=\"color: #000000;\"><span style=\"font-family: Arial;\"><span style=\"font-size: 8pt;\"><span style=\"background: transparent;\">Laulun mukaisesti juhlat ovat jo ohitse ja shamppanja loppu (tyhj\u00e4t pullot maassa), raketit ammuttu (hylsyt maassa) ja vain me kaksi en\u00e4\u00e4 t\u00e4ss\u00e4.<\/span><\/span><\/span><\/span><\/p><\/td><\/tr><\/tbody><\/table>\t\t\t\t\t\t<\/div>\n\t\t\t\t<\/div>\n\t\t\t\t\t<\/div>\n\t\t<\/div>\n\t\t\t\t\t\t\t<\/div>\n\t\t<\/section>\n\t\t\t\t\t\t\t<\/div>\n\t\t","protected":false},"excerpt":{"rendered":"<p>Ohessa taulukossa kaikki 2022 kappaleet. Ylimp\u00e4n\u00e4 on teoksen numero, seuraavaksi oikea kappale ja alimpana selitys mit\u00e4 kuvasta voi l\u00f6yt\u00e4\u00e4 kyseiseen kappaleeseen liittyen! Laulu1\u00a0 Laulu 2 Laulu 3 Laulu 4 Laulu 5 Laulu 6 Laulu 7 Juice Leskinen Musta auronko nousee Martti servo: Ufo tarjosi kaakaon Katri Helena: Puhelinlangat laulaa sakari Kuosmanen: Rakkauden haudalla En etsi<\/p>\n<p><a href=\"https:\/\/tepish.net\/blendertek\/index.php\/vastaukset-2022\/\" class=\"more-link themebutton\">Read More<\/a><\/p>\n","protected":false},"author":1,"featured_media":0,"parent":0,"menu_order":0,"comment_status":"closed","ping_status":"closed","template":"","meta":{"ngg_post_thumbnail":0},"_links":{"self":[{"href":"https:\/\/tepish.net\/blendertek\/index.php\/wp-json\/wp\/v2\/pages\/118"}],"collection":[{"href":"https:\/\/tepish.net\/blendertek\/index.php\/wp-json\/wp\/v2\/pages"}],"about":[{"href":"https:\/\/tepish.net\/blendertek\/index.php\/wp-json\/wp\/v2\/types\/page"}],"author":[{"embeddable":true,"href":"https:\/\/tepish.net\/blendertek\/index.php\/wp-json\/wp\/v2\/users\/1"}],"replies":[{"embeddable":true,"href":"https:\/\/tepish.net\/blendertek\/index.php\/wp-json\/wp\/v2\/comments?post=118"}],"version-history":[{"count":4,"href":"https:\/\/tepish.net\/blendertek\/index.php\/wp-json\/wp\/v2\/pages\/118\/revisions"}],"predecessor-version":[{"id":126,"href":"https:\/\/tepish.net\/blendertek\/index.php\/wp-json\/wp\/v2\/pages\/118\/revisions\/126"}],"wp:attachment":[{"href":"https:\/\/tepish.net\/blendertek\/index.php\/wp-json\/wp\/v2\/media?parent=118"}],"curies":[{"name":"wp","href":"https:\/\/api.w.org\/{rel}","templated":true}]}}