{"id":56,"date":"2022-08-02T21:11:02","date_gmt":"2022-08-02T18:11:02","guid":{"rendered":"https:\/\/tepish.net\/blendertek\/?page_id=56"},"modified":"2022-08-02T21:11:40","modified_gmt":"2022-08-02T18:11:40","slug":"kuinka-syntyy-blenderismi","status":"publish","type":"page","link":"https:\/\/tepish.net\/blendertek\/index.php\/kuinka-syntyy-blenderismi\/","title":{"rendered":"Kuinka syntyy blenderismi"},"content":{"rendered":"\t\t<div data-elementor-type=\"wp-page\" data-elementor-id=\"56\" class=\"elementor elementor-56\">\n\t\t\t\t\t\t\t\t\t<section class=\"elementor-section elementor-top-section elementor-element elementor-element-3e6e755 elementor-section-boxed elementor-section-height-default elementor-section-height-default\" data-id=\"3e6e755\" data-element_type=\"section\">\n\t\t\t\t\t\t<div class=\"elementor-container elementor-column-gap-default\">\n\t\t\t\t\t<div class=\"elementor-column elementor-col-100 elementor-top-column elementor-element elementor-element-66c42bb\" data-id=\"66c42bb\" data-element_type=\"column\">\n\t\t\t<div class=\"elementor-widget-wrap elementor-element-populated\">\n\t\t\t\t\t\t\t\t<div class=\"elementor-element elementor-element-5665ae4 elementor-widget elementor-widget-text-editor\" data-id=\"5665ae4\" data-element_type=\"widget\" data-widget_type=\"text-editor.default\">\n\t\t\t\t<div class=\"elementor-widget-container\">\n\t\t\t<style>\/*! elementor - v3.10.2 - 29-01-2023 *\/\n.elementor-widget-text-editor.elementor-drop-cap-view-stacked .elementor-drop-cap{background-color:#818a91;color:#fff}.elementor-widget-text-editor.elementor-drop-cap-view-framed .elementor-drop-cap{color:#818a91;border:3px solid;background-color:transparent}.elementor-widget-text-editor:not(.elementor-drop-cap-view-default) .elementor-drop-cap{margin-top:8px}.elementor-widget-text-editor:not(.elementor-drop-cap-view-default) .elementor-drop-cap-letter{width:1em;height:1em}.elementor-widget-text-editor .elementor-drop-cap{float:left;text-align:center;line-height:1;font-size:50px}.elementor-widget-text-editor .elementor-drop-cap-letter{display:inline-block}<\/style>\t\t\t\t<div class=\"ipWidget ipWidget-Heading ipSkin-default\"><h1 class=\"_title\">Kuinka syntyy Blenderismi<\/h1><\/div><div class=\"ipWidget ipWidget-Text ipSkin-default\"><div class=\"ipsContainer\"><p style=\"text-align: center;\"><span style=\"font-size: 22px; text-align: center; background-color: #ffffff;\">BLENDER &#8211; Kuinka syntyy blenderismi<\/span><\/p><p><span style=\"font-size: 18px;\"><span style=\"text-align: center;\">Olen saanut ymm\u00e4rt\u00e4\u00e4, ett\u00e4 kaikki eiv\u00e4t oikein ymm\u00e4rr\u00e4 mit\u00e4 blender teokset ovat taikka mit\u00e4 niist\u00e4 pit\u00e4isi ajatella.. T\u00e4ss\u00e4 sivussa esittelen yhden blender teoksen synnyn, jonka tarkoitus on tuoda ymm\u00e4rrys siit\u00e4 miten kuvat syntyv\u00e4t ja miten ne tehd\u00e4\u00e4n.<\/span><\/span><\/p><p><span style=\"font-size: 18px;\"><span style=\"text-align: center;\">T\u00e4ss\u00e4 on lopputulos jota l\u00e4hdemme purkamaan .. Keskitymme p\u00f6yt\u00e4\u00e4n ja tuoleihin.. Lamput ja astiat ovat viel\u00e4 erikseen tehtyj\u00e4<\/span><\/span><\/p><\/div><\/div><div class=\"ipWidget ipWidget-Image ipSkin-default\"><a class=\"cboxElement\" title=\"\" href=\"https:\/\/tepish.net\/Blender\/file\/2015\/06\/22\/valmis_1.png\" rel=\"lightbox\" data-description=\"\"><img class=\"ipsImage\" title=\"\" src=\"https:\/\/tepish.net\/Blender\/file\/2015\/06\/22\/valmis_2.png\" alt=\"\" \/><\/a><\/div><div class=\"ipWidget ipWidget-Text ipSkin-default\"><div class=\"ipsContainer\"><p><span style=\"font-size: 18px;\"><span style=\"text-align: center;\">Kaikki alkaa laatikosta<\/span><\/span><\/p><\/div><\/div><div class=\"ipWidget ipWidget-Image ipSkin-default\"><a class=\"cboxElement\" title=\"\" href=\"https:\/\/tepish.net\/Blender\/file\/2015\/06\/22\/laatikko_2_1.png\" rel=\"lightbox\" data-description=\"\"><img class=\"ipsImage\" title=\"\" src=\"https:\/\/tepish.net\/Blender\/file\/2015\/06\/22\/laatikko_2_2.png\" alt=\"\" \/><\/a><\/div><div class=\"ipWidget ipWidget-Text ipSkin-default\"><div class=\"ipsContainer\"><p><span style=\"font-size: 18px;\"><span style=\"text-align: center;\">Seuraavaksi laatikosta tehd\u00e4\u00e4n p\u00f6yt\u00e4 levy ja tuoli levy (1). Sitten tuolille tehd\u00e4\u00e4n jalat ja selk\u00e4noja (2). Sitten tuolit monistetaan ja tehd\u00e4\u00e4n p\u00f6yd\u00e4lle jalat (3).<\/span><\/span><\/p><\/div><\/div><div class=\"ipWidget ipWidget-Image ipSkin-default\"><a class=\"cboxElement\" title=\"\" href=\"https:\/\/tepish.net\/Blender\/file\/2015\/06\/22\/zip_zap_1.png\" rel=\"lightbox\" data-description=\"\"><img class=\"ipsImage\" title=\"\" src=\"https:\/\/tepish.net\/Blender\/file\/2015\/06\/22\/zip_zap_2.png\" alt=\"\" \/><\/a><\/div><div class=\"ipWidget ipWidget-Text ipSkin-default\"><div class=\"ipsContainer\"><p><span style=\"font-size: 18px;\"><span style=\"text-align: center;\">T\u00e4m\u00e4n j\u00e4lkeen annetaan materiaalit p\u00f6yd\u00e4lle ja tuolille ja lopputulos on alku kuvan kaltainen<\/span><\/span><\/p><\/div><\/div><div class=\"ipWidget ipWidget-Image ipSkin-default\"><a class=\"cboxElement\" title=\"\" href=\"https:\/\/tepish.net\/Blender\/file\/2015\/06\/22\/LOPPUTULOS2_1.png\" rel=\"lightbox\" data-description=\"\"><img class=\"ipsImage\" title=\"\" src=\"https:\/\/tepish.net\/Blender\/file\/2015\/06\/22\/LOPPUTULOS2_2.png\" alt=\"\" \/><\/a><\/div><div class=\"ipWidget ipWidget-Text ipSkin-default\"><div class=\"ipsContainer\"><p><span style=\"font-size: 18px;\"><span style=\"text-align: center;\">T\u00e4ss\u00e4 on materiaalina k\u00e4ytetty puu tekstuuria, sek\u00e4 kullan hohdetta cycles renderill\u00e4 (glossy ja kellert\u00e4v\u00e4 v\u00e4ri, sek\u00e4 hieman roughia).<\/span><\/span><\/p><\/div><\/div>\t\t\t\t\t\t<\/div>\n\t\t\t\t<\/div>\n\t\t\t\t\t<\/div>\n\t\t<\/div>\n\t\t\t\t\t\t\t<\/div>\n\t\t<\/section>\n\t\t\t\t\t\t\t<\/div>\n\t\t","protected":false},"excerpt":{"rendered":"<p>Kuinka syntyy Blenderismi BLENDER &#8211; Kuinka syntyy blenderismi Olen saanut ymm\u00e4rt\u00e4\u00e4, ett\u00e4 kaikki eiv\u00e4t oikein ymm\u00e4rr\u00e4 mit\u00e4 blender teokset ovat taikka mit\u00e4 niist\u00e4 pit\u00e4isi ajatella.. T\u00e4ss\u00e4 sivussa esittelen yhden blender teoksen synnyn, jonka tarkoitus on tuoda ymm\u00e4rrys siit\u00e4 miten kuvat syntyv\u00e4t ja miten ne tehd\u00e4\u00e4n. T\u00e4ss\u00e4 on lopputulos jota l\u00e4hdemme purkamaan .. Keskitymme p\u00f6yt\u00e4\u00e4n ja<\/p>\n<p><a href=\"https:\/\/tepish.net\/blendertek\/index.php\/kuinka-syntyy-blenderismi\/\" class=\"more-link themebutton\">Read More<\/a><\/p>\n","protected":false},"author":1,"featured_media":0,"parent":0,"menu_order":0,"comment_status":"closed","ping_status":"closed","template":"","meta":{"ngg_post_thumbnail":0},"_links":{"self":[{"href":"https:\/\/tepish.net\/blendertek\/index.php\/wp-json\/wp\/v2\/pages\/56"}],"collection":[{"href":"https:\/\/tepish.net\/blendertek\/index.php\/wp-json\/wp\/v2\/pages"}],"about":[{"href":"https:\/\/tepish.net\/blendertek\/index.php\/wp-json\/wp\/v2\/types\/page"}],"author":[{"embeddable":true,"href":"https:\/\/tepish.net\/blendertek\/index.php\/wp-json\/wp\/v2\/users\/1"}],"replies":[{"embeddable":true,"href":"https:\/\/tepish.net\/blendertek\/index.php\/wp-json\/wp\/v2\/comments?post=56"}],"version-history":[{"count":4,"href":"https:\/\/tepish.net\/blendertek\/index.php\/wp-json\/wp\/v2\/pages\/56\/revisions"}],"predecessor-version":[{"id":61,"href":"https:\/\/tepish.net\/blendertek\/index.php\/wp-json\/wp\/v2\/pages\/56\/revisions\/61"}],"wp:attachment":[{"href":"https:\/\/tepish.net\/blendertek\/index.php\/wp-json\/wp\/v2\/media?parent=56"}],"curies":[{"name":"wp","href":"https:\/\/api.w.org\/{rel}","templated":true}]}}