{"id":65,"date":"2022-08-02T21:16:44","date_gmt":"2022-08-02T18:16:44","guid":{"rendered":"https:\/\/tepish.net\/blendertek\/?page_id=65"},"modified":"2022-08-02T21:55:43","modified_gmt":"2022-08-02T18:55:43","slug":"blender-historia","status":"publish","type":"page","link":"https:\/\/tepish.net\/blendertek\/index.php\/blender-historia\/","title":{"rendered":"Blender historia"},"content":{"rendered":"\t\t<div data-elementor-type=\"wp-page\" data-elementor-id=\"65\" class=\"elementor elementor-65\">\n\t\t\t\t\t\t\t\t\t<section class=\"elementor-section elementor-top-section elementor-element elementor-element-f2147ea elementor-section-boxed elementor-section-height-default elementor-section-height-default\" data-id=\"f2147ea\" data-element_type=\"section\">\n\t\t\t\t\t\t<div class=\"elementor-container elementor-column-gap-default\">\n\t\t\t\t\t<div class=\"elementor-column elementor-col-100 elementor-top-column elementor-element elementor-element-2ed894c\" data-id=\"2ed894c\" data-element_type=\"column\">\n\t\t\t<div class=\"elementor-widget-wrap elementor-element-populated\">\n\t\t\t\t\t\t\t\t<div class=\"elementor-element elementor-element-4f3aa46 elementor-widget elementor-widget-text-editor\" data-id=\"4f3aa46\" data-element_type=\"widget\" data-widget_type=\"text-editor.default\">\n\t\t\t\t<div class=\"elementor-widget-container\">\n\t\t\t<style>\/*! elementor - v3.10.2 - 29-01-2023 *\/\n.elementor-widget-text-editor.elementor-drop-cap-view-stacked .elementor-drop-cap{background-color:#818a91;color:#fff}.elementor-widget-text-editor.elementor-drop-cap-view-framed .elementor-drop-cap{color:#818a91;border:3px solid;background-color:transparent}.elementor-widget-text-editor:not(.elementor-drop-cap-view-default) .elementor-drop-cap{margin-top:8px}.elementor-widget-text-editor:not(.elementor-drop-cap-view-default) .elementor-drop-cap-letter{width:1em;height:1em}.elementor-widget-text-editor .elementor-drop-cap{float:left;text-align:center;line-height:1;font-size:50px}.elementor-widget-text-editor .elementor-drop-cap-letter{display:inline-block}<\/style>\t\t\t\t<p>T\u00e4ss\u00e4 omakohtainen Blender historiani, vuonna 2022 l\u00e4hes 18 vuotta.<\/p>\t\t\t\t\t\t<\/div>\n\t\t\t\t<\/div>\n\t\t\t\t<div class=\"elementor-element elementor-element-f2aeb71 elementor-widget elementor-widget-timeline-widget-addon\" data-id=\"f2aeb71\" data-element_type=\"widget\" data-widget_type=\"timeline-widget-addon.default\">\n\t\t\t\t<div class=\"elementor-widget-container\">\n\t\t\t<!-- ========= Timeline Widget  Addon For Elementor 1.4.1 ========= -->\r\n<div id=\"twae-wrapper-f2aeb71\" class=\"twae-wrapper twae-horizontal-timeline\">\r\n<div class=\"twae-wrapper-inside\">\r\n <div id=\"twae-slider-container-f2aeb71\" data-dir=\"\" data-slidestoshow=\"2\" data-autoplay=\"false\" class=\"twae-slider-container swiper-container\">\r\n <div  class=\"twae-slider-wrapper swiper-wrapper no-height\"><div  id=\"twae-article-1599fca\" class=\"twae-repeater-item twae-story swiper-slide twae-story-icon twae-position-40-50\"><div class=\"twae-story-line\"><\/div><div class=\"twae-labels\">\r\n                       <div class=\"twae-label-big\">2006-2007<\/div><div class=\"twae-label-small\">Etsint\u00e4 aika<\/div>\r\n                     <\/div><div class=\"twae-arrow\"><\/div><div class=\"twae-icon\"><i aria-hidden=\"true\" class=\"far fa-clock\"><\/i><\/div><div class=\"twae-content\"><div class=\"twae-media large\"><img src=\"https:\/\/tepish.net\/Blender\/file\/2015\/06\/22\/K_3D_1.png\" alt=\"Etsint\u00e4 aika\"><\/div><div class=\"twae-title\">Etsint\u00e4 aika<\/div>\r\n                    <div class=\"twae-description\"><div class=\"ipWidget ipWidget-Text ipSkin-default\"><div class=\"ipsContainer\"><p>2006-2007 v\u00e4lill\u00e4 rupesin etsim\u00e4\u00e4n 3D grafiikka ohjelmaa. L\u00f6ysinkin useamman ja kokeilin niit\u00e4.<\/p><p>mm kokeilin n\u00e4it\u00e4<\/p><\/div><\/div><div class=\"ipWidget ipWidget-Image ipSkin-default\"><a class=\"cboxElement\" title=\"\" href=\"https:\/\/tepish.net\/Blender\/file\/2015\/06\/22\/K_3D_1.png\" rel=\"lightbox\" data-description=\"\"><img class=\"ipsImage\" title=\"\" src=\"https:\/\/tepish.net\/Blender\/file\/2015\/06\/22\/K_3D_2.png\" alt=\"\" \/><\/a><\/div><div class=\"ipWidget ipWidget-Text ipSkin-default\"><div class=\"ipsContainer\"><p><a href=\"http:\/\/www.k-3d.org\/\">K-3D http:\/\/www.k-3d.org\/<\/a><\/p><\/div><\/div><div class=\"ipWidget ipWidget-Image ipSkin-default\"><a class=\"cboxElement\" title=\"\" href=\"https:\/\/tepish.net\/Blender\/file\/2015\/06\/22\/anim8ator_1.png\" rel=\"lightbox\" data-description=\"\"><img class=\"ipsImage\" title=\"\" src=\"https:\/\/tepish.net\/Blender\/file\/2015\/06\/22\/anim8ator_2.png\" alt=\"\" \/><\/a><\/div><div class=\"ipWidget ipWidget-Text ipSkin-default\"><div class=\"ipsContainer\"><p>Anim8or\u00a0<a href=\"http:\/\/www.anim8or.com\/index.html\">http:\/\/www.anim8or.com\/index.html<\/a><\/p><\/div><\/div><\/div>                        \r\n                <\/div>\r\n        <\/div><div  id=\"twae-article-a5168be\" class=\"twae-repeater-item twae-story swiper-slide twae-story-icon twae-position-40-50\"><div class=\"twae-story-line\"><\/div><div class=\"twae-labels\">\r\n                       <div class=\"twae-label-big\">2006-2007<\/div><div class=\"twae-label-small\">Blender<\/div>\r\n                     <\/div><div class=\"twae-arrow\"><\/div><div class=\"twae-icon\"><i aria-hidden=\"true\" class=\"far fa-clock\"><\/i><\/div><div class=\"twae-content\"><div class=\"twae-media large\"><img src=\"https:\/\/tepish.net\/Blender\/file\/2015\/06\/22\/Blender_2_4_1.png\" alt=\"Etsint\u00e4 aika\"><\/div><div class=\"twae-title\">Etsint\u00e4 aika<\/div>\r\n                    <div class=\"twae-description\"><div class=\"ipWidget ipWidget-Text ipSkin-default\"><div class=\"ipsContainer\"><div class=\"ipWidget ipWidget-Text ipSkin-default\"><div class=\"ipsContainer\"><p>\u00a0L\u00f6ysin my\u00f6s Blenderin, mutta en saanut siit\u00e4 mit\u00e4\u00e4n viel\u00e4 irti. Blender oli viel\u00e4 t\u00e4ll\u00f6in hyvin erin\u00e4k\u00f6inen ja erilainen toimintaan, kuin nyky\u00e4\u00e4n. Suuria muutoksia tapahtui siirtyess\u00e4 versioon 2.50<\/p><\/div><\/div><div class=\"ipWidget ipWidget-Image ipSkin-default\"><a class=\"cboxElement\" title=\"\" href=\"https:\/\/tepish.net\/Blender\/file\/2015\/06\/22\/Blender_2_4_1.png\" rel=\"lightbox\" data-description=\"\"><img class=\"ipsImage\" title=\"\" src=\"https:\/\/tepish.net\/Blender\/file\/2015\/06\/22\/Blender_2_4_2.png\" alt=\"\" \/><\/a><\/div><div class=\"ipWidget ipWidget-Text ipSkin-default\"><div class=\"ipsContainer\"><p><a href=\"http:\/\/wiki.blender.org\/index.php\/Doc:2.4\/Books\/Essential_Blender\/09.2.Blender_Materials:_Discussion\">Blender 2.4 http:\/\/wiki.blender.org\/index.php\/Doc:2.4\/Books\/Essential_Blender\/09.2.Blender_Materials:_Discussion<\/a><\/p><\/div><\/div><\/div><\/div><div class=\"ipWidget ipWidget-Text ipSkin-default\"><div class=\"ipsContainer\">\u00a0<\/div><\/div><\/div>                        \r\n                <\/div>\r\n        <\/div><div  id=\"twae-article-0eb78bb\" class=\"twae-repeater-item twae-story swiper-slide twae-story-icon twae-position-40-50\"><div class=\"twae-story-line\"><\/div><div class=\"twae-labels\">\r\n                       <div class=\"twae-label-big\">2008<\/div><div class=\"twae-label-small\">K\u00e4yt\u00f6n aloitus<\/div>\r\n                     <\/div><div class=\"twae-arrow\"><\/div><div class=\"twae-icon\"><i aria-hidden=\"true\" class=\"far fa-clock\"><\/i><\/div><div class=\"twae-content\"><div class=\"twae-media large\"><img width=\"540\" height=\"313\" src=\"https:\/\/tepish.net\/blendertek\/wp-content\/uploads\/2022\/08\/blend.png\" class=\"attachment-large size-large\" alt=\"\" loading=\"lazy\" srcset=\"https:\/\/tepish.net\/blendertek\/wp-content\/uploads\/2022\/08\/blend.png 540w, https:\/\/tepish.net\/blendertek\/wp-content\/uploads\/2022\/08\/blend-300x174.png 300w\" sizes=\"(max-width: 540px) 100vw, 540px\" \/><\/div><div class=\"twae-title\">Blender l\u00f6ytyy<\/div>\r\n                    <div class=\"twae-description\"><div class=\"ipWidget ipWidget-Text ipSkin-default\"><div class=\"ipsContainer\"><div class=\"ipWidget ipWidget-Text ipSkin-default\"><div class=\"ipsContainer\"><p>samoihin aikoihin (hieman jo ennen) kun aloitin iltalukion l\u00f6ysin Blenderin uudelleen. Versio oli tuolloin 2.4x ja se oli ensimm\u00e4inen jota aloin opiskella tosissani mm.\u00a0<a href=\"http:\/\/www.youtube.com\/watch?v=ozlwcQT-U20&amp;list=PLF4FED3F5A7A48AA1\">http:\/\/www.youtube.com\/watch?v=ozlwcQT-U20&amp;list=PLF4FED3F5A7A48AA1<\/a>\u00a0n\u00e4it\u00e4 katsomalla.<\/p><p>Iltalukion aikana taidot olivat jo karttuneet sen verran, ett\u00e4 tein Blenderill\u00e4 muutaman videon yksi kurssi ty\u00f6n esitykseksi ja toinen lopussa kiitos videoksi. Koska yleis\u00f6 oli ei blenderistej\u00e4 videot upposivat heihin heitt\u00e4m\u00e4ll\u00e4. Kuitenkin videoiden laatu ei ollut p\u00e4\u00e4t\u00e4 huimaava. En ollut kuitenkaan tuolloinkaan en\u00e4\u00e4 aloittelija ja Blender versiona oli 2.5x.<\/p><\/div><\/div><\/div><\/div><\/div>                        \r\n                <\/div>\r\n        <\/div><div  id=\"twae-article-07b79f5\" class=\"twae-repeater-item twae-story swiper-slide twae-story-icon twae-position-40-50\"><div class=\"twae-story-line\"><\/div><div class=\"twae-labels\">\r\n                       <div class=\"twae-label-big\">2010<\/div><div class=\"twae-label-small\">Blender guru l\u00f6ytyy<\/div>\r\n                     <\/div><div class=\"twae-arrow\"><\/div><div class=\"twae-icon\"><i aria-hidden=\"true\" class=\"far fa-clock\"><\/i><\/div><div class=\"twae-content\"><div class=\"twae-media large\"><img src=\"\" alt=\"Blender guru l\u00f6ytyy\"><\/div><div class=\"twae-title\">Blender guru l\u00f6ytyy<\/div>\r\n                    <div class=\"twae-description\"><div class=\"ipWidget ipWidget-Text ipSkin-default\"><div class=\"ipsContainer\"><div class=\"ipWidget ipWidget-Text ipSkin-default\"><div class=\"ipsContainer\"><p>2010 j\u00e4lkeen olen taitojeni karttuessa alkanut opiskella \"gurun\" opastuksen mukaan\u00a0<a href=\"http:\/\/www.blenderguru.com\/\">http:\/\/www.blenderguru.com\/<\/a>, Adrew Price on melkoinen velho blenderin kanssa.. Itsell\u00e4 on viel\u00e4 pitk\u00e4 matka siihen taitoon.. Joskin minun blender historia on 5+ vuotta ja Andrew on 9+ harrastanut Blenderi\u00e4.. Ehk\u00e4 4 vuoden p\u00e4\u00e4st\u00e4 alan olla tuolla tasolla :-D.<\/p><\/div><\/div><\/div><\/div><\/div>                        \r\n                <\/div>\r\n        <\/div><div  id=\"twae-article-dd9fd3a\" class=\"twae-repeater-item twae-story swiper-slide twae-story-icon twae-position-40-50\"><div class=\"twae-story-line\"><\/div><div class=\"twae-labels\">\r\n                       <div class=\"twae-label-big\">2012-13<\/div><div class=\"twae-label-small\">Aina oppii uutta<\/div>\r\n                     <\/div><div class=\"twae-arrow\"><\/div><div class=\"twae-icon\"><i aria-hidden=\"true\" class=\"far fa-clock\"><\/i><\/div><div class=\"twae-content\"><div class=\"twae-media large\"><img width=\"540\" height=\"313\" src=\"https:\/\/tepish.net\/blendertek\/wp-content\/uploads\/2022\/08\/blend.png\" class=\"attachment-large size-large\" alt=\"\" loading=\"lazy\" srcset=\"https:\/\/tepish.net\/blendertek\/wp-content\/uploads\/2022\/08\/blend.png 540w, https:\/\/tepish.net\/blendertek\/wp-content\/uploads\/2022\/08\/blend-300x174.png 300w\" sizes=\"(max-width: 540px) 100vw, 540px\" \/><\/div><div class=\"twae-title\">Uusia oppeja<\/div>\r\n                    <div class=\"twae-description\"><p>2012-2013 v\u00e4lill\u00e4 olen oppinut paljon uutta mm. cycles renderi\u00e4, anisotropic\u00a0shader, dynamic paint, ... jotka ovat Blenderiss\u00e4 suhteellisen uusia ominaisuuksia. En osaa niit\u00e4 ollenkaan hyvin viel\u00e4, mutta kokeillaan kehityt\u00e4\u00e4n ja katsotaan miten ne alkavat sujua.<\/p><\/div>                        \r\n                <\/div>\r\n        <\/div><div  id=\"twae-article-cefba62\" class=\"twae-repeater-item twae-story swiper-slide twae-story-icon twae-position-40-50\"><div class=\"twae-story-line\"><\/div><div class=\"twae-labels\">\r\n                       <div class=\"twae-label-big\">2014<\/div><div class=\"twae-label-small\">Kun tehot ei riit\u00e4<\/div>\r\n                     <\/div><div class=\"twae-arrow\"><\/div><div class=\"twae-icon\"><i aria-hidden=\"true\" class=\"far fa-clock\"><\/i><\/div><div class=\"twae-content\"><div class=\"twae-media large\"><img width=\"540\" height=\"313\" src=\"https:\/\/tepish.net\/blendertek\/wp-content\/uploads\/2022\/08\/blend.png\" class=\"attachment-large size-large\" alt=\"\" loading=\"lazy\" srcset=\"https:\/\/tepish.net\/blendertek\/wp-content\/uploads\/2022\/08\/blend.png 540w, https:\/\/tepish.net\/blendertek\/wp-content\/uploads\/2022\/08\/blend-300x174.png 300w\" sizes=\"(max-width: 540px) 100vw, 540px\" \/><\/div><div class=\"twae-title\">Kun tehot ei riit\u00e4<\/div>\r\n                    <div class=\"twae-description\"><p>2014 Taukoa blenderiss\u00e4, koska tietokoneeni on alkanut ylikuumenemaan render\u00f6idess\u00e4 ja muussa vaativammassa tietokoneilussa. Syyskuussa aloin opiskella datanomiksi, eli olen ehk\u00e4 tulevaisuudessa blendertaiteilja, datanomi \ud83d\ude00 .. Pyrin saamaan tietokoneen kuntoon l\u00e4hitulevaisuudessa \ud83d\ude09 (nyt asia riippuu pitk\u00e4lti TE-keskuksesta, saanko jatkossa rahaa)<\/p><p>Minun ongelmani on pitk\u00e4lti se, ett\u00e4 olen pyrkinyt p\u00e4\u00e4sem\u00e4\u00e4n suhteellisen helpolla (osin tietokoneiden tehojen puitteista johtuen) ja en ole haastanut itse\u00e4ni riitt\u00e4v\u00e4sti, mm Node editoria olen alkanut harjoitella paremmin vasta cycles renderin my\u00f6t\u00e4 (kun moni asia on pakko tehd\u00e4 sen kautta), ennen koitin parhaani mukaan kiert\u00e4\u00e4 sit\u00e4. Olen halunnut l\u00e4tk\u00e4ist\u00e4 vain yht\u00e4 p\u00e4\u00e4llyst\u00e4 tekeleisiin, mutta paras lopputulos tulee kun yhdistelee montaa ja sit\u00e4 olen alkanut tehd\u00e4 vasta nyt.<\/p><p>Mutta parempi my\u00f6h\u00e4\u00e4n kuin ei milloinkaan. Harjoittelen nyt toden teolla aidomman ja paremman n\u00e4k\u00f6sit\u00e4 j\u00e4lke\u00e4 ja sinne pyrin.<\/p><\/div>                        \r\n                <\/div>\r\n        <\/div><div  id=\"twae-article-6b1ba5c\" class=\"twae-repeater-item twae-story swiper-slide twae-story-icon twae-position-40-50\"><div class=\"twae-story-line\"><\/div><div class=\"twae-labels\">\r\n                       <div class=\"twae-label-big\">2015<\/div><div class=\"twae-label-small\">Kun tehot ei riit\u00e4<\/div>\r\n                     <\/div><div class=\"twae-arrow\"><\/div><div class=\"twae-icon\"><i aria-hidden=\"true\" class=\"far fa-clock\"><\/i><\/div><div class=\"twae-content\"><div class=\"twae-media large\"><img width=\"540\" height=\"313\" src=\"https:\/\/tepish.net\/blendertek\/wp-content\/uploads\/2022\/08\/blend.png\" class=\"attachment-large size-large\" alt=\"\" loading=\"lazy\" srcset=\"https:\/\/tepish.net\/blendertek\/wp-content\/uploads\/2022\/08\/blend.png 540w, https:\/\/tepish.net\/blendertek\/wp-content\/uploads\/2022\/08\/blend-300x174.png 300w\" sizes=\"(max-width: 540px) 100vw, 540px\" \/><\/div><div class=\"twae-title\">Kun tehot ei riit\u00e4<\/div>\r\n                    <div class=\"twae-description\"><div class=\"mainpage container\"><div class=\"page-left\"><div id=\"ipBlock-main\" class=\"ipBlock\" data-revisionid=\"16\" data-languageid=\"0\"><div class=\"ipWidget ipWidget-Text ipSkin-default\"><div class=\"ipsContainer\">\u00a0<\/div><\/div><\/div><\/div><\/div><div class=\"mainpage container\"><div class=\"page-left\"><div id=\"ipBlock-main\" class=\"ipBlock\" data-revisionid=\"16\" data-languageid=\"0\"><div class=\"ipWidget ipWidget-Text ipSkin-default\"><div class=\"ipsContainer\"><p>2015 Blender\u00f6innit rajoittuu kuviin ja etenkin onnitteluihin, sek\u00e4 esim TSH aiheisiin. T\u00e4h\u00e4n vaikuttaa mm. tietokoneeni tehot.<\/p><\/div><\/div><\/div><\/div><\/div><\/div>                        \r\n                <\/div>\r\n        <\/div><div  id=\"twae-article-4473fca\" class=\"twae-repeater-item twae-story swiper-slide twae-story-icon twae-position-40-50\"><div class=\"twae-story-line\"><\/div><div class=\"twae-labels\">\r\n                       <div class=\"twae-label-big\">2014-17<\/div><div class=\"twae-label-small\">Datanomiksi<\/div>\r\n                     <\/div><div class=\"twae-arrow\"><\/div><div class=\"twae-icon\"><i aria-hidden=\"true\" class=\"far fa-clock\"><\/i><\/div><div class=\"twae-content\"><div class=\"twae-media large\"><img width=\"540\" height=\"313\" src=\"https:\/\/tepish.net\/blendertek\/wp-content\/uploads\/2022\/08\/blend.png\" class=\"attachment-large size-large\" alt=\"\" loading=\"lazy\" srcset=\"https:\/\/tepish.net\/blendertek\/wp-content\/uploads\/2022\/08\/blend.png 540w, https:\/\/tepish.net\/blendertek\/wp-content\/uploads\/2022\/08\/blend-300x174.png 300w\" sizes=\"(max-width: 540px) 100vw, 540px\" \/><\/div><div class=\"twae-title\">Datanomiksi<\/div>\r\n                    <div class=\"twae-description\"><p>Kun opiskelin datanomiksi, ei niin paljon j\u00e4\u00e4nyt aikaa Blenderille.<\/p><p>My\u00f6sk\u00e4\u00e4n tietokoneet eiv\u00e4t edelleenk\u00e4\u00e4n olleet kehuttavia.<\/p><\/div>                        \r\n                <\/div>\r\n        <\/div><div  id=\"twae-article-11926fb\" class=\"twae-repeater-item twae-story swiper-slide twae-story-icon twae-position-40-50\"><div class=\"twae-story-line\"><\/div><div class=\"twae-labels\">\r\n                       <div class=\"twae-label-big\">2018-2019<\/div><div class=\"twae-label-small\">Sitten mit\u00e4 h\u00e4h<\/div>\r\n                     <\/div><div class=\"twae-arrow\"><\/div><div class=\"twae-icon\"><i aria-hidden=\"true\" class=\"far fa-clock\"><\/i><\/div><div class=\"twae-content\"><div class=\"twae-media large\"><img width=\"540\" height=\"313\" src=\"https:\/\/tepish.net\/blendertek\/wp-content\/uploads\/2022\/08\/blend.png\" class=\"attachment-large size-large\" alt=\"\" loading=\"lazy\" srcset=\"https:\/\/tepish.net\/blendertek\/wp-content\/uploads\/2022\/08\/blend.png 540w, https:\/\/tepish.net\/blendertek\/wp-content\/uploads\/2022\/08\/blend-300x174.png 300w\" sizes=\"(max-width: 540px) 100vw, 540px\" \/><\/div><div class=\"twae-title\">Sitten mit\u00e4 h\u00e4h<\/div>\r\n                    <div class=\"twae-description\"><p>Sitten oli muutamia vain pikku juttuja blenderiss\u00e4, mutta sain kuitenkin v\u00e4h\u00e4n paremman tietokoneen t\u00e4ss\u00e4 v\u00e4liss\u00e4.<\/p><p>Terveys teki tepposiaan ja v\u00e4lill\u00e4 tuntui todella turhauttavalta. Vaikka Blender kulki kulkuaan ja koko k\u00e4ytt\u00f6liittym\u00e4 uudistui 2019 kun 2.8 n\u00e4ki p\u00e4iv\u00e4nvalon, itse jumiuduin 2.7:ssa sen v\u00e4h\u00e4n mit\u00e4 tein. Osittain varmasti vaikutti se, ett\u00e4 2017 ja 2018 menehtyiv\u00e4t isk\u00e4 ja mude.<\/p><\/div>                        \r\n                <\/div>\r\n        <\/div><div  id=\"twae-article-40cba22\" class=\"twae-repeater-item twae-story swiper-slide twae-story-icon twae-position-40-50\"><div class=\"twae-story-line\"><\/div><div class=\"twae-labels\">\r\n                       <div class=\"twae-label-big\">2020-2021<\/div><div class=\"twae-label-small\">Koronaa<\/div>\r\n                     <\/div><div class=\"twae-arrow\"><\/div><div class=\"twae-icon\"><i aria-hidden=\"true\" class=\"far fa-clock\"><\/i><\/div><div class=\"twae-content\"><div class=\"twae-media large\"><img width=\"540\" height=\"313\" src=\"https:\/\/tepish.net\/blendertek\/wp-content\/uploads\/2022\/08\/blend.png\" class=\"attachment-large size-large\" alt=\"\" loading=\"lazy\" srcset=\"https:\/\/tepish.net\/blendertek\/wp-content\/uploads\/2022\/08\/blend.png 540w, https:\/\/tepish.net\/blendertek\/wp-content\/uploads\/2022\/08\/blend-300x174.png 300w\" sizes=\"(max-width: 540px) 100vw, 540px\" \/><\/div><div class=\"twae-title\">Koronaa<\/div>\r\n                    <div class=\"twae-description\"><p>Ollaan kotona, ollaan eristyksess\u00e4.. Ollaan vain.<\/p><p>N\u00e4in meni pari vuotta, mutta Blender pysyi yh\u00e4 taka asemassa. Sormet kipuilevat ja muitakin kipuja on ja l\u00f6ytyy.. Niit\u00e4 siin\u00e4 my\u00f6s tutkittiin sen mit\u00e4 ajassa oli mahdollista.<\/p><\/div>                        \r\n                <\/div>\r\n        <\/div><div  id=\"twae-article-4f135c3\" class=\"twae-repeater-item twae-story swiper-slide twae-story-icon twae-position-40-50\"><div class=\"twae-story-line\"><\/div><div class=\"twae-labels\">\r\n                       <div class=\"twae-label-big\">2022<\/div><div class=\"twae-label-small\">Blenderin uusi nousu<\/div>\r\n                     <\/div><div class=\"twae-arrow\"><\/div><div class=\"twae-icon\"><i aria-hidden=\"true\" class=\"far fa-clock\"><\/i><\/div><div class=\"twae-content\"><div class=\"twae-media large\"><img width=\"1024\" height=\"576\" src=\"https:\/\/tepish.net\/blendertek\/wp-content\/uploads\/2022\/08\/kitara-1024x576.jpg\" class=\"attachment-large size-large\" alt=\"\" loading=\"lazy\" srcset=\"https:\/\/tepish.net\/blendertek\/wp-content\/uploads\/2022\/08\/kitara-1024x576.jpg 1024w, https:\/\/tepish.net\/blendertek\/wp-content\/uploads\/2022\/08\/kitara-300x169.jpg 300w, https:\/\/tepish.net\/blendertek\/wp-content\/uploads\/2022\/08\/kitara-768x432.jpg 768w, https:\/\/tepish.net\/blendertek\/wp-content\/uploads\/2022\/08\/kitara-1536x864.jpg 1536w, https:\/\/tepish.net\/blendertek\/wp-content\/uploads\/2022\/08\/kitara.jpg 1920w\" sizes=\"(max-width: 1024px) 100vw, 1024px\" \/><\/div><div class=\"twae-title\">Blenderin uusi nousu<\/div>\r\n                    <div class=\"twae-description\"><p>Korona asiat laitettiin taka alalle ja kev\u00e4\u00e4ll\u00e4 tuli t\u00f6yt\u00e4ys, joka toi Blenderin takaisin p\u00e4ivitt\u00e4iseen el\u00e4m\u00e4\u00e4n...<\/p><p>Yksi joka t\u00e4st\u00e4 ei kamalasti tykk\u00e4\u00e4 on vaimo... Kuitenkin p\u00e4ivityin 2.8-2.9-3.0,1,2 jne versioihin. Nopeasti olen oppinut geometry nodesit ja paljon muutakin mit\u00e4 on uutta ja ihmeellist\u00e4.. Sitten on alkanut j\u00e4lleen my\u00f6s blenderismien kultaaika omassa el\u00e4m\u00e4ss\u00e4... My\u00f6s olen aloittanut tekem\u00e4\u00e4n blenderistit sivustoa kaikille suomalaisille blenderisteille.<\/p><\/div>                        \r\n                <\/div>\r\n        <\/div><\/div><\/div><\/div> <!-- Add Arrows -->\r\n            <div class=\"twae-button-prev\"><i class=\"fas fa-chevron-left\"><\/i><\/div>\r\n            <div class=\"twae-button-next\"><i class=\"fas fa-chevron-right\"><\/i><\/div>\r\n            <div class=\"twae-h-line\"><\/div>\r\n            <div class=\"twae-line-fill\"><\/div>\r\n<\/div><style type=\"text\/css\">.elementor-65 .elementor-element.elementor-element-f2aeb71 .twae-wrapper.twae-vertical .twae-story{margin-bottom:60px!important}<\/style>\t\t<\/div>\n\t\t\t\t<\/div>\n\t\t\t\t\t<\/div>\n\t\t<\/div>\n\t\t\t\t\t\t\t<\/div>\n\t\t<\/section>\n\t\t\t\t\t\t\t<\/div>\n\t\t","protected":false},"excerpt":{"rendered":"<p>T\u00e4ss\u00e4 omakohtainen Blender historiani, vuonna 2022 l\u00e4hes 18 vuotta. 2006-2007 Etsint\u00e4 aika Etsint\u00e4 aika 2006-2007 v\u00e4lill\u00e4 rupesin etsim\u00e4\u00e4n 3D grafiikka ohjelmaa. L\u00f6ysinkin useamman ja kokeilin niit\u00e4. mm kokeilin n\u00e4it\u00e4 K-3D http:\/\/www.k-3d.org\/ Anim8or\u00a0http:\/\/www.anim8or.com\/index.html 2006-2007 Blender Etsint\u00e4 aika \u00a0L\u00f6ysin my\u00f6s Blenderin, mutta en saanut siit\u00e4 mit\u00e4\u00e4n viel\u00e4 irti. Blender oli viel\u00e4 t\u00e4ll\u00f6in hyvin erin\u00e4k\u00f6inen ja erilainen toimintaan,<\/p>\n<p><a href=\"https:\/\/tepish.net\/blendertek\/index.php\/blender-historia\/\" class=\"more-link themebutton\">Read More<\/a><\/p>\n","protected":false},"author":1,"featured_media":0,"parent":0,"menu_order":0,"comment_status":"closed","ping_status":"closed","template":"","meta":{"ngg_post_thumbnail":0},"_links":{"self":[{"href":"https:\/\/tepish.net\/blendertek\/index.php\/wp-json\/wp\/v2\/pages\/65"}],"collection":[{"href":"https:\/\/tepish.net\/blendertek\/index.php\/wp-json\/wp\/v2\/pages"}],"about":[{"href":"https:\/\/tepish.net\/blendertek\/index.php\/wp-json\/wp\/v2\/types\/page"}],"author":[{"embeddable":true,"href":"https:\/\/tepish.net\/blendertek\/index.php\/wp-json\/wp\/v2\/users\/1"}],"replies":[{"embeddable":true,"href":"https:\/\/tepish.net\/blendertek\/index.php\/wp-json\/wp\/v2\/comments?post=65"}],"version-history":[{"count":13,"href":"https:\/\/tepish.net\/blendertek\/index.php\/wp-json\/wp\/v2\/pages\/65\/revisions"}],"predecessor-version":[{"id":79,"href":"https:\/\/tepish.net\/blendertek\/index.php\/wp-json\/wp\/v2\/pages\/65\/revisions\/79"}],"wp:attachment":[{"href":"https:\/\/tepish.net\/blendertek\/index.php\/wp-json\/wp\/v2\/media?parent=65"}],"curies":[{"name":"wp","href":"https:\/\/api.w.org\/{rel}","templated":true}]}}