{"id":9,"date":"2022-08-01T20:55:47","date_gmt":"2022-08-01T17:55:47","guid":{"rendered":"https:\/\/tepish.net\/blendertek\/?page_id=9"},"modified":"2022-08-01T20:55:47","modified_gmt":"2022-08-01T17:55:47","slug":"tervetuloa-bleder-taiteilija-sivuille","status":"publish","type":"page","link":"https:\/\/tepish.net\/blendertek\/index.php\/tervetuloa-bleder-taiteilija-sivuille\/","title":{"rendered":"Tervetuloa Bleder taiteilija sivuille"},"content":{"rendered":"\n<p>Olet l\u00e4mpim\u00e4sti tervetullut sivustoilleni. Tutustu sivustoihin ja mik\u00e4li l\u00f6yd\u00e4t huomauttamisen varaa niin ota yhteytt\u00e4!<\/p>\n\n\n\n<hr class=\"wp-block-separator has-alpha-channel-opacity is-style-dots\"\/>\n\n\n\n<h3>Blender taiteilija Teppo Kuusela<\/h3>\n\n\n\n<p>T\u00e4m\u00e4 sivusto kertoo blender taiteilija Teppo Kuuselasta, sek\u00e4\u00a0<a href=\"http:\/\/blender.org\/\">Blender\u00a0<\/a>ohjelmistosta.<br>Toivottavasti k\u00e4vij\u00e4t olette tyytyv\u00e4isi\u00e4 sivuitoihin.<br>Sivuto on toteutettu wordpress j\u00e4rjestelm\u00e4ll\u00e4<br>Sivusto on osa tepish.net kokonaisuutta<\/p>\n\n\n\n<hr class=\"wp-block-separator has-alpha-channel-opacity is-style-dots\"\/>\n\n\n\n<h4>YHTEYS<\/h4>\n\n\n\n<ul><li><strong>Blender asiat:<\/strong>&nbsp;blender[AT]tepish.net<\/li><li><strong>Sivuston yll\u00e4 pito:<\/strong>&nbsp;admin[AT]tepish.net<\/li><\/ul>\n","protected":false},"excerpt":{"rendered":"<p>Olet l\u00e4mpim\u00e4sti tervetullut sivustoilleni. Tutustu sivustoihin ja mik\u00e4li l\u00f6yd\u00e4t huomauttamisen varaa niin ota yhteytt\u00e4! Blender taiteilija Teppo Kuusela T\u00e4m\u00e4 sivusto kertoo blender taiteilija Teppo Kuuselasta, sek\u00e4\u00a0Blender\u00a0ohjelmistosta.Toivottavasti k\u00e4vij\u00e4t olette tyytyv\u00e4isi\u00e4 sivuitoihin.Sivuto on toteutettu wordpress j\u00e4rjestelm\u00e4ll\u00e4Sivusto on osa tepish.net kokonaisuutta YHTEYS Blender asiat:&nbsp;blender[AT]tepish.net Sivuston yll\u00e4 pito:&nbsp;admin[AT]tepish.net<\/p>\n","protected":false},"author":1,"featured_media":0,"parent":0,"menu_order":0,"comment_status":"closed","ping_status":"closed","template":"","meta":{"ngg_post_thumbnail":0},"_links":{"self":[{"href":"https:\/\/tepish.net\/blendertek\/index.php\/wp-json\/wp\/v2\/pages\/9"}],"collection":[{"href":"https:\/\/tepish.net\/blendertek\/index.php\/wp-json\/wp\/v2\/pages"}],"about":[{"href":"https:\/\/tepish.net\/blendertek\/index.php\/wp-json\/wp\/v2\/types\/page"}],"author":[{"embeddable":true,"href":"https:\/\/tepish.net\/blendertek\/index.php\/wp-json\/wp\/v2\/users\/1"}],"replies":[{"embeddable":true,"href":"https:\/\/tepish.net\/blendertek\/index.php\/wp-json\/wp\/v2\/comments?post=9"}],"version-history":[{"count":1,"href":"https:\/\/tepish.net\/blendertek\/index.php\/wp-json\/wp\/v2\/pages\/9\/revisions"}],"predecessor-version":[{"id":11,"href":"https:\/\/tepish.net\/blendertek\/index.php\/wp-json\/wp\/v2\/pages\/9\/revisions\/11"}],"wp:attachment":[{"href":"https:\/\/tepish.net\/blendertek\/index.php\/wp-json\/wp\/v2\/media?parent=9"}],"curies":[{"name":"wp","href":"https:\/\/api.w.org\/{rel}","templated":true}]}}