{"id":13,"date":"2023-04-26T13:38:55","date_gmt":"2023-04-26T10:38:55","guid":{"rendered":"https:\/\/tepish.net\/fanbage\/?page_id=13"},"modified":"2023-09-08T15:52:32","modified_gmt":"2023-09-08T12:52:32","slug":"etu","status":"publish","type":"page","link":"https:\/\/tepish.net\/fanbage\/","title":{"rendered":"ETU"},"content":{"rendered":"\t\t<div data-elementor-type=\"wp-page\" data-elementor-id=\"13\" class=\"elementor elementor-13\">\n\t\t\t\t\t\t\t\t\t<section class=\"elementor-section elementor-top-section elementor-element elementor-element-7106509 elementor-section-boxed elementor-section-height-default elementor-section-height-default wpr-particle-no wpr-jarallax-no wpr-parallax-no wpr-sticky-section-no\" data-id=\"7106509\" data-element_type=\"section\">\n\t\t\t\t\t\t<div class=\"elementor-container elementor-column-gap-default\">\n\t\t\t\t\t<div class=\"elementor-column elementor-col-100 elementor-top-column elementor-element elementor-element-05874f8\" data-id=\"05874f8\" data-element_type=\"column\">\n\t\t\t<div class=\"elementor-widget-wrap elementor-element-populated\">\n\t\t\t\t\t\t\t\t<div class=\"elementor-element elementor-element-8da8e09 eael-dual-header-content-align-center elementor-widget elementor-widget-eael-dual-color-header\" data-id=\"8da8e09\" data-element_type=\"widget\" data-widget_type=\"eael-dual-color-header.default\">\n\t\t\t\t<div class=\"elementor-widget-container\">\n\t\t\t\n\t\t        <div class=\"eael-dual-header\">\n\t\t\t\t<h2 class=\"title\"><span  class=\"lead solid-color\">tepish.net<\/span> <span>fanittaa<\/span><\/h2>\n\t\t\t\t<span class=\"subtext\">tepish.net fanituksen kohteita (p\u00e4ivitetty 2023) <BR>\nUSEIMMAT AUKEAVAT UUTEEN SIVUSTOON<\/span>\n\t\t\t\t\t<span class=\"eael-dch-svg-icon\"><i aria-hidden=\"true\" class=\"icon icon-eye2\"><\/i><\/span>\t\t\t\t<\/div>\n\t\n\t\t\n\t\t\n\t\t\n\t\t\t\t<\/div>\n\t\t\t\t<\/div>\n\t\t\t\t<section class=\"elementor-section elementor-inner-section elementor-element elementor-element-9ca7faf elementor-section-boxed elementor-section-height-default elementor-section-height-default wpr-particle-no wpr-jarallax-no wpr-parallax-no wpr-sticky-section-no\" data-id=\"9ca7faf\" data-element_type=\"section\">\n\t\t\t\t\t\t<div class=\"elementor-container elementor-column-gap-default\">\n\t\t\t\t\t<div class=\"elementor-column elementor-col-33 elementor-inner-column elementor-element elementor-element-1f970fe\" data-id=\"1f970fe\" data-element_type=\"column\">\n\t\t\t<div class=\"elementor-widget-wrap elementor-element-populated\">\n\t\t\t\t\t\t\t\t<div class=\"elementor-element elementor-element-8b9ea64 elementor-widget elementor-widget-image\" data-id=\"8b9ea64\" data-element_type=\"widget\" data-widget_type=\"image.default\">\n\t\t\t\t<div class=\"elementor-widget-container\">\n\t\t\t<style>\/*! elementor - v3.12.2 - 23-04-2023 *\/\n.elementor-widget-image{text-align:center}.elementor-widget-image a{display:inline-block}.elementor-widget-image a img[src$=\".svg\"]{width:48px}.elementor-widget-image img{vertical-align:middle;display:inline-block}<\/style>\t\t\t\t\t\t\t\t\t\t\t\t\t<a href=\"https:\/\/fanbage.tepish.net\/reality\/\">\n\t\t\t\t\t\t\t<img width=\"1024\" height=\"576\" src=\"https:\/\/tepish.net\/fanbage\/wp-content\/uploads\/2023\/04\/reality-1024x576.png\" class=\"attachment-large size-large wp-image-39\" alt=\"\" decoding=\"async\" loading=\"lazy\" srcset=\"https:\/\/tepish.net\/fanbage\/wp-content\/uploads\/2023\/04\/reality-1024x576.png 1024w, https:\/\/tepish.net\/fanbage\/wp-content\/uploads\/2023\/04\/reality-300x169.png 300w, https:\/\/tepish.net\/fanbage\/wp-content\/uploads\/2023\/04\/reality-768x432.png 768w, https:\/\/tepish.net\/fanbage\/wp-content\/uploads\/2023\/04\/reality-1536x864.png 1536w, https:\/\/tepish.net\/fanbage\/wp-content\/uploads\/2023\/04\/reality-1170x658.png 1170w, https:\/\/tepish.net\/fanbage\/wp-content\/uploads\/2023\/04\/reality.png 1920w\" sizes=\"(max-width: 1024px) 100vw, 1024px\" \/>\t\t\t\t\t\t\t\t<\/a>\n\t\t\t\t\t\t\t\t\t\t\t\t\t\t\t<\/div>\n\t\t\t\t<\/div>\n\t\t\t\t<div class=\"elementor-element elementor-element-ac7aa8b elementor-widget elementor-widget-image\" data-id=\"ac7aa8b\" data-element_type=\"widget\" data-widget_type=\"image.default\">\n\t\t\t\t<div class=\"elementor-widget-container\">\n\t\t\t\t\t\t\t\t\t\t\t\t\t\t\t\t<a href=\"https:\/\/tepish.net\/BB\/\">\n\t\t\t\t\t\t\t<img width=\"1024\" height=\"558\" src=\"https:\/\/tepish.net\/fanbage\/wp-content\/uploads\/2023\/04\/BB-fani-2-1024x558.png\" class=\"attachment-large size-large wp-image-18\" alt=\"\" decoding=\"async\" loading=\"lazy\" srcset=\"https:\/\/tepish.net\/fanbage\/wp-content\/uploads\/2023\/04\/BB-fani-2-1024x558.png 1024w, https:\/\/tepish.net\/fanbage\/wp-content\/uploads\/2023\/04\/BB-fani-2-300x164.png 300w, https:\/\/tepish.net\/fanbage\/wp-content\/uploads\/2023\/04\/BB-fani-2-768x419.png 768w, https:\/\/tepish.net\/fanbage\/wp-content\/uploads\/2023\/04\/BB-fani-2-1170x638.png 1170w, https:\/\/tepish.net\/fanbage\/wp-content\/uploads\/2023\/04\/BB-fani-2.png 1532w\" sizes=\"(max-width: 1024px) 100vw, 1024px\" \/>\t\t\t\t\t\t\t\t<\/a>\n\t\t\t\t\t\t\t\t\t\t\t\t\t\t\t<\/div>\n\t\t\t\t<\/div>\n\t\t\t\t<div class=\"elementor-element elementor-element-0707f6b elementor-widget elementor-widget-image\" data-id=\"0707f6b\" data-element_type=\"widget\" data-widget_type=\"image.default\">\n\t\t\t\t<div class=\"elementor-widget-container\">\n\t\t\t\t\t\t\t\t\t\t\t\t\t\t\t\t<a href=\"https:\/\/tepish.net\/fanbage\/index.php\/star-wars\/\">\n\t\t\t\t\t\t\t<img width=\"1024\" height=\"576\" src=\"https:\/\/tepish.net\/fanbage\/wp-content\/uploads\/2023\/04\/sw-1024x576.png\" class=\"attachment-large size-large wp-image-22\" alt=\"\" decoding=\"async\" loading=\"lazy\" srcset=\"https:\/\/tepish.net\/fanbage\/wp-content\/uploads\/2023\/04\/sw-1024x576.png 1024w, https:\/\/tepish.net\/fanbage\/wp-content\/uploads\/2023\/04\/sw-300x169.png 300w, https:\/\/tepish.net\/fanbage\/wp-content\/uploads\/2023\/04\/sw-768x432.png 768w, https:\/\/tepish.net\/fanbage\/wp-content\/uploads\/2023\/04\/sw-1536x864.png 1536w, https:\/\/tepish.net\/fanbage\/wp-content\/uploads\/2023\/04\/sw-1170x658.png 1170w, https:\/\/tepish.net\/fanbage\/wp-content\/uploads\/2023\/04\/sw.png 1920w\" sizes=\"(max-width: 1024px) 100vw, 1024px\" \/>\t\t\t\t\t\t\t\t<\/a>\n\t\t\t\t\t\t\t\t\t\t\t\t\t\t\t<\/div>\n\t\t\t\t<\/div>\n\t\t\t\t\t<\/div>\n\t\t<\/div>\n\t\t\t\t<div class=\"elementor-column elementor-col-33 elementor-inner-column elementor-element elementor-element-c4cbd55\" data-id=\"c4cbd55\" data-element_type=\"column\">\n\t\t\t<div class=\"elementor-widget-wrap elementor-element-populated\">\n\t\t\t\t\t\t\t\t<div class=\"elementor-element elementor-element-ace4b34 elementor-widget elementor-widget-jkit_image_box\" data-id=\"ace4b34\" data-element_type=\"widget\" data-widget_type=\"jkit_image_box.default\">\n\t\t\t\t<div class=\"elementor-widget-container\">\n\t\t\t<div  class=\"jeg-elementor-kit jkit-image-box style-floating elementor-animation- jeg_module___69e1f20773dd4\" ><a href=\"https:\/\/tepish.net\/fanbage\/index.php\/tsh\/\"  ><div class=\"image-box-header elementor-animation-\"><img decoding=\"async\" src=\"https:\/\/tepish.net\/fanbage\/wp-content\/uploads\/2023\/05\/TSH-1024x576.png\" ><\/div><\/a><div class=\"image-box-body\">\n            <div class=\"body-inner\"><h2 class=\"body-title icon-position-before\"><i aria-hidden=\"true\" class=\"fas fa-ring\"><\/i>Taru Sormusten herrasta<\/h2>\n                <div class=\"body-description\"><p>Ensirakkaus ja yksi el\u00e4m\u00e4n keskeisimpi\u00e4 asioita. Keskimaa kutsuu aina vuodesta toiseen, mutta siis erityisesti kirjana!<\/p><\/div>\n                <div class=\"body-button\"><\/div>\n                \n            <\/div>\n        <\/div><\/div>\t\t<\/div>\n\t\t\t\t<\/div>\n\t\t\t\t\t<\/div>\n\t\t<\/div>\n\t\t\t\t<div class=\"elementor-column elementor-col-33 elementor-inner-column elementor-element elementor-element-f8b689d\" data-id=\"f8b689d\" data-element_type=\"column\">\n\t\t\t<div class=\"elementor-widget-wrap elementor-element-populated\">\n\t\t\t\t\t\t\t\t<div class=\"elementor-element elementor-element-6d4cbc4 elementor-widget elementor-widget-jkit_image_box\" data-id=\"6d4cbc4\" data-element_type=\"widget\" data-widget_type=\"jkit_image_box.default\">\n\t\t\t\t<div class=\"elementor-widget-container\">\n\t\t\t<div  class=\"jeg-elementor-kit jkit-image-box style-floating elementor-animation- jeg_module__1_69e1f207760bc\" ><a href=\"https:\/\/tepish.net\/fanbage\/index.php\/the-x-files-1993-2018\/\"  ><div class=\"image-box-header elementor-animation-\"><img decoding=\"async\" src=\"https:\/\/tepish.net\/fanbage\/wp-content\/uploads\/2023\/09\/FILE-768x1281.png\" ><\/div><\/a><div class=\"image-box-body\">\n            <div class=\"body-inner\"><h2 class=\"body-title icon-position-before\"><i aria-hidden=\"true\" class=\"jki jki-image-light\"><\/i>The X-FILES<\/h2>\n                <div class=\"body-description\"><p>Yksi parhaita sarjoja, joita olen n\u00e4hnyt. I want to believe.<\/p><\/div>\n                <div class=\"body-button\"><\/div>\n                \n            <\/div>\n        <\/div><\/div>\t\t<\/div>\n\t\t\t\t<\/div>\n\t\t\t\t\t<\/div>\n\t\t<\/div>\n\t\t\t\t\t\t\t<\/div>\n\t\t<\/section>\n\t\t\t\t\t<\/div>\n\t\t<\/div>\n\t\t\t\t\t\t\t<\/div>\n\t\t<\/section>\n\t\t\t\t<section class=\"elementor-section elementor-top-section elementor-element elementor-element-656ff47 elementor-section-boxed elementor-section-height-default elementor-section-height-default wpr-particle-no wpr-jarallax-no wpr-parallax-no wpr-sticky-section-no\" data-id=\"656ff47\" data-element_type=\"section\">\n\t\t\t\t\t\t<div class=\"elementor-container elementor-column-gap-default\">\n\t\t\t\t\t<div class=\"elementor-column elementor-col-100 elementor-top-column elementor-element elementor-element-f6ec4c6\" data-id=\"f6ec4c6\" data-element_type=\"column\">\n\t\t\t<div class=\"elementor-widget-wrap elementor-element-populated\">\n\t\t\t\t\t\t\t\t<section class=\"elementor-section elementor-inner-section elementor-element elementor-element-0971cb3 elementor-section-boxed elementor-section-height-default elementor-section-height-default wpr-particle-no wpr-jarallax-no wpr-parallax-no wpr-sticky-section-no\" data-id=\"0971cb3\" data-element_type=\"section\">\n\t\t\t\t\t\t<div class=\"elementor-container elementor-column-gap-default\">\n\t\t\t\t\t<div class=\"elementor-column elementor-col-33 elementor-inner-column elementor-element elementor-element-783d850\" data-id=\"783d850\" data-element_type=\"column\">\n\t\t\t<div class=\"elementor-widget-wrap\">\n\t\t\t\t\t\t\t\t\t<\/div>\n\t\t<\/div>\n\t\t\t\t<div class=\"elementor-column elementor-col-33 elementor-inner-column elementor-element elementor-element-924221c\" data-id=\"924221c\" data-element_type=\"column\">\n\t\t\t<div class=\"elementor-widget-wrap\">\n\t\t\t\t\t\t\t\t\t<\/div>\n\t\t<\/div>\n\t\t\t\t<div class=\"elementor-column elementor-col-33 elementor-inner-column elementor-element elementor-element-33e20bb\" data-id=\"33e20bb\" data-element_type=\"column\">\n\t\t\t<div class=\"elementor-widget-wrap\">\n\t\t\t\t\t\t\t\t\t<\/div>\n\t\t<\/div>\n\t\t\t\t\t\t\t<\/div>\n\t\t<\/section>\n\t\t\t\t\t<\/div>\n\t\t<\/div>\n\t\t\t\t\t\t\t<\/div>\n\t\t<\/section>\n\t\t\t\t\t\t\t<\/div>\n\t\t","protected":false},"excerpt":{"rendered":"<p>tepish.net fanittaa tepish.net fanituksen kohteita (p\u00e4ivitetty 2023) USEIMMAT AUKEAVAT UUTEEN SIVUSTOON Taru Sormusten herrasta Ensirakkaus ja yksi el\u00e4m\u00e4n keskeisimpi\u00e4 asioita. Keskimaa kutsuu aina vuodesta toiseen, mutta siis erityisesti kirjana! The X-FILES Yksi parhaita sarjoja, joita olen n\u00e4hnyt. I want to believe.<\/p>\n","protected":false},"author":1,"featured_media":0,"parent":0,"menu_order":0,"comment_status":"closed","ping_status":"closed","template":"","meta":[],"_links":{"self":[{"href":"https:\/\/tepish.net\/fanbage\/index.php\/wp-json\/wp\/v2\/pages\/13"}],"collection":[{"href":"https:\/\/tepish.net\/fanbage\/index.php\/wp-json\/wp\/v2\/pages"}],"about":[{"href":"https:\/\/tepish.net\/fanbage\/index.php\/wp-json\/wp\/v2\/types\/page"}],"author":[{"embeddable":true,"href":"https:\/\/tepish.net\/fanbage\/index.php\/wp-json\/wp\/v2\/users\/1"}],"replies":[{"embeddable":true,"href":"https:\/\/tepish.net\/fanbage\/index.php\/wp-json\/wp\/v2\/comments?post=13"}],"version-history":[{"count":31,"href":"https:\/\/tepish.net\/fanbage\/index.php\/wp-json\/wp\/v2\/pages\/13\/revisions"}],"predecessor-version":[{"id":106,"href":"https:\/\/tepish.net\/fanbage\/index.php\/wp-json\/wp\/v2\/pages\/13\/revisions\/106"}],"wp:attachment":[{"href":"https:\/\/tepish.net\/fanbage\/index.php\/wp-json\/wp\/v2\/media?parent=13"}],"curies":[{"name":"wp","href":"https:\/\/api.w.org\/{rel}","templated":true}]}}