{"id":46,"date":"2023-05-04T10:45:33","date_gmt":"2023-05-04T07:45:33","guid":{"rendered":"https:\/\/tepish.net\/fanbage\/?page_id=46"},"modified":"2025-06-01T15:55:41","modified_gmt":"2025-06-01T12:55:41","slug":"tsh","status":"publish","type":"page","link":"https:\/\/tepish.net\/fanbage\/index.php\/tsh\/","title":{"rendered":"tsh"},"content":{"rendered":"\t\t<div data-elementor-type=\"wp-page\" data-elementor-id=\"46\" class=\"elementor elementor-46\">\n\t\t\t\t\t\t\t\t\t<section class=\"elementor-section elementor-top-section elementor-element elementor-element-41b7c6d elementor-section-boxed elementor-section-height-default elementor-section-height-default wpr-particle-no wpr-jarallax-no wpr-parallax-no wpr-sticky-section-no\" data-id=\"41b7c6d\" data-element_type=\"section\">\n\t\t\t\t\t\t<div class=\"elementor-container elementor-column-gap-default\">\n\t\t\t\t\t<div class=\"elementor-column elementor-col-100 elementor-top-column elementor-element elementor-element-7db9b89\" data-id=\"7db9b89\" data-element_type=\"column\">\n\t\t\t<div class=\"elementor-widget-wrap elementor-element-populated\">\n\t\t\t\t\t\t\t\t<div class=\"elementor-element elementor-element-204c05e elementor-view-default elementor-widget elementor-widget-icon\" data-id=\"204c05e\" data-element_type=\"widget\" data-widget_type=\"icon.default\">\n\t\t\t\t<div class=\"elementor-widget-container\">\n\t\t\t\t\t<div class=\"elementor-icon-wrapper\">\n\t\t\t<div class=\"elementor-icon\">\n\t\t\t<i aria-hidden=\"true\" class=\"fas fa-ring\"><\/i>\t\t\t<\/div>\n\t\t<\/div>\n\t\t\t\t<\/div>\n\t\t\t\t<\/div>\n\t\t\t\t<div class=\"elementor-element elementor-element-4440596 elementor-widget elementor-widget-heading\" data-id=\"4440596\" data-element_type=\"widget\" data-widget_type=\"heading.default\">\n\t\t\t\t<div class=\"elementor-widget-container\">\n\t\t\t<style>\/*! elementor - v3.12.2 - 23-04-2023 *\/\n.elementor-heading-title{padding:0;margin:0;line-height:1}.elementor-widget-heading .elementor-heading-title[class*=elementor-size-]>a{color:inherit;font-size:inherit;line-height:inherit}.elementor-widget-heading .elementor-heading-title.elementor-size-small{font-size:15px}.elementor-widget-heading .elementor-heading-title.elementor-size-medium{font-size:19px}.elementor-widget-heading .elementor-heading-title.elementor-size-large{font-size:29px}.elementor-widget-heading .elementor-heading-title.elementor-size-xl{font-size:39px}.elementor-widget-heading .elementor-heading-title.elementor-size-xxl{font-size:59px}<\/style><h2 class=\"elementor-heading-title elementor-size-default\">Taru Sormusten Herrasta\n<BR>The Lord of the rings <\/h2>\t\t<\/div>\n\t\t\t\t<\/div>\n\t\t\t\t\t<\/div>\n\t\t<\/div>\n\t\t\t\t\t\t\t<\/div>\n\t\t<\/section>\n\t\t\t\t<section class=\"elementor-section elementor-top-section elementor-element elementor-element-170ef0d elementor-section-boxed elementor-section-height-default elementor-section-height-default wpr-particle-no wpr-jarallax-no wpr-parallax-no wpr-sticky-section-no\" data-id=\"170ef0d\" data-element_type=\"section\">\n\t\t\t\t\t\t<div class=\"elementor-container elementor-column-gap-default\">\n\t\t\t\t\t<div class=\"elementor-column elementor-col-100 elementor-top-column elementor-element elementor-element-15e09bb\" data-id=\"15e09bb\" data-element_type=\"column\">\n\t\t\t<div class=\"elementor-widget-wrap elementor-element-populated\">\n\t\t\t\t\t\t\t\t<div class=\"elementor-element elementor-element-309e800 elementor-widget elementor-widget-text-editor\" data-id=\"309e800\" data-element_type=\"widget\" data-widget_type=\"text-editor.default\">\n\t\t\t\t<div class=\"elementor-widget-container\">\n\t\t\t<style>\/*! elementor - v3.12.2 - 23-04-2023 *\/\n.elementor-widget-text-editor.elementor-drop-cap-view-stacked .elementor-drop-cap{background-color:#69727d;color:#fff}.elementor-widget-text-editor.elementor-drop-cap-view-framed .elementor-drop-cap{color:#69727d;border:3px solid;background-color:transparent}.elementor-widget-text-editor:not(.elementor-drop-cap-view-default) .elementor-drop-cap{margin-top:8px}.elementor-widget-text-editor:not(.elementor-drop-cap-view-default) .elementor-drop-cap-letter{width:1em;height:1em}.elementor-widget-text-editor .elementor-drop-cap{float:left;text-align:center;line-height:1;font-size:50px}.elementor-widget-text-editor .elementor-drop-cap-letter{display:inline-block}<\/style>\t\t\t\t<p>Taru sormusten herrasta on asia, jota kutsun ensirakkaudeksi. Olen ollut jotain suunnilleen 10 vanha 1980-luvulla, kun <a href=\"https:\/\/kinokopla.fi\/\">kinokopla\u00a0<\/a>esitti ohjelmistossaan <a href=\"https:\/\/fi.wikipedia.org\/wiki\/Ralph_Bakshi\">Ralph Bakshin<\/a> piiretyn elokuvan nimelt\u00e4\u00e4n &#8220;Taru Sormusten Herrasta&#8221;. Harva likemp\u00e4n\u00e4 2000 tai j\u00e4lkeen syntynyt tuntee muita, kuin Peter Jacksonin version, mutta tuolloin jo vanha elokuva, joka oli ilmestynyt 1978 teki todella suuren vaikutuksen.<\/p><p>\u00a0<\/p>\t\t\t\t\t\t<\/div>\n\t\t\t\t<\/div>\n\t\t\t\t<div class=\"elementor-element elementor-element-9a8855c wpr-button-icon-style-inline wpr-button-icon-position-right elementor-widget elementor-widget-wpr-button\" data-id=\"9a8855c\" data-element_type=\"widget\" data-widget_type=\"wpr-button.default\">\n\t\t\t\t<div class=\"elementor-widget-container\">\n\t\t\t\t\n\t\t\t\n\t\t\n\t\t<div class=\"wpr-button-wrap elementor-clearfix\">\n\t\t<a class=\"wpr-button wpr-button-effect elementor-animation-pulse\" data-text=\"Go\" href=\"https:\/\/tepish.net\/fanbage\/index.php\/t-s-h-tepish-detaljit\/\">\n\t\t\t\n\t\t\t<span class=\"wpr-button-content\">\n\t\t\t\t\t\t\t\t\t<span class=\"wpr-button-text\">Luku detaljit<\/span>\n\t\t\t\t\t\t\t\t\n\t\t\t\t\t\t\t\t\t<span class=\"wpr-button-icon\"><i class=\"icon icon-right-arrow\"><\/i><\/span>\n\t\t\t\t\t\t\t<\/span>\n\t\t<\/a>\n\n\t\t\t\t<\/div>\n\t\n\t\n\t\t\t<\/div>\n\t\t\t\t<\/div>\n\t\t\t\t<div class=\"elementor-element elementor-element-13493c3 elementor-widget elementor-widget-image\" data-id=\"13493c3\" data-element_type=\"widget\" data-widget_type=\"image.default\">\n\t\t\t\t<div class=\"elementor-widget-container\">\n\t\t\t<style>\/*! elementor - v3.12.2 - 23-04-2023 *\/\n.elementor-widget-image{text-align:center}.elementor-widget-image a{display:inline-block}.elementor-widget-image a img[src$=\".svg\"]{width:48px}.elementor-widget-image img{vertical-align:middle;display:inline-block}<\/style>\t\t\t\t\t\t\t\t\t<figure class=\"wp-caption\">\n\t\t\t\t\t\t\t\t\t\t<img width=\"196\" height=\"300\" src=\"https:\/\/tepish.net\/fanbage\/wp-content\/uploads\/2023\/05\/The_Lord_of_the_Rings_1978_poster-196x300.jpg\" class=\"attachment-medium size-medium wp-image-48\" alt=\"\" decoding=\"async\" loading=\"lazy\" srcset=\"https:\/\/tepish.net\/fanbage\/wp-content\/uploads\/2023\/05\/The_Lord_of_the_Rings_1978_poster-196x300.jpg 196w, https:\/\/tepish.net\/fanbage\/wp-content\/uploads\/2023\/05\/The_Lord_of_the_Rings_1978_poster.jpg 493w\" sizes=\"(max-width: 196px) 100vw, 196px\" \/>\t\t\t\t\t\t\t\t\t\t\t<figcaption class=\"widget-image-caption wp-caption-text\">poster 1978 - l\u00e4hde wikimedia<\/figcaption>\n\t\t\t\t\t\t\t\t\t\t<\/figure>\n\t\t\t\t\t\t\t\t\t<\/div>\n\t\t\t\t<\/div>\n\t\t\t\t<div class=\"elementor-element elementor-element-50b363d elementor-widget elementor-widget-text-editor\" data-id=\"50b363d\" data-element_type=\"widget\" data-widget_type=\"text-editor.default\">\n\t\t\t\t<div class=\"elementor-widget-container\">\n\t\t\t\t\t\t\t<p>Kun olin n\u00e4hnyt elokuvan kinokoplan teatterissa (t\u00e4ll\u00f6in dominon tiloissa), olin jo vaikuttunut vaikkakin tuon ik\u00e4selle elokuva oli my\u00f6s melko surrealistinen kokemus. Kirjan luki ensin isk\u00e4 Api Kuusela, sitten velipoika ja viimeksi oli sitten minun vuoroni.<\/p><p>Kirjat lainattiin kirjastosta ja olivat ensimm\u00e4isill\u00e4 kerroilla kolme erillist\u00e4 kirjaa, samoilla kansilla, kuin <a href=\"http:\/\/shinsunkirjahylly.blogspot.com\/2013\/11\/taru-sormusten-herrasta-jrr-tolkien.html\">t\u00e4ss\u00e4 sivussa<\/a>.\u00a0<span style=\"letter-spacing: -0.2px;\">Ihan ensin luin tietenkin esiosan, joka tulloin viel\u00e4 kulki nimell\u00e4 &#8220;<\/span><a style=\"background-color: #bcfffb; letter-spacing: -0.2px;\" href=\"https:\/\/kontu.wiki\/Lohik%C3%A4%C3%A4rmevuori\">lohik\u00e4\u00e4rmevuori<\/a><span style=\"letter-spacing: -0.2px;\">&#8221; Kansi oli Tove Janssonin luoma ja suomennos Risto Pitk\u00e4sen. Kirja poikkesi hyvin huomattavasti Kersti Juvan my\u00f6hemm\u00e4st\u00e4 suomennoksesta ja siin\u00e4 seikkaili hoppeli Kalpa Kassinen (my\u00f6hemmin tunnetaan Hobitti Bilbo Reppulina). Jos kiinnostaa niin <a href=\"https:\/\/kontu.wiki\/Lohik%C3%A4%C3%A4rmevuoren_nimet\">t\u00e4\u00e4ll\u00e4 <\/a>voi katsoa kaikki eroavaiset nimet Risto Pitk\u00e4sen ja Kersti Juvan suomennoksissa. Kersti Juvan sumennos Hobitti, eli sinne ja takaisin, tuli markkinoille 1985 mutta tosiaan kirjastoon sitten sen verran viiveell\u00e4, ett\u00e4 ensimm\u00e4inen kerta itsell\u00e4 meni lohik\u00e4\u00e4rmevuoren turvin.<\/span><\/p><p><span style=\"letter-spacing: -0.2px;\">Kun olin lukenut kaikki kolme sormusten herraa ja lohik\u00e4\u00e4rmevuoren, olin entist\u00e4 vaikuttuneempi. Minusta taisi tulla kerta lukemalta fani ja vuosien varrella se vain vahvistui, kun luin vuosittain uudelleen ja uudelleen kirjat, melko pian kirja muuttui niin, ett\u00e4 yksiss\u00e4 kansissa oli kaikki kolme kirjaa (kuva alla vanha 1980-luvun suunnalta, kun olin jo hurahtanut T.S.H. kirjaan)<\/span><\/p>\t\t\t\t\t\t<\/div>\n\t\t\t\t<\/div>\n\t\t\t\t<div class=\"elementor-element elementor-element-470e5e4 elementor-widget elementor-widget-image\" data-id=\"470e5e4\" data-element_type=\"widget\" data-widget_type=\"image.default\">\n\t\t\t\t<div class=\"elementor-widget-container\">\n\t\t\t\t\t\t\t\t\t\t\t\t\t\t\t<img width=\"482\" height=\"272\" src=\"https:\/\/tepish.net\/fanbage\/wp-content\/uploads\/2023\/05\/tsh-kirja.jpg\" class=\"attachment-large size-large wp-image-50\" alt=\"\" decoding=\"async\" loading=\"lazy\" srcset=\"https:\/\/tepish.net\/fanbage\/wp-content\/uploads\/2023\/05\/tsh-kirja.jpg 482w, https:\/\/tepish.net\/fanbage\/wp-content\/uploads\/2023\/05\/tsh-kirja-300x169.jpg 300w\" sizes=\"(max-width: 482px) 100vw, 482px\" \/>\t\t\t\t\t\t\t\t\t\t\t\t\t\t\t<\/div>\n\t\t\t\t<\/div>\n\t\t\t\t<div class=\"elementor-element elementor-element-6ae53d1 elementor-widget elementor-widget-text-editor\" data-id=\"6ae53d1\" data-element_type=\"widget\" data-widget_type=\"text-editor.default\">\n\t\t\t\t<div class=\"elementor-widget-container\">\n\t\t\t\t\t\t\t<p>Vuonna 1989 olin jo auttamattoman hurahtanut kirjoihin ja lukenut ne jo useamman kerran l\u00e4pikotaisin. Saimme kuulla er\u00e4\u00e4n\u00e4 hetken\u00e4, ett\u00e4 me l\u00e4hdet\u00e4\u00e4n Helsinkiin kes\u00e4ll\u00e4. Vanhemmilla kohteena oli ennen kaikkea MTV studioilla, joissa k\u00e4viv\u00e4t katsomassa Silicon Graphicsin supertietokonetta, jollaista olivat hankkimassa KiFi tuotanolle. Reissun MTV studioilla j\u00e4lkeen vuorossa oli jotain spektaakkelimaisempaa.<\/p><p>L\u00e4hdimme kohti Helsingin kauppatoria ja siell\u00e4 vesibussia. Suunasimme kokan kohti Susisaaressa sijaitsevaa Hyv\u00e4n Omantunnon linnakketta, jossa ryhm\u00e4teatterilla on kes\u00e4teatteri. Alue oli ensimm\u00e4isen kerran katettuna 1988-89 ja sis\u00e4\u00e4nk\u00e4ynnill\u00e4 saattoi tavata Aragornin, hobitteja tms.. Esitys oli luonnollisesti &#8220;Taru Sormusten Herrasta&#8221;.<\/p><p>T\u00e4m\u00e4 esitys sai minut jollain tavoin fanittamaan joitain suomalaisia n\u00e4yttelij\u00f6it\u00e4&#8230; Frodo Reppuli Taneli M\u00e4kel\u00e4\u00e4 erityisesti, vaikka piim\u00e4l\u00f6ll\u00f6ss\u00e4 uitettu (Klonkun roolissa) Kari V\u00e4\u00e4n\u00e4nen, Timo Torikka, Vesa Vierikko ja moni muu j\u00e4ikin yht\u00e4 lailla mieleen. Puhumattakaan siit\u00e4, ett\u00e4 musiikki esityksest\u00e4 on kuulunut el\u00e4m\u00e4\u00e4ni aina t\u00e4m\u00e4n j\u00e4lkeen.<\/p><p>My\u00f6hemmin juhlin syntym\u00e4p\u00e4iv\u00e4\u00e4ni 2019 katsomalla teatterissa esityksen t\u00e4st\u00e4 ensirakkaudestani (my\u00f6hemmin luin, ett\u00e4 ainakin yksi t\u00e4h\u00e4n osallistunut on ollut mukana my\u00f6s Suomenlinnassa), mutta se l\u00e4mpimin l\u00e4mp\u00f6 on viimevuosituhannen esityksess\u00e4&#8230; Ei tuo Turun kaupunginteatterin versiokaan huono ollut.<\/p><p>No my\u00f6hemmin my\u00f6s tuli trilogia elokuvasarja t\u00e4st\u00e4 kirjasta.. Vaikka elokuvat ovat ihan hyvi\u00e4, niin en voi sille mit\u00e4\u00e4n, ett\u00e4 itse\u00e4ni jo tuossa vaiheessa yli 20 kertaa kirjan lukeneena h\u00e4iritsi valtavasti ne tuhannet Peter Jackson muunnokset kirjan tarinaan, yh\u00e4 edelleen jos elokuvat katson sanon suunnilleen ett\u00e4 &#8220;ei se noin mene&#8221; tai &#8220;v\u00e4\u00e4rin&#8221;. Intohimoisimmin tarinan lukenut ja sen ulkoa osaava siis ei voi olla 100 % tyytyv\u00e4inen.<\/p><p>Niin ja sama p\u00e4tee my\u00f6s Hobitti elokuviin, sit\u00e4 on jouduttu paisuttamaan ja tuomaan hahmoja, joita ei Hobitissa ole.. No kuitenkin kyll\u00e4 nekin on muutamia kertoja katsottua tullut. Ent\u00e4 sitten uusi tv-sarja Amazon primell\u00e4? T\u00e4ss\u00e4 parasta on se, ett\u00e4 t\u00e4h\u00e4n ei ole niin vahvaa kirjallista pohjaa (l\u00e4hinn\u00e4 erin\u00e4iset viitteet tms..), jolloin ei samalla tavoin ole &#8220;oikeaa&#8221; ja &#8220;v\u00e4\u00e4r\u00e4\u00e4&#8221;. Mielest\u00e4ni t\u00e4m\u00e4 on onnistunut monella tavoin, enk\u00e4 n\u00e4e itse samoja kritiikin kohteita joista t\u00e4t\u00e4 parjattiin. Mielenkiinnolla odotan sit\u00e4 miten t\u00e4m\u00e4 jatkuu.<\/p><p>Olen tottakai my\u00f6s pelannut keskimaahan liittyvi\u00e4 pelej\u00e4 alkaen jo 1980-luvun teksti seikkailuista ja war in middle earth peleist\u00e4 melko uusiin elokuvien innottamiin peleihin. Itse en ole oikein mihink\u00e4\u00e4n ollut t\u00e4ysin tyytyv\u00e4inen, sill\u00e4 mieluusti pelaisin peli\u00e4, jossa tavalla tai toisella olisi kirjojen henki ja tapahtumia, mutta ik\u00e4v\u00e4 kyll\u00e4 kaikki nyky p\u00e4iv\u00e4n\u00e4 etenkin pit\u00e4\u00e4 olla pelkk\u00e4\u00e4 tappelua ja taistelua.<\/p><p>Niin siis Taru Sormusten Herrasta on varmasti yksi suurimmista fanituksen kohteista, tai voisi oikeastaan sanoa niin, ett\u00e4 T.S.H on osa siit\u00e4 mit\u00e4 min\u00e4 olen ja kaipuu keskimaahan on edelleen vuosittaista&#8230;. ja t\u00e4m\u00e4 siis koskee kirjan maailmaa (innolla odotan my\u00f6s Kersti Juvan uutta suomennosta, joka ilmestyy syksyll\u00e4).<\/p>\t\t\t\t\t\t<\/div>\n\t\t\t\t<\/div>\n\t\t\t\t\t<\/div>\n\t\t<\/div>\n\t\t\t\t\t\t\t<\/div>\n\t\t<\/section>\n\t\t\t\t<section class=\"elementor-section elementor-top-section elementor-element elementor-element-0b4265f elementor-section-boxed elementor-section-height-default elementor-section-height-default wpr-particle-no wpr-jarallax-no wpr-parallax-no wpr-sticky-section-no\" data-id=\"0b4265f\" data-element_type=\"section\">\n\t\t\t\t\t\t<div class=\"elementor-container elementor-column-gap-default\">\n\t\t\t\t\t<div class=\"elementor-column elementor-col-100 elementor-top-column elementor-element elementor-element-39e8d2b\" data-id=\"39e8d2b\" data-element_type=\"column\">\n\t\t\t<div class=\"elementor-widget-wrap elementor-element-populated\">\n\t\t\t\t\t\t\t\t<div class=\"elementor-element elementor-element-4f055bd elementor-widget elementor-widget-image\" data-id=\"4f055bd\" data-element_type=\"widget\" data-widget_type=\"image.default\">\n\t\t\t\t<div class=\"elementor-widget-container\">\n\t\t\t\t\t\t\t\t\t\t\t\t<figure class=\"wp-caption\">\n\t\t\t\t\t\t\t\t\t\t<img width=\"1024\" height=\"576\" src=\"https:\/\/tepish.net\/fanbage\/wp-content\/uploads\/2023\/05\/TSH-1024x576.png\" class=\"attachment-large size-large wp-image-45\" alt=\"\" decoding=\"async\" loading=\"lazy\" srcset=\"https:\/\/tepish.net\/fanbage\/wp-content\/uploads\/2023\/05\/TSH-1024x576.png 1024w, https:\/\/tepish.net\/fanbage\/wp-content\/uploads\/2023\/05\/TSH-300x169.png 300w, https:\/\/tepish.net\/fanbage\/wp-content\/uploads\/2023\/05\/TSH-768x432.png 768w, https:\/\/tepish.net\/fanbage\/wp-content\/uploads\/2023\/05\/TSH-1536x864.png 1536w, https:\/\/tepish.net\/fanbage\/wp-content\/uploads\/2023\/05\/TSH-1170x658.png 1170w, https:\/\/tepish.net\/fanbage\/wp-content\/uploads\/2023\/05\/TSH.png 1920w\" sizes=\"(max-width: 1024px) 100vw, 1024px\" \/>\t\t\t\t\t\t\t\t\t\t\t<figcaption class=\"widget-image-caption wp-caption-text\">T\u00e4m\u00e4 kuva on omia Blender faniteoksia aiheesta Taru Sormusten Herrasta<\/figcaption>\n\t\t\t\t\t\t\t\t\t\t<\/figure>\n\t\t\t\t\t\t\t\t\t<\/div>\n\t\t\t\t<\/div>\n\t\t\t\t\t<\/div>\n\t\t<\/div>\n\t\t\t\t\t\t\t<\/div>\n\t\t<\/section>\n\t\t\t\t\t\t\t<\/div>\n\t\t","protected":false},"excerpt":{"rendered":"<p>Taru Sormusten Herrasta The Lord of the rings Taru sormusten herrasta on asia, jota kutsun ensirakkaudeksi. Olen ollut jotain suunnilleen 10 vanha 1980-luvulla, kun kinokopla\u00a0esitti ohjelmistossaan Ralph Bakshin piiretyn elokuvan nimelt\u00e4\u00e4n &#8220;Taru Sormusten Herrasta&#8221;. Harva likemp\u00e4n\u00e4 2000 tai j\u00e4lkeen syntynyt tuntee muita, kuin Peter Jacksonin version, mutta tuolloin jo vanha elokuva, joka oli ilmestynyt 1978 [&hellip;]<\/p>\n","protected":false},"author":1,"featured_media":0,"parent":0,"menu_order":0,"comment_status":"closed","ping_status":"closed","template":"","meta":[],"_links":{"self":[{"href":"https:\/\/tepish.net\/fanbage\/index.php\/wp-json\/wp\/v2\/pages\/46"}],"collection":[{"href":"https:\/\/tepish.net\/fanbage\/index.php\/wp-json\/wp\/v2\/pages"}],"about":[{"href":"https:\/\/tepish.net\/fanbage\/index.php\/wp-json\/wp\/v2\/types\/page"}],"author":[{"embeddable":true,"href":"https:\/\/tepish.net\/fanbage\/index.php\/wp-json\/wp\/v2\/users\/1"}],"replies":[{"embeddable":true,"href":"https:\/\/tepish.net\/fanbage\/index.php\/wp-json\/wp\/v2\/comments?post=46"}],"version-history":[{"count":10,"href":"https:\/\/tepish.net\/fanbage\/index.php\/wp-json\/wp\/v2\/pages\/46\/revisions"}],"predecessor-version":[{"id":121,"href":"https:\/\/tepish.net\/fanbage\/index.php\/wp-json\/wp\/v2\/pages\/46\/revisions\/121"}],"wp:attachment":[{"href":"https:\/\/tepish.net\/fanbage\/index.php\/wp-json\/wp\/v2\/media?parent=46"}],"curies":[{"name":"wp","href":"https:\/\/api.w.org\/{rel}","templated":true}]}}