{"id":96,"date":"2024-08-06T13:38:25","date_gmt":"2024-08-06T13:38:25","guid":{"rendered":"https:\/\/tepish.net\/ggu\/forum\/"},"modified":"2025-09-06T07:29:20","modified_gmt":"2025-09-06T07:29:20","slug":"forum","status":"publish","type":"page","link":"https:\/\/tepish.net\/ggu\/forum\/","title":{"rendered":"Forum"},"content":{"rendered":"\n<p class=\"has-medium-font-size\"><strong>This is where all discussion and planning are taking place<\/strong><\/p>\n\n\n<div id=\"af-wrapper\"><div id=\"forum-header\"><div id=\"forum-navigation-mobile\"><a><span class=\"fas fa-bars\"><\/span>Valikko<\/a><\/div><span class=\"screen-reader-text\">Forum Navigation<\/span><div id=\"forum-navigation\"><a class=\"home-link\" href=\"https:\/\/tepish.net\/ggu\/forum\" target=\"_self\">Keskustelualue<\/a><a class=\"activity-link\" href=\"https:\/\/tepish.net\/ggu\/forum\/activity\/\" target=\"_self\">Toiminta<\/a><a class=\"login-link\" href=\"https:\/\/tepish.net\/ggu\/wp-login.php?redirect_to=https%3A%2F%2Ftepish.net%2Fggu%2Fwp-json%2Fwp%2Fv2%2Fpages%2F96\" target=\"_self\">Kirjautuminen<\/a><a class=\"register-link\" href=\"https:\/\/tepish.net\/ggu\/rekisteroidy\/\" target=\"_self\">Rekister\u00f6idy<\/a><\/div><div id=\"forum-search\"><span class=\"search-icon fas fa-search\"><\/span><form method=\"get\" action=\"https:\/\/tepish.net\/ggu\/forum\/search\/\"><input name=\"keywords\" type=\"search\" placeholder=\"Hae ...\" value=\"\"><\/form><\/div><div class=\"clear\"><\/div><\/div><div id=\"forum-breadcrumbs\" itemscope itemtype=\"http:\/\/schema.org\/BreadcrumbList\"><span class=\"screen-reader-text\">Forum breadcrumbs - You are here:<\/span><span class=\"breadcrumb-icon fas fa-home\"><\/span><span itemprop=\"itemListElement\" itemscope itemtype=\"https:\/\/schema.org\/ListItem\"><a itemprop=\"item\" href=\"https:\/\/tepish.net\/ggu\/forum\" title=\"main base\"><span itemprop=\"name\">main base<\/span><\/a><meta itemprop=\"position\" content=\"1\"><\/span><span class=\"breadcrumb-icon fas fa-chevron-right separator\"><\/span><\/div><h1 class=\"main-title main-title-\">main base<\/h1><div class=\"title-element\" id=\"forum-category-6\">ALL FOR TALKS - English conversation = official language in the community (everyone should be able to participate in this language)<span class=\"last-post-headline\">Viimeisin viesti<\/span><\/div><div class=\"content-container\"><div class=\"content-element forum\" id=\"forum-1\"><div class=\"forum-status read\"><i class=\"fas fa-comments\"><\/i><\/div><div class=\"forum-name\"><a class=\"forum-title\" href=\"https:\/\/tepish.net\/ggu\/forum\/forum\/ensimmainen-keskustelualue\/\">public talks<\/a><small class=\"forum-description\">Members talking anything over the universe<\/small><small class=\"forum-stats\">0 viestiketjua&nbsp;&middot;&nbsp;0 artikkelia<\/small><small class=\"forum-lastpost-small\"><small class=\"no-topics\">Ei viestiketjuja!<\/small><\/small><\/div><div class=\"forum-poster\"><small class=\"no-topics\">Ei viestiketjuja!<\/small><\/div><\/div><div class=\"content-element forum\" id=\"forum-13\"><div class=\"forum-status read\"><i class=\"fas fa-comments\"><\/i><\/div><div class=\"forum-name\"><a class=\"forum-title\" href=\"https:\/\/tepish.net\/ggu\/forum\/forum\/officers-announcement\/\">Officers announcement<\/a><small class=\"forum-description\">Here are announcements from officers or generals to all other gangers<\/small><small class=\"forum-stats\">0 viestiketjua&nbsp;&middot;&nbsp;0 artikkelia<\/small><small class=\"forum-lastpost-small\"><small class=\"no-topics\">Ei viestiketjuja!<\/small><\/small><\/div><div class=\"forum-poster\"><small class=\"no-topics\">Ei viestiketjuja!<\/small><\/div><\/div><\/div><div class=\"title-element\" id=\"forum-category-93\">Suggestions for TGG<span class=\"last-post-headline\">Viimeisin viesti<\/span><\/div><div class=\"content-container\"><div class=\"content-element forum\" id=\"forum-22\"><div class=\"forum-status read\"><i class=\"fas fa-comments\"><\/i><\/div><div class=\"forum-name\"><a class=\"forum-title\" href=\"https:\/\/tepish.net\/ggu\/forum\/forum\/suggest-a-new-game-for-play-on-gang\/\">Suggest a new GAME for play on gang<\/a><small class=\"forum-description\">Here every one can suggest new games to gang. New games are welcome to gang<\/small><small class=\"forum-stats\">0 viestiketjua&nbsp;&middot;&nbsp;0 artikkelia<\/small><small class=\"forum-lastpost-small\"><small class=\"no-topics\">Ei viestiketjuja!<\/small><\/small><\/div><div class=\"forum-poster\"><small class=\"no-topics\">Ei viestiketjuja!<\/small><\/div><\/div><div class=\"content-element forum\" id=\"forum-32\"><div class=\"forum-status read\"><i class=\"fas fa-comments\"><\/i><\/div><div class=\"forum-name\"><a class=\"forum-title\" href=\"https:\/\/tepish.net\/ggu\/forum\/forum\/suggest-a-new-feature-for-the-tgg-community\/\">suggest a new feature for the TGG community<\/a><small class=\"forum-description\">suggest a new feature for the TGG community - tepish will see if that possible implement in the community<\/small><small class=\"forum-stats\">0 viestiketjua&nbsp;&middot;&nbsp;0 artikkelia<\/small><small class=\"forum-lastpost-small\"><small class=\"no-topics\">Ei viestiketjuja!<\/small><\/small><\/div><div class=\"forum-poster\"><small class=\"no-topics\">Ei viestiketjuja!<\/small><\/div><\/div><div class=\"content-element forum\" id=\"forum-15\"><div class=\"forum-status read\"><i class=\"fas fa-comments\"><\/i><\/div><div class=\"forum-name\"><a class=\"forum-title\" href=\"https:\/\/tepish.net\/ggu\/forum\/forum\/suggest-a-promotion-or-reward\/\">Suggest a promotion or reward<\/a><small class=\"forum-description\">Every one can make suggest for these, in here this will go in the officers to make come a decision. (tepish can make arbitrary decisions over others. This is especially true if he has personally proven gangers bravery in games or community discussions)<\/small><small class=\"forum-stats\">0 viestiketjua&nbsp;&middot;&nbsp;0 artikkelia<\/small><small class=\"forum-lastpost-small\"><small class=\"no-topics\">Ei viestiketjuja!<\/small><\/small><\/div><div class=\"forum-poster\"><small class=\"no-topics\">Ei viestiketjuja!<\/small><\/div><\/div><\/div><div class=\"title-element\" id=\"forum-category-92\">All language forums<span class=\"last-post-headline\">Viimeisin viesti<\/span><\/div><div class=\"content-container\"><div class=\"content-element forum\" id=\"forum-7\"><div class=\"forum-status read\"><i class=\"fas fa-comments\"><\/i><\/div><div class=\"forum-name\"><a class=\"forum-title\" href=\"https:\/\/tepish.net\/ggu\/forum\/forum\/suggest-a-language-forum\/\">Suggest a new language forum<\/a><small class=\"forum-description\">If you want you own language section tell it here, remember all forums are under supervision, discussion against the rules is prohibited everywhere (including in your own language)<\/small><small class=\"forum-stats\">0 viestiketjua&nbsp;&middot;&nbsp;0 artikkelia<\/small><small class=\"forum-lastpost-small\"><small class=\"no-topics\">Ei viestiketjuja!<\/small><\/small><\/div><div class=\"forum-poster\"><small class=\"no-topics\">Ei viestiketjuja!<\/small><\/div><\/div><div class=\"content-element forum\" id=\"forum-6\"><div class=\"forum-status read\"><i class=\"fas fa-comments\"><\/i><\/div><div class=\"forum-name\"><a class=\"forum-title\" href=\"https:\/\/tepish.net\/ggu\/forum\/forum\/france\/\">France<\/a><small class=\"forum-description\">Discussion en fran\u00e7ais<\/small><small class=\"forum-stats\">0 viestiketjua&nbsp;&middot;&nbsp;0 artikkelia<\/small><small class=\"forum-lastpost-small\"><small class=\"no-topics\">Ei viestiketjuja!<\/small><\/small><small class=\"forum-subforums\"><b>Alakeskustelualueet:<\/b>&nbsp;<a href=\"https:\/\/tepish.net\/ggu\/forum\/forum\/planifiez-une-session-de-jeu-en-francais\/\">Planifiez une session de jeu en fran\u00e7ais<\/a>&nbsp;&middot;&nbsp;<a href=\"https:\/\/tepish.net\/ggu\/forum\/forum\/contact-avec-le-general-francais-correspondant\/\">Contact avec le g\u00e9n\u00e9ral fran\u00e7ais correspondant<\/a><\/small><\/div><div class=\"forum-poster\"><small class=\"no-topics\">Ei viestiketjuja!<\/small><\/div><\/div><div class=\"content-element forum\" id=\"forum-2\"><div class=\"forum-status unread\"><i class=\"fas fa-comments\"><\/i><\/div><div class=\"forum-name\"><a class=\"forum-title\" href=\"https:\/\/tepish.net\/ggu\/forum\/forum\/suomi\/\">Suomi<\/a><small class=\"forum-description\">Kaikille suomalaisille suomenkielinen alue<\/small><small class=\"forum-stats\">2 viestiketjua&nbsp;&middot;&nbsp;2 artikkelia<\/small><small class=\"forum-lastpost-small\">Last post:&nbsp;<a href=\"https:\/\/tepish.net\/ggu\/forum\/topic\/tama-alue-on-suomalisille-infoa-teille\/#postid-2\">T\u00e4m\u00e4 alue on suomalisille- INFOA T &#8230;<\/a>&nbsp;&middot;&nbsp;<a href=\"https:\/\/tepish.net\/ggu\/forum\/topic\/tama-alue-on-suomalisille-infoa-teille\/#postid-2\">7 kuukautta sitten<\/a>&nbsp;&middot;&nbsp;<a class=\"profile-link highlight-admin\" href=\"#\">kuusela.teppo<\/a><\/small><small class=\"forum-subforums\"><b>Alakeskustelualueet:<\/b>&nbsp;<a href=\"https:\/\/tepish.net\/ggu\/forum\/forum\/suomalaisten-yhteiset-peli-sessiot-suunnittele-taalla\/\">Suomalaisten yhteiset peli sessiot - suunnittele t\u00e4\u00e4ll\u00e4<\/a>&nbsp;&middot;&nbsp;<a href=\"https:\/\/tepish.net\/ggu\/forum\/forum\/yhteys-suomalaisten-kenraaliin-vastaava-larvanto-myos-tepish-saa-tietoa-taalla\/\">Yhteys suomalaisten kenraaliin (Vastaava Larvanto) - My\u00f6s tepish saa tietoa t\u00e4\u00e4ll\u00e4!<\/a>&nbsp;&middot;&nbsp;<a href=\"https:\/\/tepish.net\/ggu\/forum\/forum\/yhteys-yllapitoon\/\">Yhteys yll\u00e4pitoon<\/a><\/small><\/div><div class=\"forum-poster\"><div class=\"forum-poster-avatar\"><img alt='' src='https:\/\/tepish.net\/ggu\/wp-content\/uploads\/user_registration_uploads\/profile-pictures\/tepish-profile-2.png' srcset='https:\/\/tepish.net\/ggu\/wp-content\/uploads\/user_registration_uploads\/profile-pictures\/tepish-profile-2.png 2x' class='avatar avatar-40 photo' height='40' width='40' \/><\/div><div class=\"forum-poster-summary\"><a href=\"https:\/\/tepish.net\/ggu\/forum\/topic\/tama-alue-on-suomalisille-infoa-teille\/#postid-2\">T\u00e4m\u00e4 alue on suomalisille &#8230;<\/a><br><small><a href=\"https:\/\/tepish.net\/ggu\/forum\/topic\/tama-alue-on-suomalisille-infoa-teille\/#postid-2\">7 kuukautta sitten<\/a><span>&nbsp;&middot;&nbsp;<\/span><a class=\"profile-link highlight-admin\" href=\"#\">kuusela.teppo<\/a><\/small><\/div><\/div><\/div><div class=\"content-element forum\" id=\"forum-23\"><div class=\"forum-status read\"><i class=\"fas fa-comments\"><\/i><\/div><div class=\"forum-name\"><a class=\"forum-title\" href=\"https:\/\/tepish.net\/ggu\/forum\/forum\/swedish-forums\/\">Swedish forums<\/a><small class=\"forum-description\">All diskussion p\u00e5 svenska<\/small><small class=\"forum-stats\">0 viestiketjua&nbsp;&middot;&nbsp;0 artikkelia<\/small><small class=\"forum-lastpost-small\"><small class=\"no-topics\">Ei viestiketjuja!<\/small><\/small><small class=\"forum-subforums\"><b>Alakeskustelualueet:<\/b>&nbsp;<a href=\"https:\/\/tepish.net\/ggu\/forum\/forum\/koppling-till-den-svenske-generalen\/\">Koppling till den svenske generalen<\/a>&nbsp;&middot;&nbsp;<a href=\"https:\/\/tepish.net\/ggu\/forum\/forum\/planera-en-svensk-spelsession\/\">Planera en svensk spelsession<\/a><\/small><\/div><div class=\"forum-poster\"><small class=\"no-topics\">Ei viestiketjuja!<\/small><\/div><\/div><\/div><div id=\"read-unread\"><span class=\"indicator unread\"><\/span><span class=\"indicator-label\">Uudet viestit<\/span><span class=\"indicator read\"><\/span><span class=\"indicator-label\">Ei mit\u00e4\u00e4n uutta<\/span><span class=\"indicator-label\"><span class=\"fas fa-check\"><\/span><a href=\"https:\/\/tepish.net\/ggu\/forum\/markallread\/?_wpnonce=e3c621876a\">Merkitse kaikki luetuiksi<\/a><\/span><span class=\"indicator-label\"><span class=\"fas fa-history\"><\/span><a href=\"https:\/\/tepish.net\/ggu\/forum\/unread\/\">Show Unread Topics<\/a><\/span><div class=\"clear\"><\/div><\/div><div id=\"statistics\"><div class=\"title-element title-element-dark\"><span class=\"title-element-icon fas fa-chart-pie\"><\/span>Tilastot<\/div><div id=\"statistics-body\"><div id=\"statistics-elements\"><div class=\"statistics-element\"><div class=\"element-number\"><span class=\"statistics-element-icon far fa-comments\"><\/span>10<\/div><div class=\"element-name\">Viestiketjut<\/div><\/div><div class=\"statistics-element\"><div class=\"element-number\"><span class=\"statistics-element-icon far fa-comment\"><\/span>10<\/div><div class=\"element-name\">Viestej\u00e4:<\/div><\/div><div class=\"statistics-element\"><div class=\"element-number\"><span class=\"statistics-element-icon far fa-eye\"><\/span>24<\/div><div class=\"element-name\">N\u00e4yt\u00e4<\/div><\/div><div class=\"statistics-element\"><div class=\"element-number\"><span class=\"statistics-element-icon far fa-user\"><\/span>4<\/div><div class=\"element-name\">K\u00e4ytt\u00e4j\u00e4t<\/div><\/div><div class=\"statistics-element\"><div class=\"element-number\"><span class=\"statistics-element-icon far fa-lightbulb\"><\/span>0<\/div><div class=\"element-name\">Sis\u00e4\u00e4nkirjautunut<\/div><\/div><\/div><div id=\"statistics-online-users\"><span class=\"online-users-icon fas fa-user\"><\/span>Uusin j\u00e4sen:&nbsp;<i><a class=\"profile-link highlight-admin\" href=\"#\">Lauri<\/a><\/i>&nbsp;&middot;&nbsp;<span class=\"online-users-icon fas fa-users\"><\/span><i>T\u00e4ll\u00e4 hetkell\u00e4 kukaan ei ole sis\u00e4\u00e4nkirjautuneena.<\/i><\/div><\/div><div class=\"clear\"><\/div><\/div><div id=\"bottom-navigation\"><\/div><div class=\"clear\"><\/div><\/div>","protected":false},"excerpt":{"rendered":"<p>This is where all discussion and planning are taking place<\/p>\n","protected":false},"author":1,"featured_media":0,"parent":0,"menu_order":0,"comment_status":"closed","ping_status":"closed","template":"","meta":{"footnotes":""},"class_list":["post-96","page","type-page","status-publish","hentry"],"_links":{"self":[{"href":"https:\/\/tepish.net\/ggu\/wp-json\/wp\/v2\/pages\/96","targetHints":{"allow":["GET"]}}],"collection":[{"href":"https:\/\/tepish.net\/ggu\/wp-json\/wp\/v2\/pages"}],"about":[{"href":"https:\/\/tepish.net\/ggu\/wp-json\/wp\/v2\/types\/page"}],"author":[{"embeddable":true,"href":"https:\/\/tepish.net\/ggu\/wp-json\/wp\/v2\/users\/1"}],"replies":[{"embeddable":true,"href":"https:\/\/tepish.net\/ggu\/wp-json\/wp\/v2\/comments?post=96"}],"version-history":[{"count":1,"href":"https:\/\/tepish.net\/ggu\/wp-json\/wp\/v2\/pages\/96\/revisions"}],"predecessor-version":[{"id":180,"href":"https:\/\/tepish.net\/ggu\/wp-json\/wp\/v2\/pages\/96\/revisions\/180"}],"wp:attachment":[{"href":"https:\/\/tepish.net\/ggu\/wp-json\/wp\/v2\/media?parent=96"}],"curies":[{"name":"wp","href":"https:\/\/api.w.org\/{rel}","templated":true}]}}