{"id":191,"date":"2023-04-14T15:22:10","date_gmt":"2023-04-14T12:22:10","guid":{"rendered":"https:\/\/tepish.net\/portal\/?page_id=191"},"modified":"2026-02-23T17:12:13","modified_gmt":"2026-02-23T15:12:13","slug":"osaaja","status":"publish","type":"page","link":"https:\/\/tepish.net\/portal\/osaaja\/","title":{"rendered":"osaaja"},"content":{"rendered":"\t\t<div data-elementor-type=\"wp-page\" data-elementor-id=\"191\" class=\"elementor elementor-191\">\n\t\t\t\t\t\t<section class=\"elementor-section elementor-top-section elementor-element elementor-element-53c2f47 elementor-section-boxed elementor-section-height-default elementor-section-height-default\" data-id=\"53c2f47\" data-element_type=\"section\" data-settings=\"{&quot;background_background&quot;:&quot;slideshow&quot;,&quot;background_slideshow_gallery&quot;:[{&quot;id&quot;:344,&quot;url&quot;:&quot;https:\\\/\\\/tepish.net\\\/portal\\\/wp-content\\\/uploads\\\/2025\\\/06\\\/PORTAL3-0.png&quot;},{&quot;id&quot;:357,&quot;url&quot;:&quot;https:\\\/\\\/tepish.net\\\/portal\\\/wp-content\\\/uploads\\\/2026\\\/02\\\/tepish-net-offi2026-2.png&quot;}],&quot;background_slideshow_loop&quot;:&quot;yes&quot;,&quot;background_slideshow_slide_duration&quot;:5000,&quot;background_slideshow_slide_transition&quot;:&quot;fade&quot;,&quot;background_slideshow_transition_duration&quot;:500}\">\n\t\t\t\t\t\t<div class=\"elementor-container elementor-column-gap-default\">\n\t\t\t\t\t<div class=\"elementor-column elementor-col-100 elementor-top-column elementor-element elementor-element-b33b19f\" data-id=\"b33b19f\" data-element_type=\"column\">\n\t\t\t<div class=\"elementor-widget-wrap elementor-element-populated\">\n\t\t\t\t\t\t<div class=\"elementor-element elementor-element-41b2264 elementor-widget elementor-widget-image\" data-id=\"41b2264\" data-element_type=\"widget\" data-widget_type=\"image.default\">\n\t\t\t\t<div class=\"elementor-widget-container\">\n\t\t\t\t\t\t\t\t\t\t\t\t\t<img decoding=\"async\" width=\"300\" height=\"136\" src=\"https:\/\/tepish.net\/portal\/wp-content\/uploads\/2023\/04\/OSAA-raaka-2-300x136.png\" class=\"attachment-medium size-medium wp-image-159\" alt=\"\" srcset=\"https:\/\/tepish.net\/portal\/wp-content\/uploads\/2023\/04\/OSAA-raaka-2-300x136.png 300w, https:\/\/tepish.net\/portal\/wp-content\/uploads\/2023\/04\/OSAA-raaka-2-1024x463.png 1024w, https:\/\/tepish.net\/portal\/wp-content\/uploads\/2023\/04\/OSAA-raaka-2-768x348.png 768w, https:\/\/tepish.net\/portal\/wp-content\/uploads\/2023\/04\/OSAA-raaka-2.png 1392w\" sizes=\"(max-width: 300px) 100vw, 300px\" \/>\t\t\t\t\t\t\t\t\t\t\t\t\t<\/div>\n\t\t\t\t<\/div>\n\t\t\t\t<div class=\"elementor-element elementor-element-6630842 elementor-widget-divider--view-line_icon elementor-widget-divider--separator-type-pattern elementor-widget-divider--no-spacing elementor-view-default elementor-widget-divider--element-align-center elementor-widget elementor-widget-divider\" data-id=\"6630842\" data-element_type=\"widget\" data-widget_type=\"divider.default\">\n\t\t\t\t<div class=\"elementor-widget-container\">\n\t\t\t\t\t<div class=\"elementor-divider\" style=\"--divider-pattern-url: url(&quot;data:image\/svg+xml,%3Csvg xmlns=&#039;http:\/\/www.w3.org\/2000\/svg&#039; preserveAspectRatio=&#039;xMidYMid meet&#039; overflow=&#039;visible&#039; height=&#039;100%&#039; viewBox=&#039;0 0 120 26&#039; fill=&#039;black&#039; stroke=&#039;none&#039;%3E%3Cpath d=&#039;M54,1.6V26h-9V2.5L54,1.6z M69,1.6v23.3L60,26V1.6H69z M24,1.6v23.5l-9-0.6V1.6H24z M30,0l9,0.7v24.5h-9V0z M9,2.5v22H0V3.7L9,2.5z M75,1.6l9,0.9v22h-9V1.6z M99,2.7v21.7h-9V3.8L99,2.7z M114,3.8v20.7l-9-0.5V3.8L114,3.8z&#039;\/%3E%3C\/svg%3E&quot;);\">\n\t\t\t<span class=\"elementor-divider-separator\">\n\t\t\t\t\t\t\t<div class=\"elementor-icon elementor-divider__element\">\n\t\t\t\t\t<i aria-hidden=\"true\" class=\"fas fa-camera\"><\/i><\/div>\n\t\t\t\t\t\t<\/span>\n\t\t<\/div>\n\t\t\t\t<\/div>\n\t\t\t\t<\/div>\n\t\t\t\t<div class=\"elementor-element elementor-element-5a5adce elementor-widget-divider--view-line_text elementor-widget-divider--separator-type-pattern elementor-widget-divider--no-spacing elementor-widget-divider--element-align-center elementor-widget elementor-widget-divider\" data-id=\"5a5adce\" data-element_type=\"widget\" data-widget_type=\"divider.default\">\n\t\t\t\t<div class=\"elementor-widget-container\">\n\t\t\t\t\t<div class=\"elementor-divider\" style=\"--divider-pattern-url: url(&quot;data:image\/svg+xml,%3Csvg xmlns=&#039;http:\/\/www.w3.org\/2000\/svg&#039; preserveAspectRatio=&#039;xMidYMid meet&#039; overflow=&#039;visible&#039; height=&#039;100%&#039; viewBox=&#039;0 0 126 26&#039; fill=&#039;black&#039; stroke=&#039;none&#039;%3E%3Cpath d=&#039;M111.9,18.3v3.4H109v-3.4H111.9z M90.8,18.3v3.4H88v-3.4H90.8z M69.8,18.3v3.4h-2.9v-3.4H69.8z M48.8,18.3v3.4h-2.9v-3.4H48.8z M27.7,18.3v3.4h-2.9v-3.4H27.7z M6.7,18.3v3.4H3.8v-3.4H6.7z M46.4,4l4.3,4.8l-1.8,0l3.5,4.4l-2.2-0.1l3,3.3l-11,0.4l3.6-3.8l-2.9-0.1l3.1-4.2l-1.9,0L46.4,4z M111.4,4l2.4,4.8l-1.8,0l3.5,4.4l-2.5-0.1l3.3,3.3h-11l3.1-3.4l-2.5-0.1l3.1-4.2l-1.9,0L111.4,4z M89.9,4l2.9,4.8l-1.9,0l3.2,4.2l-2.5,0l3.5,3.5l-11-0.4l3-3.1l-2.4,0L88,8.8l-1.9,0L89.9,4z M68.6,4l3,4.4l-1.9,0.1l3.4,4.1l-2.7,0.1l3.8,3.7H63.8l2.9-3.6l-2.9,0.1L67,8.7l-2,0.1L68.6,4z M26.5,4l3,4.4l-1.9,0.1l3.7,4.7l-2.5-0.1l3.3,3.3H21l3.1-3.4l-2.5-0.1l3.2-4.3l-2,0.1L26.5,4z M4.9,4l3.7,4.8l-1.5,0l3.1,4.2L7.6,13l3.4,3.4H0l3-3.3l-2.3,0.1l3.5-4.4l-2.3,0L4.9,4z&#039;\/%3E%3C\/svg%3E&quot;);\">\n\t\t\t<span class=\"elementor-divider-separator\">\n\t\t\t\t\t\t\t<span class=\"elementor-divider__text elementor-divider__element\">\n\t\t\t\tValokuvaaja\t\t\t\t<\/span>\n\t\t\t\t\t\t<\/span>\n\t\t<\/div>\n\t\t\t\t<\/div>\n\t\t\t\t<\/div>\n\t\t\t\t<section class=\"elementor-section elementor-inner-section elementor-element elementor-element-23e20d8 elementor-section-boxed elementor-section-height-default elementor-section-height-default\" data-id=\"23e20d8\" data-element_type=\"section\">\n\t\t\t\t\t\t<div class=\"elementor-container elementor-column-gap-default\">\n\t\t\t\t\t<div class=\"elementor-column elementor-col-50 elementor-inner-column elementor-element elementor-element-89454a3\" data-id=\"89454a3\" data-element_type=\"column\">\n\t\t\t<div class=\"elementor-widget-wrap elementor-element-populated\">\n\t\t\t\t\t\t<div class=\"elementor-element elementor-element-cac48cc elementor-widget elementor-widget-image\" data-id=\"cac48cc\" data-element_type=\"widget\" data-widget_type=\"image.default\">\n\t\t\t\t<div class=\"elementor-widget-container\">\n\t\t\t\t\t\t\t\t\t\t<figure class=\"wp-caption\">\n\t\t\t\t\t\t\t\t\t\t\t<a href=\"https:\/\/tepish.net\/valokuvaaja\/\">\n\t\t\t\t\t\t\t<img fetchpriority=\"high\" decoding=\"async\" width=\"640\" height=\"277\" src=\"https:\/\/tepish.net\/portal\/wp-content\/uploads\/2023\/04\/VALOKUVA-raaka-2-1024x443.png\" class=\"attachment-large size-large wp-image-195\" alt=\"\" srcset=\"https:\/\/tepish.net\/portal\/wp-content\/uploads\/2023\/04\/VALOKUVA-raaka-2-1024x443.png 1024w, https:\/\/tepish.net\/portal\/wp-content\/uploads\/2023\/04\/VALOKUVA-raaka-2-300x130.png 300w, https:\/\/tepish.net\/portal\/wp-content\/uploads\/2023\/04\/VALOKUVA-raaka-2-768x332.png 768w, https:\/\/tepish.net\/portal\/wp-content\/uploads\/2023\/04\/VALOKUVA-raaka-2.png 1248w\" sizes=\"(max-width: 640px) 100vw, 640px\" \/>\t\t\t\t\t\t\t\t<\/a>\n\t\t\t\t\t\t\t\t\t\t\t<figcaption class=\"widget-image-caption wp-caption-text\"><\/figcaption>\n\t\t\t\t\t\t\t\t\t\t<\/figure>\n\t\t\t\t\t\t\t<\/div>\n\t\t\t\t<\/div>\n\t\t\t\t\t<\/div>\n\t\t<\/div>\n\t\t\t\t<div class=\"elementor-column elementor-col-50 elementor-inner-column elementor-element elementor-element-2f847ed\" data-id=\"2f847ed\" data-element_type=\"column\">\n\t\t\t<div class=\"elementor-widget-wrap\">\n\t\t\t\t\t\t\t<\/div>\n\t\t<\/div>\n\t\t\t\t\t<\/div>\n\t\t<\/section>\n\t\t\t\t<div class=\"elementor-element elementor-element-d92db1b elementor-widget-divider--view-line_text elementor-widget-divider--separator-type-pattern elementor-widget-divider--no-spacing elementor-widget-divider--element-align-center elementor-widget elementor-widget-divider\" data-id=\"d92db1b\" data-element_type=\"widget\" data-widget_type=\"divider.default\">\n\t\t\t\t<div class=\"elementor-widget-container\">\n\t\t\t\t\t<div class=\"elementor-divider\" style=\"--divider-pattern-url: url(&quot;data:image\/svg+xml,%3Csvg xmlns=&#039;http:\/\/www.w3.org\/2000\/svg&#039; preserveAspectRatio=&#039;xMidYMid meet&#039; overflow=&#039;visible&#039; height=&#039;100%&#039; viewBox=&#039;0 0 126 26&#039; fill=&#039;black&#039; stroke=&#039;none&#039;%3E%3Cpath d=&#039;M10.7,6l2.5,2.6l-4,4.3l4,5.4l-2.5,1.9l-4.5-5.2l-3.9,4.2L0.7,17L4,13.1L0,8.6l2.3-1.3l3.9,3.9L10.7,6z M23.9,6.6l4.2,4.5L32,7.2l2.3,1.3l-4,4.5l3.2,3.9L32,19.1l-3.9-3.3l-4.5,4.3l-2.5-1.9l4.4-5.1l-4.2-3.9L23.9,6.6zM73.5,6L76,8.6l-4,4.3l4,5.4l-2.5,1.9l-4.5-5.2l-3.9,4.2L63.5,17l4.1-4.7L63.5,8l2.3-1.3l4.1,3.6L73.5,6z M94,6l2.5,2.6l-4,4.3l4,5.4L94,20.1l-3.9-5l-3.9,4.2L84,17l3.2-3.9L84,8.6l2.3-1.3l3.2,3.9L94,6z M106.9,6l4.5,5.1l3.9-3.9l2.3,1.3l-4,4.5l3.2,3.9l-1.6,2.1l-3.9-4.2l-4.5,5.2l-2.5-1.9l4-5.4l-4-4.3L106.9,6z M53.1,6l2.5,2.6l-4,4.3l4,4.6l-2.5,1.9l-4.5-4.5l-3.5,4.5L43.1,17l3.2-3.9l-4-4.5l2.3-1.3l3.9,3.9L53.1,6z&#039;\/%3E%3C\/svg%3E&quot;);\">\n\t\t\t<span class=\"elementor-divider-separator\">\n\t\t\t\t\t\t\t<span class=\"elementor-divider__text elementor-divider__element\">\n\t\t\t\tEP\u00c4KUNNOSSA - Korjaus my\u00f6hemmin\t\t\t\t<\/span>\n\t\t\t\t\t\t<\/span>\n\t\t<\/div>\n\t\t\t\t<\/div>\n\t\t\t\t<\/div>\n\t\t\t\t<section class=\"elementor-section elementor-inner-section elementor-element elementor-element-f2d1aa3 elementor-section-boxed elementor-section-height-default elementor-section-height-default\" data-id=\"f2d1aa3\" data-element_type=\"section\">\n\t\t\t\t\t\t<div class=\"elementor-container elementor-column-gap-default\">\n\t\t\t\t\t<div class=\"elementor-column elementor-col-33 elementor-inner-column elementor-element elementor-element-307a85a\" data-id=\"307a85a\" data-element_type=\"column\">\n\t\t\t<div class=\"elementor-widget-wrap elementor-element-populated\">\n\t\t\t\t\t\t<div class=\"elementor-element elementor-element-8157a2e elementor-widget elementor-widget-image\" data-id=\"8157a2e\" data-element_type=\"widget\" data-widget_type=\"image.default\">\n\t\t\t\t<div class=\"elementor-widget-container\">\n\t\t\t\t\t\t\t\t\t\t<figure class=\"wp-caption\">\n\t\t\t\t\t\t\t\t\t\t\t<a href=\"https:\/\/tepish.net\/tiete\/\">\n\t\t\t\t\t\t\t<img decoding=\"async\" width=\"640\" height=\"302\" src=\"https:\/\/tepish.net\/portal\/wp-content\/uploads\/2020\/12\/tiete-1024x483.png\" class=\"attachment-large size-large wp-image-40\" alt=\"\" srcset=\"https:\/\/tepish.net\/portal\/wp-content\/uploads\/2020\/12\/tiete-1024x483.png 1024w, https:\/\/tepish.net\/portal\/wp-content\/uploads\/2020\/12\/tiete-300x141.png 300w, https:\/\/tepish.net\/portal\/wp-content\/uploads\/2020\/12\/tiete-768x362.png 768w, https:\/\/tepish.net\/portal\/wp-content\/uploads\/2020\/12\/tiete-1536x724.png 1536w, https:\/\/tepish.net\/portal\/wp-content\/uploads\/2020\/12\/tiete-1568x739.png 1568w, https:\/\/tepish.net\/portal\/wp-content\/uploads\/2020\/12\/tiete.png 2007w\" sizes=\"(max-width: 640px) 100vw, 640px\" \/>\t\t\t\t\t\t\t\t<\/a>\n\t\t\t\t\t\t\t\t\t\t\t<figcaption class=\"widget-image-caption wp-caption-text\">EP\u00c4KUNNOSSA!<\/figcaption>\n\t\t\t\t\t\t\t\t\t\t<\/figure>\n\t\t\t\t\t\t\t<\/div>\n\t\t\t\t<\/div>\n\t\t\t\t\t<\/div>\n\t\t<\/div>\n\t\t\t\t<div class=\"elementor-column elementor-col-33 elementor-inner-column elementor-element elementor-element-67081dc\" data-id=\"67081dc\" data-element_type=\"column\">\n\t\t\t<div class=\"elementor-widget-wrap\">\n\t\t\t\t\t\t\t<\/div>\n\t\t<\/div>\n\t\t\t\t<div class=\"elementor-column elementor-col-33 elementor-inner-column elementor-element elementor-element-549efb8\" data-id=\"549efb8\" data-element_type=\"column\">\n\t\t\t<div class=\"elementor-widget-wrap elementor-element-populated\">\n\t\t\t\t\t\t<div class=\"elementor-element elementor-element-7941654 elementor-widget elementor-widget-image\" data-id=\"7941654\" data-element_type=\"widget\" data-widget_type=\"image.default\">\n\t\t\t\t<div class=\"elementor-widget-container\">\n\t\t\t\t\t\t\t\t\t\t<figure class=\"wp-caption\">\n\t\t\t\t\t\t\t\t\t\t\t<a href=\"http:\/\/tepish.xyz\/portfolio\/\">\n\t\t\t\t\t\t\t<img loading=\"lazy\" decoding=\"async\" width=\"640\" height=\"240\" src=\"https:\/\/tepish.net\/portal\/wp-content\/uploads\/2023\/04\/PF-raaka-2-1024x384.png\" class=\"attachment-large size-large wp-image-194\" alt=\"\" srcset=\"https:\/\/tepish.net\/portal\/wp-content\/uploads\/2023\/04\/PF-raaka-2-1024x384.png 1024w, https:\/\/tepish.net\/portal\/wp-content\/uploads\/2023\/04\/PF-raaka-2-300x112.png 300w, https:\/\/tepish.net\/portal\/wp-content\/uploads\/2023\/04\/PF-raaka-2-768x288.png 768w, https:\/\/tepish.net\/portal\/wp-content\/uploads\/2023\/04\/PF-raaka-2.png 1193w\" sizes=\"(max-width: 640px) 100vw, 640px\" \/>\t\t\t\t\t\t\t\t<\/a>\n\t\t\t\t\t\t\t\t\t\t\t<figcaption class=\"widget-image-caption wp-caption-text\">EP\u00c4KUNNOSSA<\/figcaption>\n\t\t\t\t\t\t\t\t\t\t<\/figure>\n\t\t\t\t\t\t\t<\/div>\n\t\t\t\t<\/div>\n\t\t\t\t\t<\/div>\n\t\t<\/div>\n\t\t\t\t\t<\/div>\n\t\t<\/section>\n\t\t\t\t\t<\/div>\n\t\t<\/div>\n\t\t\t\t\t<\/div>\n\t\t<\/section>\n\t\t\t\t<\/div>\n\t\t","protected":false},"excerpt":{"rendered":"<p>Valokuvaaja EP\u00c4KUNNOSSA &#8211; Korjaus my\u00f6hemmin EP\u00c4KUNNOSSA! EP\u00c4KUNNOSSA<\/p>\n","protected":false},"author":1,"featured_media":0,"parent":0,"menu_order":0,"comment_status":"closed","ping_status":"closed","template":"","meta":{"footnotes":""},"class_list":["post-191","page","type-page","status-publish","hentry"],"_links":{"self":[{"href":"https:\/\/tepish.net\/portal\/wp-json\/wp\/v2\/pages\/191","targetHints":{"allow":["GET"]}}],"collection":[{"href":"https:\/\/tepish.net\/portal\/wp-json\/wp\/v2\/pages"}],"about":[{"href":"https:\/\/tepish.net\/portal\/wp-json\/wp\/v2\/types\/page"}],"author":[{"embeddable":true,"href":"https:\/\/tepish.net\/portal\/wp-json\/wp\/v2\/users\/1"}],"replies":[{"embeddable":true,"href":"https:\/\/tepish.net\/portal\/wp-json\/wp\/v2\/comments?post=191"}],"version-history":[{"count":19,"href":"https:\/\/tepish.net\/portal\/wp-json\/wp\/v2\/pages\/191\/revisions"}],"predecessor-version":[{"id":391,"href":"https:\/\/tepish.net\/portal\/wp-json\/wp\/v2\/pages\/191\/revisions\/391"}],"wp:attachment":[{"href":"https:\/\/tepish.net\/portal\/wp-json\/wp\/v2\/media?parent=191"}],"curies":[{"name":"wp","href":"https:\/\/api.w.org\/{rel}","templated":true}]}}