{"id":9,"date":"2021-04-14T09:30:48","date_gmt":"2021-04-14T06:30:48","guid":{"rendered":"https:\/\/tepish.net\/tv\/?page_id=9"},"modified":"2023-05-10T18:51:11","modified_gmt":"2023-05-10T15:51:11","slug":"tama-sivusto-on-tepish-net-tv","status":"publish","type":"page","link":"https:\/\/tepish.net\/tv\/","title":{"rendered":"T\u00e4m\u00e4 sivusto on tepish.net TV"},"content":{"rendered":"\n<p>tepish.net TV toimii seuraavilla tavoilla<\/p>\n\n\n\n<p><a href=\"https:\/\/www.youtube.com\/channel\/UCzPm582J5dOu314U71hMS4g\">Youtubessa<\/a>: Nimikkeen tepish_net alla tullaan julkaisemaan a) leikattuja videoita b) peli striimej\u00e4, jos keksin sopivan vaihtoehdon Stadialle<\/p>\n\n\n\n<p>N\u00e4m\u00e4 videot tulevat t\u00e4lle sivulle linkattuina mik\u00e4li ovat tallennettuja videoja<\/p>\n\n\n\n<p><\/p>\n\n\n\n<hr class=\"wp-block-separator\"\/>\n\n\n\n<p><a href=\"https:\/\/www.twitch.tv\/\">https:\/\/www.twitch.tv\/<\/a> Olen tutustunut t\u00e4h\u00e4n alustaan ja todennut sen tubea laajemmaksi, kun puhutaan striimaamisesta. Saatan ottaa t\u00e4m\u00e4n alustan k\u00e4ytt\u00f6\u00f6n muihin, kuin stadia peleihin ja joihinkin muihin live striimeihin. (linkki vie twitch:n etusivulle, kunnes varmistan p\u00e4\u00e4t\u00f6kseni luomalla kanavat t\u00e4nne)<\/p>\n\n\n\n<p><a href=\"https:\/\/www.twitch.tv\/tepish_net\">tepish.net official Twitch kanava!!<\/a><\/p>\n\n\n\n<p>2023 on luotu kanava, mutta ohjelmistojen kanssa pit\u00e4\u00e4 viel\u00e4 hieman harjoitella ennen, kuin alan kunnolla striimaamaan. teen nyt OBS studiolla Blender juttuja, joiden kanssa harjoittelen ohjeman k\u00e4ytt\u00f6\u00e4.<\/p>\n","protected":false},"excerpt":{"rendered":"<p>tepish.net TV toimii seuraavilla tavoilla Youtubessa: Nimikkeen tepish_net alla tullaan julkaisemaan a) leikattuja videoita b) peli striimej\u00e4, jos keksin sopivan vaihtoehdon Stadialle N\u00e4m\u00e4 videot tulevat t\u00e4lle sivulle linkattuina mik\u00e4li ovat tallennettuja videoja https:\/\/www.twitch.tv\/ Olen tutustunut t\u00e4h\u00e4n alustaan ja todennut sen tubea laajemmaksi, kun puhutaan striimaamisesta. Saatan ottaa t\u00e4m\u00e4n alustan k\u00e4ytt\u00f6\u00f6n muihin, kuin stadia peleihin ja &hellip; <\/p>\n<p class=\"link-more\"><a href=\"https:\/\/tepish.net\/tv\/\" class=\"read-more\">Read More<span class=\"screen-reader-text\"> &#8220;T\u00e4m\u00e4 sivusto on tepish.net TV&#8221;<\/span><\/a><\/p>\n","protected":false},"author":1,"featured_media":0,"parent":0,"menu_order":0,"comment_status":"closed","ping_status":"closed","template":"","meta":[],"_links":{"self":[{"href":"https:\/\/tepish.net\/tv\/index.php\/wp-json\/wp\/v2\/pages\/9"}],"collection":[{"href":"https:\/\/tepish.net\/tv\/index.php\/wp-json\/wp\/v2\/pages"}],"about":[{"href":"https:\/\/tepish.net\/tv\/index.php\/wp-json\/wp\/v2\/types\/page"}],"author":[{"embeddable":true,"href":"https:\/\/tepish.net\/tv\/index.php\/wp-json\/wp\/v2\/users\/1"}],"replies":[{"embeddable":true,"href":"https:\/\/tepish.net\/tv\/index.php\/wp-json\/wp\/v2\/comments?post=9"}],"version-history":[{"count":3,"href":"https:\/\/tepish.net\/tv\/index.php\/wp-json\/wp\/v2\/pages\/9\/revisions"}],"predecessor-version":[{"id":67,"href":"https:\/\/tepish.net\/tv\/index.php\/wp-json\/wp\/v2\/pages\/9\/revisions\/67"}],"wp:attachment":[{"href":"https:\/\/tepish.net\/tv\/index.php\/wp-json\/wp\/v2\/media?parent=9"}],"curies":[{"name":"wp","href":"https:\/\/api.w.org\/{rel}","templated":true}]}}