{"id":9,"date":"2020-05-30T08:32:02","date_gmt":"2020-05-30T08:32:02","guid":{"rendered":"https:\/\/tepish.net\/valokuvaaja\/?page_id=9"},"modified":"2021-01-22T09:29:33","modified_gmt":"2021-01-22T09:29:33","slug":"etusivu","status":"publish","type":"page","link":"https:\/\/tepish.net\/valokuvaaja\/","title":{"rendered":"Etusivu"},"content":{"rendered":"\t\t<div data-elementor-type=\"wp-page\" data-elementor-id=\"9\" class=\"elementor elementor-9\" data-elementor-settings=\"[]\">\n\t\t\t\t\t\t<div class=\"elementor-inner\">\n\t\t\t\t\t\t\t<div class=\"elementor-section-wrap\">\n\t\t\t\t\t\t\t<section class=\"elementor-section elementor-top-section elementor-element elementor-element-4fff0b1 elementor-section-boxed elementor-section-height-default elementor-section-height-default\" data-id=\"4fff0b1\" data-element_type=\"section\">\n\t\t\t\t\t\t<div class=\"elementor-container elementor-column-gap-default\">\n\t\t\t\t\t\t\t<div class=\"elementor-row\">\n\t\t\t\t\t<div class=\"elementor-column elementor-col-100 elementor-top-column elementor-element elementor-element-eaac463\" data-id=\"eaac463\" data-element_type=\"column\">\n\t\t\t<div class=\"elementor-column-wrap elementor-element-populated\">\n\t\t\t\t\t\t\t<div class=\"elementor-widget-wrap\">\n\t\t\t\t\t\t<div class=\"elementor-element elementor-element-cd3f32d elementor-widget elementor-widget-heading\" data-id=\"cd3f32d\" data-element_type=\"widget\" data-widget_type=\"heading.default\">\n\t\t\t\t<div class=\"elementor-widget-container\">\n\t\t\t<h2 class=\"elementor-heading-title elementor-size-default\">Teppo Kuusela<br>Harrastelijavalokuvaaja<\/h2>\t\t<\/div>\n\t\t\t\t<\/div>\n\t\t\t\t<div class=\"elementor-element elementor-element-ab0f9e0 elementor-widget elementor-widget-text-editor\" data-id=\"ab0f9e0\" data-element_type=\"widget\" data-widget_type=\"text-editor.default\">\n\t\t\t\t<div class=\"elementor-widget-container\">\n\t\t\t\t\t<div class=\"elementor-text-editor elementor-clearfix\"><p><strong>SIVUSTON GALLERIAT P\u00c4IVITTYV\u00c4T PIKKUHILJAA, NIIN UUSILLA KUIN ARKISTOJENKIN KUVILLA!<\/strong><\/p><\/div>\n\t\t\t\t<\/div>\n\t\t\t\t<\/div>\n\t\t\t\t\t\t<\/div>\n\t\t\t\t\t<\/div>\n\t\t<\/div>\n\t\t\t\t\t\t\t\t<\/div>\n\t\t\t\t\t<\/div>\n\t\t<\/section>\n\t\t\t\t<section class=\"elementor-section elementor-top-section elementor-element elementor-element-ea5b679 elementor-section-boxed elementor-section-height-default elementor-section-height-default\" data-id=\"ea5b679\" data-element_type=\"section\">\n\t\t\t\t\t\t<div class=\"elementor-container elementor-column-gap-default\">\n\t\t\t\t\t\t\t<div class=\"elementor-row\">\n\t\t\t\t\t<div class=\"elementor-column elementor-col-100 elementor-top-column elementor-element elementor-element-b03ab72\" data-id=\"b03ab72\" data-element_type=\"column\">\n\t\t\t<div class=\"elementor-column-wrap elementor-element-populated\">\n\t\t\t\t\t\t\t<div class=\"elementor-widget-wrap\">\n\t\t\t\t\t\t<div class=\"elementor-element elementor-element-716a305 elementor-widget elementor-widget-text-editor\" data-id=\"716a305\" data-element_type=\"widget\" data-widget_type=\"text-editor.default\">\n\t\t\t\t<div class=\"elementor-widget-container\">\n\t\t\t\t\t<div class=\"elementor-text-editor elementor-clearfix\"><p>Aloittanut valokuvausharrastuksen jo 1980-luvulla, kun sain ensimm\u00e4iset kamerat ja 12 rullan filmin. My\u00f6hemmin filmit olivat enimm\u00e4kseen 24 ja 36 rullan filmej\u00e4 erilaisilla ISO herkkyyksill\u00e4.<\/p><p>Ensimm\u00e4isess\u00e4 kamerassa ei ollut mink\u00e4\u00e4nlaista zoom mahdollisuutta, mutta toinen kamera kykeni pieneen zoomiin. My\u00f6hemmin 2000-luvulla digitaali kamerassa oli digitaalinen zoom, mutta kunnolla kuvaamaan p\u00e4\u00e4sin vasta 2010-luvulla, kun sain j\u00e4rjestelm\u00e4kameran ja t\u00e4ss\u00e4 objektiivissa jonkin verran mahdollisuuksia. Hieman my\u00f6hemmin sain hankittua 70-300 mm objektiivin, jossa my\u00f6s macro mahdollisuus, jonka kanssa ollut suhteellisen hyv\u00e4 kuvata.<\/p><p>Luontoa olen aina tyk\u00e4nnyt kuvata ja se on edelleenkin lempi kohde. Olen my\u00f6s kuvannut tapahtumia, joissa kamera on mukana ollut. My\u00f6s erilaisia sukujuhlia olen kuvannut alkaen 1980-luvulta, mutta kuvia n\u00e4ist\u00e4 en t\u00e4\u00e4ll\u00e4 julkaise.<\/p><\/div>\n\t\t\t\t<\/div>\n\t\t\t\t<\/div>\n\t\t\t\t\t\t<\/div>\n\t\t\t\t\t<\/div>\n\t\t<\/div>\n\t\t\t\t\t\t\t\t<\/div>\n\t\t\t\t\t<\/div>\n\t\t<\/section>\n\t\t\t\t\t\t<\/div>\n\t\t\t\t\t\t<\/div>\n\t\t\t\t\t<\/div>\n\t\t","protected":false},"excerpt":{"rendered":"<p>Teppo KuuselaHarrastelijavalokuvaaja SIVUSTON GALLERIAT P\u00c4IVITTYV\u00c4T PIKKUHILJAA, NIIN UUSILLA KUIN ARKISTOJENKIN KUVILLA! Aloittanut valokuvausharrastuksen jo 1980-luvulla, kun sain ensimm\u00e4iset kamerat ja 12 rullan filmin. My\u00f6hemmin filmit olivat enimm\u00e4kseen 24 ja 36 rullan filmej\u00e4 erilaisilla ISO herkkyyksill\u00e4. Ensimm\u00e4isess\u00e4 kamerassa ei ollut mink\u00e4\u00e4nlaista zoom mahdollisuutta, mutta toinen kamera kykeni pieneen zoomiin. My\u00f6hemmin 2000-luvulla digitaali kamerassa oli digitaalinen zoom, [&hellip;]<\/p>\n","protected":false},"author":1,"featured_media":0,"parent":0,"menu_order":0,"comment_status":"closed","ping_status":"closed","template":"","meta":[],"_links":{"self":[{"href":"https:\/\/tepish.net\/valokuvaaja\/index.php\/wp-json\/wp\/v2\/pages\/9"}],"collection":[{"href":"https:\/\/tepish.net\/valokuvaaja\/index.php\/wp-json\/wp\/v2\/pages"}],"about":[{"href":"https:\/\/tepish.net\/valokuvaaja\/index.php\/wp-json\/wp\/v2\/types\/page"}],"author":[{"embeddable":true,"href":"https:\/\/tepish.net\/valokuvaaja\/index.php\/wp-json\/wp\/v2\/users\/1"}],"replies":[{"embeddable":true,"href":"https:\/\/tepish.net\/valokuvaaja\/index.php\/wp-json\/wp\/v2\/comments?post=9"}],"version-history":[{"count":7,"href":"https:\/\/tepish.net\/valokuvaaja\/index.php\/wp-json\/wp\/v2\/pages\/9\/revisions"}],"predecessor-version":[{"id":900,"href":"https:\/\/tepish.net\/valokuvaaja\/index.php\/wp-json\/wp\/v2\/pages\/9\/revisions\/900"}],"wp:attachment":[{"href":"https:\/\/tepish.net\/valokuvaaja\/index.php\/wp-json\/wp\/v2\/media?parent=9"}],"curies":[{"name":"wp","href":"https:\/\/api.w.org\/{rel}","templated":true}]}}